{"id":6259,"date":"2024-12-18T16:05:28","date_gmt":"2024-12-18T15:05:28","guid":{"rendered":"https:\/\/tienda.pujolclima.com\/?post_type=product&#038;p=6259"},"modified":"2026-03-24T14:02:32","modified_gmt":"2026-03-24T13:02:32","slug":"aire-acondicionado-kosner-multisplit-pared-r-32-ksti-nova-3x1-999","status":"publish","type":"product","link":"https:\/\/tienda.pujolclima.com\/en\/product\/aire-acondicionado-kosner-multisplit-pared-r-32-ksti-nova-3x1-999\/","title":{"rendered":"Kosner multisplit wall air conditioning R-32 KSTi NOVA 3X1 9+9+9"},"content":{"rendered":"<p><strong>Kosner Air Conditioning \u2013 Three Indoor Unit System<\/strong><\/p>\n<p>Air-condition up to three spaces efficiently and comfortably with the Kosner triple-unit indoor air conditioner. Designed to offer exceptional performance, this model is ideal for homes or offices that require air conditioning in several rooms.<\/p>\n<h3>Main features:<\/h3>\n<ul>\n<li><strong>Total number of indoor units<\/strong>: 3<\/li>\n<li><strong>Nominal cooling capacity<\/strong>: 2.638 W per unit<\/li>\n<li><strong>Nominal heating capacity<\/strong>: 2.931 W per unit<\/li>\n<li><strong>Type of coolant<\/strong>: R-32, ecological and efficient.<\/li>\n<\/ul>\n<h3>Design and functionality:<\/h3>\n<ul>\n<li><strong>Connection voltage<\/strong>: 220\/240 V<\/li>\n<li>It allows you to air condition three rooms simultaneously, with optimal performance in each space.<\/li>\n<li>Modern and compact design that easily integrates into any environment.<\/li>\n<\/ul>\n<p>The Kosner triple indoor unit air conditioning system offers a versatile and efficient solution for multiple rooms. With advanced technology and a functional design, it is the perfect choice to maximize comfort in your home or workplace.<\/p>","protected":false},"excerpt":{"rendered":"<p>Aire Acondicionado Kosner &#8211; Sistema de Tres Unidades Interiores Climatiza hasta tres espacios de forma eficiente y c\u00f3moda con el aire acondicionado Kosner de triple unidad interior. Dise\u00f1ado para ofrecer un rendimiento excepcional, este modelo es ideal para hogares u oficinas que requieren climatizaci\u00f3n en varias estancias. Caracter\u00edsticas principales: N\u00famero total de unidades interiores: 3&#8230;<\/p>","protected":false},"featured_media":6260,"comment_status":"closed","ping_status":"closed","template":"","meta":{"_kad_blocks_custom_css":"","_kad_blocks_head_custom_js":"","_kad_blocks_body_custom_js":"","_kad_blocks_footer_custom_js":"","_kad_post_transparent":"default","_kad_post_title":"","_kad_post_layout":"default","_kad_post_sidebar_id":"","_kad_post_content_style":"default","_kad_post_vertical_padding":"default","_kad_post_feature":"","_kad_post_feature_position":"","_kad_post_header":false,"_kad_post_footer":false,"_joinchat":[]},"product_brand":[],"product_cat":[283,242],"product_tag":[],"class_list":{"0":"post-6259","1":"product","2":"type-product","3":"status-publish","4":"has-post-thumbnail","6":"product_cat-split-3x1","7":"product_cat-splits","9":"first","10":"instock","11":"taxable","12":"shipping-taxable","13":"product-type-external","14":"add-to-wishlist-before_image","15":"entry","16":"content-bg","17":"loop-entry"},"taxonomy_info":{"product_cat":[{"value":283,"label":"Split 3x1"},{"value":242,"label":"Splits"}]},"featured_image_src_large":["https:\/\/tienda.pujolclima.com\/wp-content\/uploads\/2024\/12\/kosner3x1-1024x1024.webp",1024,1024,true],"author_info":[],"comment_info":0,"_links":{"self":[{"href":"https:\/\/tienda.pujolclima.com\/en\/wp-json\/wp\/v2\/product\/6259","targetHints":{"allow":["GET"]}}],"collection":[{"href":"https:\/\/tienda.pujolclima.com\/en\/wp-json\/wp\/v2\/product"}],"about":[{"href":"https:\/\/tienda.pujolclima.com\/en\/wp-json\/wp\/v2\/types\/product"}],"replies":[{"embeddable":true,"href":"https:\/\/tienda.pujolclima.com\/en\/wp-json\/wp\/v2\/comments?post=6259"}],"wp:featuredmedia":[{"embeddable":true,"href":"https:\/\/tienda.pujolclima.com\/en\/wp-json\/wp\/v2\/media\/6260"}],"wp:attachment":[{"href":"https:\/\/tienda.pujolclima.com\/en\/wp-json\/wp\/v2\/media?parent=6259"}],"wp:term":[{"taxonomy":"product_brand","embeddable":true,"href":"https:\/\/tienda.pujolclima.com\/en\/wp-json\/wp\/v2\/product_brand?post=6259"},{"taxonomy":"product_cat","embeddable":true,"href":"https:\/\/tienda.pujolclima.com\/en\/wp-json\/wp\/v2\/product_cat?post=6259"},{"taxonomy":"product_tag","embeddable":true,"href":"https:\/\/tienda.pujolclima.com\/en\/wp-json\/wp\/v2\/product_tag?post=6259"}],"curies":[{"name":"wp","href":"https:\/\/api.w.org\/{rel}","templated":true}]}}