{"id":6257,"date":"2024-12-18T15:57:21","date_gmt":"2024-12-18T14:57:21","guid":{"rendered":"https:\/\/tienda.pujolclima.com\/?post_type=product&#038;p=6257"},"modified":"2026-03-24T14:04:59","modified_gmt":"2026-03-24T13:04:59","slug":"aire-acondicionado-kosner-multisplit-r-32-ksti-nova-2x1-912","status":"publish","type":"product","link":"https:\/\/tienda.pujolclima.com\/en\/product\/aire-acondicionado-kosner-multisplit-r-32-ksti-nova-2x1-912\/","title":{"rendered":"Kosner multisplit R-32 KSTi NOVA 2X1 9+12 Air Conditioning"},"content":{"rendered":"<p><strong>Kosner Air Conditioning \u2013 Two Indoor Unit System<\/strong><\/p>\n<p>Enjoy efficient and versatile air conditioning with the Kosner double indoor unit air conditioner. Designed to cover multiple spaces, this model combines power, elegant design and low energy consumption.<\/p>\n<h3>Main features:<\/h3>\n<ul>\n<li><strong>Total number of indoor units<\/strong>: 2<\/li>\n<li><strong>Nominal cooling capacity<\/strong>: 3.517 W per unit<\/li>\n<li><strong>Nominal heating capacity<\/strong>: 3,810 W per unit<\/li>\n<li><strong>Type of coolant<\/strong>: R-32, ecological and efficient.<\/li>\n<\/ul>\n<h3>Design and functionality:<\/h3>\n<ul>\n<li><strong>Connection voltage<\/strong>: 220\/240 V<\/li>\n<li>Ideal for air conditioning two rooms simultaneously and efficiently.<\/li>\n<li>Modern and compact design that easily integrates into any environment.<\/li>\n<\/ul>\n<p>The Kosner dual-unit indoor air conditioning system is the perfect choice for those seeking comfort and functionality in multiple spaces. Optimize your home or workplace with a reliable, sustainable and high-performance solution.<\/p>","protected":false},"excerpt":{"rendered":"<p>Aire Acondicionado Kosner &#8211; Sistema de Dos Unidades Interiores Disfruta de una climatizaci\u00f3n eficiente y vers\u00e1til con el aire acondicionado Kosner de doble unidad interior. Dise\u00f1ado para cubrir m\u00faltiples espacios, este modelo combina potencia, dise\u00f1o elegante y un bajo consumo energ\u00e9tico. Caracter\u00edsticas principales: N\u00famero total de unidades interiores: 2 Capacidad nominal de refrigeraci\u00f3n: 3.517 W&#8230;<\/p>","protected":false},"featured_media":6256,"comment_status":"closed","ping_status":"closed","template":"","meta":{"_kad_blocks_custom_css":"","_kad_blocks_head_custom_js":"","_kad_blocks_body_custom_js":"","_kad_blocks_footer_custom_js":"","_kad_post_transparent":"default","_kad_post_title":"","_kad_post_layout":"default","_kad_post_sidebar_id":"","_kad_post_content_style":"default","_kad_post_vertical_padding":"default","_kad_post_feature":"","_kad_post_feature_position":"","_kad_post_header":false,"_kad_post_footer":false,"_joinchat":[]},"product_brand":[],"product_cat":[282,242],"product_tag":[],"class_list":{"0":"post-6257","1":"product","2":"type-product","3":"status-publish","4":"has-post-thumbnail","6":"product_cat-split-2x1","7":"product_cat-splits","9":"first","10":"instock","11":"taxable","12":"shipping-taxable","13":"product-type-external","14":"add-to-wishlist-before_image","15":"entry","16":"content-bg","17":"loop-entry"},"taxonomy_info":{"product_cat":[{"value":282,"label":"Split 2x1"},{"value":242,"label":"Splits"}]},"featured_image_src_large":["https:\/\/tienda.pujolclima.com\/wp-content\/uploads\/2024\/12\/kosner2x1-1024x1008.webp",1024,1008,true],"author_info":[],"comment_info":0,"_links":{"self":[{"href":"https:\/\/tienda.pujolclima.com\/en\/wp-json\/wp\/v2\/product\/6257","targetHints":{"allow":["GET"]}}],"collection":[{"href":"https:\/\/tienda.pujolclima.com\/en\/wp-json\/wp\/v2\/product"}],"about":[{"href":"https:\/\/tienda.pujolclima.com\/en\/wp-json\/wp\/v2\/types\/product"}],"replies":[{"embeddable":true,"href":"https:\/\/tienda.pujolclima.com\/en\/wp-json\/wp\/v2\/comments?post=6257"}],"wp:featuredmedia":[{"embeddable":true,"href":"https:\/\/tienda.pujolclima.com\/en\/wp-json\/wp\/v2\/media\/6256"}],"wp:attachment":[{"href":"https:\/\/tienda.pujolclima.com\/en\/wp-json\/wp\/v2\/media?parent=6257"}],"wp:term":[{"taxonomy":"product_brand","embeddable":true,"href":"https:\/\/tienda.pujolclima.com\/en\/wp-json\/wp\/v2\/product_brand?post=6257"},{"taxonomy":"product_cat","embeddable":true,"href":"https:\/\/tienda.pujolclima.com\/en\/wp-json\/wp\/v2\/product_cat?post=6257"},{"taxonomy":"product_tag","embeddable":true,"href":"https:\/\/tienda.pujolclima.com\/en\/wp-json\/wp\/v2\/product_tag?post=6257"}],"curies":[{"name":"wp","href":"https:\/\/api.w.org\/{rel}","templated":true}]}}