{"id":6254,"date":"2024-12-18T15:48:16","date_gmt":"2024-12-18T14:48:16","guid":{"rendered":"https:\/\/tienda.pujolclima.com\/?post_type=product&#038;p=6254"},"modified":"2026-03-24T18:08:14","modified_gmt":"2026-03-24T17:08:14","slug":"aire-acondicionado-kosner-ksti-24n-71-nova-evo-r32","status":"publish","type":"product","link":"https:\/\/tienda.pujolclima.com\/en\/product\/aire-acondicionado-kosner-ksti-24n-71-nova-evo-r32\/","title":{"rendered":"Kosner KSTI 24N\/71 NOVA EVO R32 Air Conditioner"},"content":{"rendered":"<p><strong>Kosner Air Conditioner \u2013 Wall Split Model<\/strong><\/p>\n<p>Elevate the comfort of your home or office with the Kosner air conditioner, designed to offer powerful and efficient performance. Ideal for large spaces, it combines advanced technology and low energy consumption to maximize well-being.<\/p>\n<h3>Main features:<\/h3>\n<ul>\n<li><strong>Nominal cooling capacity<\/strong>: 7.089 W<\/li>\n<li><strong>Nominal heating capacity<\/strong>: 7.322 W<\/li>\n<li><strong>Nominal consumption in cooling<\/strong>: 2.340 W<\/li>\n<li><strong>Nominal consumption in heating<\/strong>: 2.130 W<\/li>\n<li><strong>Type of coolant<\/strong>: R-32, environmentally friendly.<\/li>\n<\/ul>\n<h3>High energy efficiency:<\/h3>\n<ul>\n<li><strong>EER (Energy Efficiency Ratio in Refrigeration)<\/strong>: 3,03<\/li>\n<li><strong>COP (Coefficient of Performance in heating)<\/strong>: 3,44<\/li>\n<li><strong>SEER (Seasonal Energy Efficiency Rating for cooling)<\/strong>: 6.5 (Class A++)<\/li>\n<li><strong>SCOP (Seasonal Energy Efficiency in heating \u2013 Intermediate zone)<\/strong>: 4 (Class A+)<\/li>\n<\/ul>\n<h3>Design and functionality:<\/h3>\n<ul>\n<li><strong>Connection voltage<\/strong>: 220\/240 V<\/li>\n<li>Energy classification that ensures lower electricity consumption and greater sustainability.<\/li>\n<li>Designed to provide efficient air conditioning in any season, especially in intermediate climate zones.<\/li>\n<\/ul>\n<p>Kosner air conditioning is the perfect solution for those looking for quality, power and responsible consumption. Transform your space with a superior and sustainable air conditioning experience.<\/p>","protected":false},"excerpt":{"rendered":"<p>Aire Acondicionado Kosner &#8211; Modelo Split de Pared Eleva el confort de tu hogar u oficina con el aire acondicionado Kosner, dise\u00f1ado para ofrecer un rendimiento potente y eficiente. Ideal para grandes espacios, combina tecnolog\u00eda avanzada y bajo consumo energ\u00e9tico para maximizar el bienestar. Caracter\u00edsticas principales: Capacidad nominal de refrigeraci\u00f3n: 7.089 W Capacidad nominal calor\u00edfica:&#8230;<\/p>","protected":false},"featured_media":6251,"comment_status":"closed","ping_status":"closed","template":"","meta":{"_kad_blocks_custom_css":"","_kad_blocks_head_custom_js":"","_kad_blocks_body_custom_js":"","_kad_blocks_footer_custom_js":"","_kad_post_transparent":"default","_kad_post_title":"","_kad_post_layout":"default","_kad_post_sidebar_id":"","_kad_post_content_style":"default","_kad_post_vertical_padding":"default","_kad_post_feature":"","_kad_post_feature_position":"","_kad_post_header":false,"_kad_post_footer":false,"_joinchat":[]},"product_brand":[],"product_cat":[278],"product_tag":[],"class_list":{"0":"post-6254","1":"product","2":"type-product","3":"status-publish","4":"has-post-thumbnail","6":"product_cat-split-1x1","8":"first","9":"instock","10":"taxable","11":"shipping-taxable","12":"product-type-external","13":"add-to-wishlist-before_image","14":"entry","15":"content-bg","16":"loop-entry"},"taxonomy_info":{"product_cat":[{"value":278,"label":"Split 1x1"}]},"featured_image_src_large":["https:\/\/tienda.pujolclima.com\/wp-content\/uploads\/2024\/12\/split-pared-kosner-inverter-serie-n-modelo-ksti-24n-71-nova.avif",1024,960,false],"author_info":[],"comment_info":0,"_links":{"self":[{"href":"https:\/\/tienda.pujolclima.com\/en\/wp-json\/wp\/v2\/product\/6254","targetHints":{"allow":["GET"]}}],"collection":[{"href":"https:\/\/tienda.pujolclima.com\/en\/wp-json\/wp\/v2\/product"}],"about":[{"href":"https:\/\/tienda.pujolclima.com\/en\/wp-json\/wp\/v2\/types\/product"}],"replies":[{"embeddable":true,"href":"https:\/\/tienda.pujolclima.com\/en\/wp-json\/wp\/v2\/comments?post=6254"}],"wp:featuredmedia":[{"embeddable":true,"href":"https:\/\/tienda.pujolclima.com\/en\/wp-json\/wp\/v2\/media\/6251"}],"wp:attachment":[{"href":"https:\/\/tienda.pujolclima.com\/en\/wp-json\/wp\/v2\/media?parent=6254"}],"wp:term":[{"taxonomy":"product_brand","embeddable":true,"href":"https:\/\/tienda.pujolclima.com\/en\/wp-json\/wp\/v2\/product_brand?post=6254"},{"taxonomy":"product_cat","embeddable":true,"href":"https:\/\/tienda.pujolclima.com\/en\/wp-json\/wp\/v2\/product_cat?post=6254"},{"taxonomy":"product_tag","embeddable":true,"href":"https:\/\/tienda.pujolclima.com\/en\/wp-json\/wp\/v2\/product_tag?post=6254"}],"curies":[{"name":"wp","href":"https:\/\/api.w.org\/{rel}","templated":true}]}}