{"id":6239,"date":"2024-12-17T16:35:57","date_gmt":"2024-12-17T15:35:57","guid":{"rendered":"https:\/\/tienda.pujolclima.com\/?post_type=product&#038;p=6239"},"modified":"2026-03-24T18:11:20","modified_gmt":"2026-03-24T17:11:20","slug":"mitsubishi-electric-mr-slim-cassette-r-32-mgplz-71vea","status":"publish","type":"product","link":"https:\/\/tienda.pujolclima.com\/en\/product\/mitsubishi-electric-mr-slim-cassette-r-32-mgplz-71vea\/","title":{"rendered":"Mitsubishi Electric Air Conditioning Mr. Slim cassette R-32 MGPLZ-71VEA"},"content":{"rendered":"<p><strong>Cassette Air Conditioning \u2013 Efficiency and Comfort in a Single Unit<\/strong><\/p>\n<p>Cassette air conditioning is the perfect solution for those looking for efficient and high-performance air conditioning. With a <strong>nominal cooling capacity of 7,100 W<\/strong> and one <strong>Nominal heating capacity of 8,000 W<\/strong>This equipment provides a comfortable environment both in winter and summer, ideal for medium or small spaces.<\/p>\n<p><strong>Highlighted Features:<\/strong><\/p>\n<ul>\n<li><strong>Efficient consumption:<\/strong> His <strong>nominal consumption of 1,970 W<\/strong> in refrigeration and <strong>2.280 W<\/strong> In heating, it ensures powerful but energy-efficient air conditioning, optimising energy efficiency.<\/li>\n<li><strong>R-32 ecological refrigerant:<\/strong> Use <strong>R-32<\/strong>, a low environmental impact refrigerant that improves energy efficiency and reduces the carbon footprint.<\/li>\n<li><strong>Outstanding energy efficiency:<\/strong> With a <strong>EER of 3.6<\/strong> and a <strong>COP of 3.51<\/strong>This air conditioner provides excellent performance without high energy consumption, ideal for keeping costs low.<\/li>\n<li><strong>Efficient air conditioning all year round:<\/strong> With a <strong>SEER of 6<\/strong> and a <strong>SCOP of 3.9<\/strong> In intermediate climate zones, the equipment offers efficient air conditioning throughout the year.<\/li>\n<li><strong>High energy rating:<\/strong> With a <strong>Energy class A+ in refrigeration<\/strong> and <strong>A in heating<\/strong>This air conditioner meets the highest standards of energy efficiency, ensuring optimal performance while saving on your electricity bill.<\/li>\n<\/ul>\n<div class=\"row row--striped no-gutters align-items-center\">\n<div>Characteristics:<\/div>\n<div><\/div>\n<div class=\"col-6 px-2 px-md-3 text-capitalize-first\">Indoor unit model: cassette<\/div>\n<\/div>\n<div class=\"row row--striped no-gutters align-items-center\">\n<div class=\"col-6 px-2 px-md-3 text-capitalize-first\">Nominal cooling capacity: 7,100 W<\/div>\n<\/div>\n<div class=\"row row--striped no-gutters align-items-center\">\n<div class=\"col-6 px-2 px-md-3 text-capitalize-first\">Nominal heating capacity: 8,000 W<\/div>\n<\/div>\n<div class=\"row row--striped no-gutters align-items-center\">\n<div class=\"col-6 px-2 px-md-3 text-capitalize-first\">Nominal cooling consumption: 1,970 W<\/div>\n<\/div>\n<div class=\"row row--striped no-gutters align-items-center\">\n<div class=\"col-6 px-2 px-md-3 text-capitalize-first\">Nominal heat consumption: 2,280 W<\/div>\n<\/div>\n<div class=\"row row--striped no-gutters align-items-center\">\n<div class=\"col-6 px-2 px-md-3 text-capitalize-first\">Refrigerant type: R-32<\/div>\n<\/div>\n<div class=\"row row--striped no-gutters align-items-center\">\n<div class=\"col-6 px-2 px-md-3 text-capitalize-first\">EER:3.6<\/div>\n<div class=\"col-auto text-center pl-0 pr-2\">\n<div class=\"form-check\"><span style=\"font-family: var(--global-body-font-family);\">COP: <\/span><span style=\"font-family: var(--global-body-font-family);\">3,51<\/span><\/div>\n<\/div>\n<\/div>\n<div id=\"showMore\" class=\"show-more collapse show\">\n<div class=\"row row--striped no-gutters align-items-center\">\n<div class=\"col-6 px-2 px-md-3 text-capitalize-first\">SEER seasonal energy efficiency: 6<\/div>\n<\/div>\n<div class=\"row row--striped no-gutters align-items-center\">\n<div class=\"col-6 px-2 px-md-3 text-capitalize-first\">Energy efficiency class cold: A+<\/div>\n<\/div>\n<div class=\"row row--striped no-gutters align-items-center\">\n<div class=\"col-6 px-2 px-md-3 text-capitalize-first\">SCOP intermediate climate zone: 3.9<\/div>\n<\/div>\n<div class=\"row row--striped no-gutters align-items-center\">\n<div class=\"col-6 px-2 px-md-3 text-capitalize-first\">Heat energy efficiency class: A<\/div>\n<\/div>\n<div class=\"row row--striped no-gutters align-items-center\">\n<div class=\"col-6 px-2 px-md-3 text-capitalize-first\">Connection voltage: 230 V<\/div>\n<\/div>\n<\/div>","protected":false},"excerpt":{"rendered":"<p>Aire Acondicionado Cassette \u2013 Eficiencia y Confort en un Solo Equipo El aire acondicionado cassette es la soluci\u00f3n perfecta para quienes buscan una climatizaci\u00f3n eficiente y de alto rendimiento. Con una capacidad nominal de refrigeraci\u00f3n de 7.100 W y una capacidad nominal calor\u00edfica de 8.000 W, este equipo proporciona un ambiente confortable tanto en invierno&#8230;<\/p>","protected":false},"featured_media":6242,"comment_status":"closed","ping_status":"closed","template":"","meta":{"_kad_blocks_custom_css":"","_kad_blocks_head_custom_js":"","_kad_blocks_body_custom_js":"","_kad_blocks_footer_custom_js":"","_kad_post_transparent":"default","_kad_post_title":"","_kad_post_layout":"default","_kad_post_sidebar_id":"","_kad_post_content_style":"default","_kad_post_vertical_padding":"default","_kad_post_feature":"","_kad_post_feature_position":"","_kad_post_header":false,"_kad_post_footer":false,"_joinchat":[]},"product_brand":[],"product_cat":[253],"product_tag":[],"class_list":{"0":"post-6239","1":"product","2":"type-product","3":"status-publish","4":"has-post-thumbnail","6":"product_cat-cassette","8":"first","9":"instock","10":"taxable","11":"shipping-taxable","12":"product-type-external","13":"add-to-wishlist-before_image","14":"entry","15":"content-bg","16":"loop-entry"},"taxonomy_info":{"product_cat":[{"value":253,"label":"Cassette"}]},"featured_image_src_large":["https:\/\/tienda.pujolclima.com\/wp-content\/uploads\/2024\/12\/cassetemitsu.webp",998,1021,false],"author_info":[],"comment_info":0,"_links":{"self":[{"href":"https:\/\/tienda.pujolclima.com\/en\/wp-json\/wp\/v2\/product\/6239","targetHints":{"allow":["GET"]}}],"collection":[{"href":"https:\/\/tienda.pujolclima.com\/en\/wp-json\/wp\/v2\/product"}],"about":[{"href":"https:\/\/tienda.pujolclima.com\/en\/wp-json\/wp\/v2\/types\/product"}],"replies":[{"embeddable":true,"href":"https:\/\/tienda.pujolclima.com\/en\/wp-json\/wp\/v2\/comments?post=6239"}],"wp:featuredmedia":[{"embeddable":true,"href":"https:\/\/tienda.pujolclima.com\/en\/wp-json\/wp\/v2\/media\/6242"}],"wp:attachment":[{"href":"https:\/\/tienda.pujolclima.com\/en\/wp-json\/wp\/v2\/media?parent=6239"}],"wp:term":[{"taxonomy":"product_brand","embeddable":true,"href":"https:\/\/tienda.pujolclima.com\/en\/wp-json\/wp\/v2\/product_brand?post=6239"},{"taxonomy":"product_cat","embeddable":true,"href":"https:\/\/tienda.pujolclima.com\/en\/wp-json\/wp\/v2\/product_cat?post=6239"},{"taxonomy":"product_tag","embeddable":true,"href":"https:\/\/tienda.pujolclima.com\/en\/wp-json\/wp\/v2\/product_tag?post=6239"}],"curies":[{"name":"wp","href":"https:\/\/api.w.org\/{rel}","templated":true}]}}