{"id":6238,"date":"2024-12-17T16:22:18","date_gmt":"2024-12-17T15:22:18","guid":{"rendered":"https:\/\/tienda.pujolclima.com\/?post_type=product&#038;p=6238"},"modified":"2026-03-24T18:11:56","modified_gmt":"2026-03-24T17:11:56","slug":"aire-acondicionado-kosner-r-32-ksti-48-140-plus-evo","status":"publish","type":"product","link":"https:\/\/tienda.pujolclima.com\/en\/product\/aire-acondicionado-kosner-r-32-ksti-48-140-plus-evo\/","title":{"rendered":"Kosner R-32 KSTI-48\/140 PLUS EVO Air Conditioner"},"content":{"rendered":"<p><strong>Cassette Air Conditioning \u2013 Power and High Efficiency for a Perfect Climate<\/strong><\/p>\n<p>The latest technology cassette air conditioner is designed to offer exceptional performance and efficient air conditioning, both in cooling and heating. With a <strong>nominal cooling capacity of 13,400 W<\/strong> and one <strong>Nominal heating capacity of 15,500 W<\/strong>This system is ideal for keeping any space comfortable and pleasant all year round.<\/p>\n<p><strong>Highlighted Features:<\/strong><\/p>\n<ul>\n<li><strong>Efficient consumption:<\/strong> With a <strong>nominal consumption of 4,600 W<\/strong> in refrigeration and <strong>4.700 W<\/strong> In heating, this equipment maximizes its performance without generating high energy consumption.<\/li>\n<li><strong>R-32 ecological refrigerant:<\/strong> Equipped with <strong>R-32<\/strong>, a low environmental impact refrigerant, this air conditioner optimizes energy performance in a more sustainable way.<\/li>\n<li><strong>Optimized energy efficiency:<\/strong> With a <strong>EER of 2.91<\/strong> and a <strong>COP of 3.3<\/strong>This equipment ensures an excellent balance between efficiency and performance, while maintaining low operating costs.<\/li>\n<li><strong>Efficient air conditioning all year round:<\/strong> Thanks to your <strong>SEER of 6.3<\/strong> and his <strong>SCOP of 4<\/strong>This system guarantees efficient air conditioning in intermediate climatic zones, ensuring comfort in any season.<\/li>\n<li><strong>High energy efficiency:<\/strong> With a <strong>A++ energy rating in refrigeration<\/strong> and <strong>A+ in heating<\/strong>, the air conditioner meets the highest standards of energy efficiency, helping to reduce electricity consumption without compromising performance.<\/li>\n<\/ul>\n<p>Characteristics:<\/p>\n<div class=\"row row--striped no-gutters align-items-center\">\n<div class=\"col-6 px-2 px-md-3 text-capitalize-first\">Indoor unit model: cassette<\/div>\n<\/div>\n<div class=\"row row--striped no-gutters align-items-center\">\n<div class=\"col-6 px-2 px-md-3 text-capitalize-first\">Nominal cooling capacity: 13,400 W<\/div>\n<\/div>\n<div class=\"row row--striped no-gutters align-items-center\">\n<div class=\"col-6 px-2 px-md-3 text-capitalize-first\">Nominal heating capacity: 15,500 W<\/div>\n<\/div>\n<div class=\"row row--striped no-gutters align-items-center\">\n<div class=\"col-6 px-2 px-md-3 text-capitalize-first\">Nominal cooling consumption: 4,600 W<\/div>\n<\/div>\n<div class=\"row row--striped no-gutters align-items-center\">\n<div class=\"col-6 px-2 px-md-3 text-capitalize-first\">Nominal heat consumption: 4,700 W<\/div>\n<\/div>\n<div class=\"row row--striped no-gutters align-items-center\">\n<div class=\"col-6 px-2 px-md-3 text-capitalize-first\">Refrigerant type: R-32<\/div>\n<\/div>\n<div class=\"row row--striped no-gutters align-items-center\">\n<div class=\"col-6 px-2 px-md-3 text-capitalize-first\">EER: 2.91<\/div>\n<\/div>\n<div class=\"row row--striped no-gutters align-items-center\">\n<div class=\"col-6 px-2 px-md-3 text-capitalize-first\">COP: 3.3<\/div>\n<\/div>\n<div id=\"showMore\" class=\"show-more collapse show\">\n<div class=\"row row--striped no-gutters align-items-center\">\n<div class=\"col-6 px-2 px-md-3 text-capitalize-first\">SEER seasonal energy efficiency: 6.3<\/div>\n<\/div>\n<div class=\"row row--striped no-gutters align-items-center\">\n<div class=\"col-6 px-2 px-md-3 text-capitalize-first\">Energy efficiency class cold: A++<\/div>\n<\/div>\n<div class=\"row row--striped no-gutters align-items-center\">\n<div class=\"col-6 px-2 px-md-3 text-capitalize-first\">SCOP intermediate climate zone: 4<\/div>\n<\/div>\n<div class=\"row row--striped no-gutters align-items-center\">\n<div class=\"col-6 px-2 px-md-3 text-capitalize-first\">Heat energy efficiency class: A+<\/div>\n<\/div>\n<div class=\"row row--striped no-gutters align-items-center\">\n<div class=\"col-6 px-2 px-md-3 text-capitalize-first\">Connection voltage:<\/div>\n<div class=\"col font-weight-bold text-break\">220\/240 V<\/div>\n<\/div>\n<\/div>","protected":false},"excerpt":{"rendered":"<p>Aire Acondicionado Cassette \u2013 Potencia y Alta Eficiencia para un Clima Perfecto El aire acondicionado cassette de \u00faltima tecnolog\u00eda est\u00e1 dise\u00f1ado para ofrecer un rendimiento excepcional y una climatizaci\u00f3n eficiente, tanto en refrigeraci\u00f3n como en calefacci\u00f3n. Con una capacidad nominal de refrigeraci\u00f3n de 13.400 W y una capacidad nominal calor\u00edfica de 15.500 W, este sistema&#8230;<\/p>","protected":false},"featured_media":6241,"comment_status":"closed","ping_status":"closed","template":"","meta":{"_kad_blocks_custom_css":"","_kad_blocks_head_custom_js":"","_kad_blocks_body_custom_js":"","_kad_blocks_footer_custom_js":"","_kad_post_transparent":"default","_kad_post_title":"","_kad_post_layout":"default","_kad_post_sidebar_id":"","_kad_post_content_style":"default","_kad_post_vertical_padding":"default","_kad_post_feature":"","_kad_post_feature_position":"","_kad_post_header":false,"_kad_post_footer":false,"_joinchat":[]},"product_brand":[],"product_cat":[253],"product_tag":[],"class_list":{"0":"post-6238","1":"product","2":"type-product","3":"status-publish","4":"has-post-thumbnail","6":"product_cat-cassette","8":"first","9":"instock","10":"taxable","11":"shipping-taxable","12":"product-type-external","13":"add-to-wishlist-before_image","14":"entry","15":"content-bg","16":"loop-entry"},"taxonomy_info":{"product_cat":[{"value":253,"label":"Cassette"}]},"featured_image_src_large":["https:\/\/tienda.pujolclima.com\/wp-content\/uploads\/2024\/12\/equipo-interior-cassette-inverter-compacto-kosner-modelo-ksti-42-125-cs.avif",600,563,false],"author_info":[],"comment_info":0,"_links":{"self":[{"href":"https:\/\/tienda.pujolclima.com\/en\/wp-json\/wp\/v2\/product\/6238","targetHints":{"allow":["GET"]}}],"collection":[{"href":"https:\/\/tienda.pujolclima.com\/en\/wp-json\/wp\/v2\/product"}],"about":[{"href":"https:\/\/tienda.pujolclima.com\/en\/wp-json\/wp\/v2\/types\/product"}],"replies":[{"embeddable":true,"href":"https:\/\/tienda.pujolclima.com\/en\/wp-json\/wp\/v2\/comments?post=6238"}],"wp:featuredmedia":[{"embeddable":true,"href":"https:\/\/tienda.pujolclima.com\/en\/wp-json\/wp\/v2\/media\/6241"}],"wp:attachment":[{"href":"https:\/\/tienda.pujolclima.com\/en\/wp-json\/wp\/v2\/media?parent=6238"}],"wp:term":[{"taxonomy":"product_brand","embeddable":true,"href":"https:\/\/tienda.pujolclima.com\/en\/wp-json\/wp\/v2\/product_brand?post=6238"},{"taxonomy":"product_cat","embeddable":true,"href":"https:\/\/tienda.pujolclima.com\/en\/wp-json\/wp\/v2\/product_cat?post=6238"},{"taxonomy":"product_tag","embeddable":true,"href":"https:\/\/tienda.pujolclima.com\/en\/wp-json\/wp\/v2\/product_tag?post=6238"}],"curies":[{"name":"wp","href":"https:\/\/api.w.org\/{rel}","templated":true}]}}