{"id":6237,"date":"2024-12-17T16:16:31","date_gmt":"2024-12-17T15:16:31","guid":{"rendered":"https:\/\/tienda.pujolclima.com\/?post_type=product&#038;p=6237"},"modified":"2026-03-24T18:13:17","modified_gmt":"2026-03-24T17:13:17","slug":"aire-acondicionado-kosner-r-32-ksti-42-125-plus-evo","status":"publish","type":"product","link":"https:\/\/tienda.pujolclima.com\/en\/product\/aire-acondicionado-kosner-r-32-ksti-42-125-plus-evo\/","title":{"rendered":"Kosner R-32 KSTI-42\/125 PLUS EVO Air Conditioning"},"content":{"rendered":"<div class=\"row row--striped no-gutters align-items-center\">\n<div>\n<p><strong>Cassette Air Conditioning \u2013 Power and High Efficiency for your Comfort<\/strong><\/p>\n<p>The latest generation cassette air conditioner is the perfect option to guarantee efficient and high-performance air conditioning in any space. With a <strong>nominal cooling capacity of 12,100 W<\/strong> and one <strong>Nominal heating capacity of 13,500 W<\/strong>This system provides a pleasant environment both in winter and summer, adapting perfectly to your needs.<\/p>\n<p><strong>Highlighted Features:<\/strong><\/p>\n<ul>\n<li><strong>Efficient consumption:<\/strong> His <strong>nominal consumption of 3,900 W<\/strong> in refrigeration and <strong>3.970 W<\/strong> in heating ensures outstanding performance without high energy costs.<\/li>\n<li><strong>R-32 ecological refrigerant:<\/strong> With the use of <strong>R-32<\/strong>, a low environmental impact refrigerant, this equipment offers greater efficiency and contributes to sustainability.<\/li>\n<li><strong>Advanced energy efficiency:<\/strong> With a <strong>EER of 3.1<\/strong> and a <strong>COP of 3.4<\/strong>, the air conditioning guarantees excellent performance with low consumption, both in cooling and heating mode.<\/li>\n<li><strong>Economical and responsible air conditioning:<\/strong> His <strong>SEER of 6.1<\/strong> and <strong>SCOP of 4.1<\/strong> for intermediate climate zones ensure efficient operation throughout the year.<\/li>\n<li><strong>Highlighted energy rating:<\/strong> With a <strong>Energy efficiency class A++ in cold<\/strong> and <strong>A+ in heating<\/strong>, this equipment complies with the highest standards of energy savingIndoor unit model: cassette<\/li>\n<li>Nominal cooling capacity: <span style=\"font-family: var(--global-body-font-family);\">12.100 W<\/span><\/li>\n<\/ul>\n<\/div>\n<\/div>\n<div class=\"row row--striped no-gutters align-items-center\">\n<div class=\"col col-md-2 text-right text-sm my-auto\"><span style=\"font-family: var(--global-body-font-family);\">Nominal heating capacity: <\/span><span style=\"font-family: var(--global-body-font-family);\">13,500 W<\/span><\/div>\n<\/div>\n<div class=\"row row--striped no-gutters align-items-center\">\n<div class=\"col-6 px-2 px-md-3 text-capitalize-first\">Nominal cooling consumption: 3,900 W<\/div>\n<\/div>\n<div class=\"row row--striped no-gutters align-items-center\">\n<div class=\"col-6 px-2 px-md-3 text-capitalize-first\">Nominal heat consumption: 3,970 W<\/div>\n<\/div>\n<div class=\"row row--striped no-gutters align-items-center\">\n<div class=\"col-6 px-2 px-md-3 text-capitalize-first\">Refrigerant type: R-32<\/div>\n<\/div>\n<div class=\"row row--striped no-gutters align-items-center\">\n<div class=\"col-6 px-2 px-md-3 text-capitalize-first\">EER: 3.1<\/div>\n<\/div>\n<div class=\"row row--striped no-gutters align-items-center\">\n<div class=\"col-6 px-2 px-md-3 text-capitalize-first\">COP: 3.4<\/div>\n<\/div>\n<div id=\"showMore\" class=\"show-more collapse show\">\n<div class=\"row row--striped no-gutters align-items-center\">\n<div class=\"col-6 px-2 px-md-3 text-capitalize-first\">SEER seasonal energy efficiency: 6.1<\/div>\n<\/div>\n<div class=\"row row--striped no-gutters align-items-center\">\n<div class=\"col-6 px-2 px-md-3 text-capitalize-first\">Energy efficiency class cold: A++<\/div>\n<\/div>\n<div class=\"row row--striped no-gutters align-items-center\">\n<div class=\"col-6 px-2 px-md-3 text-capitalize-first\">SCOP intermediate climate zone: 4.1<\/div>\n<\/div>\n<div class=\"row row--striped no-gutters align-items-center\">\n<div class=\"col-6 px-2 px-md-3 text-capitalize-first\">Heat energy efficiency class: A+<\/div>\n<div class=\"col col-md-2 text-right text-sm my-auto\"><span style=\"font-family: var(--global-body-font-family);\">Connection voltage: <\/span><span style=\"font-family: var(--global-body-font-family);\">220\/240 V<\/span><\/div>\n<\/div>\n<\/div>","protected":false},"excerpt":{"rendered":"<p>Aire Acondicionado Cassette \u2013 Potencia y Alta Eficiencia para tu Confort El aire acondicionado cassette de \u00faltima generaci\u00f3n es la opci\u00f3n perfecta para garantizar una climatizaci\u00f3n eficiente y de alto rendimiento en cualquier espacio. Con una capacidad nominal de refrigeraci\u00f3n de 12.100 W y una capacidad nominal calor\u00edfica de 13.500 W, este sistema proporciona un&#8230;<\/p>","protected":false},"featured_media":6241,"comment_status":"closed","ping_status":"closed","template":"","meta":{"_kad_blocks_custom_css":"","_kad_blocks_head_custom_js":"","_kad_blocks_body_custom_js":"","_kad_blocks_footer_custom_js":"","_kad_post_transparent":"default","_kad_post_title":"","_kad_post_layout":"default","_kad_post_sidebar_id":"","_kad_post_content_style":"default","_kad_post_vertical_padding":"default","_kad_post_feature":"","_kad_post_feature_position":"","_kad_post_header":false,"_kad_post_footer":false,"_joinchat":[]},"product_brand":[],"product_cat":[253],"product_tag":[],"class_list":{"0":"post-6237","1":"product","2":"type-product","3":"status-publish","4":"has-post-thumbnail","6":"product_cat-cassette","8":"first","9":"instock","10":"taxable","11":"shipping-taxable","12":"product-type-external","13":"add-to-wishlist-before_image","14":"entry","15":"content-bg","16":"loop-entry"},"taxonomy_info":{"product_cat":[{"value":253,"label":"Cassette"}]},"featured_image_src_large":["https:\/\/tienda.pujolclima.com\/wp-content\/uploads\/2024\/12\/equipo-interior-cassette-inverter-compacto-kosner-modelo-ksti-42-125-cs.avif",600,563,false],"author_info":[],"comment_info":0,"_links":{"self":[{"href":"https:\/\/tienda.pujolclima.com\/en\/wp-json\/wp\/v2\/product\/6237","targetHints":{"allow":["GET"]}}],"collection":[{"href":"https:\/\/tienda.pujolclima.com\/en\/wp-json\/wp\/v2\/product"}],"about":[{"href":"https:\/\/tienda.pujolclima.com\/en\/wp-json\/wp\/v2\/types\/product"}],"replies":[{"embeddable":true,"href":"https:\/\/tienda.pujolclima.com\/en\/wp-json\/wp\/v2\/comments?post=6237"}],"wp:featuredmedia":[{"embeddable":true,"href":"https:\/\/tienda.pujolclima.com\/en\/wp-json\/wp\/v2\/media\/6241"}],"wp:attachment":[{"href":"https:\/\/tienda.pujolclima.com\/en\/wp-json\/wp\/v2\/media?parent=6237"}],"wp:term":[{"taxonomy":"product_brand","embeddable":true,"href":"https:\/\/tienda.pujolclima.com\/en\/wp-json\/wp\/v2\/product_brand?post=6237"},{"taxonomy":"product_cat","embeddable":true,"href":"https:\/\/tienda.pujolclima.com\/en\/wp-json\/wp\/v2\/product_cat?post=6237"},{"taxonomy":"product_tag","embeddable":true,"href":"https:\/\/tienda.pujolclima.com\/en\/wp-json\/wp\/v2\/product_tag?post=6237"}],"curies":[{"name":"wp","href":"https:\/\/api.w.org\/{rel}","templated":true}]}}