{"id":6234,"date":"2024-12-17T16:04:23","date_gmt":"2024-12-17T15:04:23","guid":{"rendered":"https:\/\/tienda.pujolclima.com\/?post_type=product&#038;p=6234"},"modified":"2026-03-24T18:14:59","modified_gmt":"2026-03-24T17:14:59","slug":"aire-acondicionado-kosner-cassette-r-32-ksti-36-100-cs-plus-evo","status":"publish","type":"product","link":"https:\/\/tienda.pujolclima.com\/en\/product\/aire-acondicionado-kosner-cassette-r-32-ksti-36-100-cs-plus-evo\/","title":{"rendered":"Kosner R-32 KSTI-36\/100 CS PLUS EVO Air Conditioning"},"content":{"rendered":"<div class=\"row row--striped no-gutters align-items-center\">\n<div>\n<p><strong>Cassette Air Conditioning \u2013 Power and Efficiency for your Space<\/strong><\/p>\n<p>Cassette air conditioning is the ideal solution to keep your environment comfortable all year round, offering exceptional performance in both cooling and heating. With a nominal cooling capacity of <strong>10,500 W<\/strong> and a nominal heat capacity of <strong>11,500 W<\/strong>This equipment is designed to offer efficient and high-performance air conditioning.<\/p>\n<p><strong>Highlighted Features:<\/strong><\/p>\n<ul>\n<li><strong>Efficient consumption:<\/strong> With a nominal consumption of <strong>3.100 W<\/strong> in refrigeration and <strong>2.950 W<\/strong> In heating, it optimizes energy use without sacrificing comfort.<\/li>\n<li><strong>R-32 refrigerant:<\/strong> It uses an environmentally friendly refrigerant with low environmental impact, promoting more sustainable and efficient performance.<\/li>\n<li><strong>Outstanding energy efficiency:<\/strong> With a <strong>EER of 3.39<\/strong> and a <strong>COP of 3.9<\/strong>, guarantees lower energy consumption without compromising performance.<\/li>\n<li><strong>Efficient air conditioning:<\/strong> With a <strong>A++ cold classification<\/strong> and <strong>A+ in heating<\/strong>, ensures the best energy efficiency according to the most demanding regulations.<\/li>\n<li><strong>Optimized SEER and SCOP system:<\/strong> With a <strong>SEER of 6.6<\/strong> and a <strong>SCOP of 4.4<\/strong> For intermediate climate zones, it offers economical and environmentally friendly air conditioning all year round.<\/li>\n<\/ul>\n<p>This team of <strong>220\/240 V<\/strong> It is ideal for commercial and residential environments where a discreet, efficient and powerful air conditioning system is required. Keep your space at the ideal temperature all year round with the latest generation cassette air conditioner!<\/p>\n<\/div>\n<div>Characteristics:<\/div>\n<div class=\"col-6 px-2 px-md-3 text-capitalize-first\">Indoor unit model: cassette<\/div>\n<\/div>\n<div class=\"row row--striped no-gutters align-items-center\">\n<div class=\"col-6 px-2 px-md-3 text-capitalize-first\">Nominal cooling capacity: 10,500 W<\/div>\n<\/div>\n<div class=\"row row--striped no-gutters align-items-center\">\n<div class=\"col-6 px-2 px-md-3 text-capitalize-first\">Nominal heating capacity: 11,500 W<\/div>\n<\/div>\n<div class=\"row row--striped no-gutters align-items-center\">\n<div class=\"col-6 px-2 px-md-3 text-capitalize-first\">Nominal cooling consumption: 3,100 W<\/div>\n<\/div>\n<div class=\"row row--striped no-gutters align-items-center\">\n<div class=\"col-6 px-2 px-md-3 text-capitalize-first\">Nominal heat consumption: 2,950 W<\/div>\n<\/div>\n<div class=\"row row--striped no-gutters align-items-center\">\n<div class=\"col-6 px-2 px-md-3 text-capitalize-first\">Refrigerant type: R-32<\/div>\n<\/div>\n<div class=\"row row--striped no-gutters align-items-center\">\n<div class=\"col-6 px-2 px-md-3 text-capitalize-first\">EER: 3.39<\/div>\n<\/div>\n<div class=\"row row--striped no-gutters align-items-center\">\n<div class=\"col-6 px-2 px-md-3 text-capitalize-first\">COP: 3.9<\/div>\n<\/div>\n<div id=\"showMore\" class=\"show-more collapse show\">\n<div class=\"row row--striped no-gutters align-items-center\">\n<div class=\"col-6 px-2 px-md-3 text-capitalize-first\">SEER seasonal energy efficiency: 6.6<\/div>\n<\/div>\n<div class=\"row row--striped no-gutters align-items-center\">\n<div class=\"col-6 px-2 px-md-3 text-capitalize-first\">Energy efficiency class cold: A++<\/div>\n<\/div>\n<div class=\"row row--striped no-gutters align-items-center\">\n<div class=\"col-6 px-2 px-md-3 text-capitalize-first\">SCOP intermediate climate zone: 4.4<\/div>\n<\/div>\n<div class=\"row row--striped no-gutters align-items-center\">\n<div class=\"col-6 px-2 px-md-3 text-capitalize-first\">Heat energy efficiency class: A+<\/div>\n<\/div>\n<div class=\"row row--striped no-gutters align-items-center\">\n<div class=\"col-6 px-2 px-md-3 text-capitalize-first\">Connection voltage: 220\/240 V<\/div>\n<div><\/div>\n<\/div>\n<\/div>","protected":false},"excerpt":{"rendered":"<p>Aire Acondicionado Cassette \u2013 Potencia y Eficiencia para tu Espacio El aire acondicionado tipo cassette es la soluci\u00f3n ideal para mantener tu ambiente confortable durante todo el a\u00f1o, ofreciendo un rendimiento excepcional tanto en refrigeraci\u00f3n como en calefacci\u00f3n. Con una capacidad nominal de refrigeraci\u00f3n de 10.500 W y una capacidad nominal calor\u00edfica de 11.500 W,&#8230;<\/p>","protected":false},"featured_media":6241,"comment_status":"closed","ping_status":"closed","template":"","meta":{"_kad_blocks_custom_css":"","_kad_blocks_head_custom_js":"","_kad_blocks_body_custom_js":"","_kad_blocks_footer_custom_js":"","_kad_post_transparent":"default","_kad_post_title":"","_kad_post_layout":"default","_kad_post_sidebar_id":"","_kad_post_content_style":"default","_kad_post_vertical_padding":"default","_kad_post_feature":"","_kad_post_feature_position":"","_kad_post_header":false,"_kad_post_footer":false,"_joinchat":[]},"product_brand":[],"product_cat":[253],"product_tag":[],"class_list":{"0":"post-6234","1":"product","2":"type-product","3":"status-publish","4":"has-post-thumbnail","6":"product_cat-cassette","8":"first","9":"instock","10":"taxable","11":"shipping-taxable","12":"product-type-external","13":"add-to-wishlist-before_image","14":"entry","15":"content-bg","16":"loop-entry"},"taxonomy_info":{"product_cat":[{"value":253,"label":"Cassette"}]},"featured_image_src_large":["https:\/\/tienda.pujolclima.com\/wp-content\/uploads\/2024\/12\/equipo-interior-cassette-inverter-compacto-kosner-modelo-ksti-42-125-cs.avif",600,563,false],"author_info":[],"comment_info":0,"_links":{"self":[{"href":"https:\/\/tienda.pujolclima.com\/en\/wp-json\/wp\/v2\/product\/6234","targetHints":{"allow":["GET"]}}],"collection":[{"href":"https:\/\/tienda.pujolclima.com\/en\/wp-json\/wp\/v2\/product"}],"about":[{"href":"https:\/\/tienda.pujolclima.com\/en\/wp-json\/wp\/v2\/types\/product"}],"replies":[{"embeddable":true,"href":"https:\/\/tienda.pujolclima.com\/en\/wp-json\/wp\/v2\/comments?post=6234"}],"wp:featuredmedia":[{"embeddable":true,"href":"https:\/\/tienda.pujolclima.com\/en\/wp-json\/wp\/v2\/media\/6241"}],"wp:attachment":[{"href":"https:\/\/tienda.pujolclima.com\/en\/wp-json\/wp\/v2\/media?parent=6234"}],"wp:term":[{"taxonomy":"product_brand","embeddable":true,"href":"https:\/\/tienda.pujolclima.com\/en\/wp-json\/wp\/v2\/product_brand?post=6234"},{"taxonomy":"product_cat","embeddable":true,"href":"https:\/\/tienda.pujolclima.com\/en\/wp-json\/wp\/v2\/product_cat?post=6234"},{"taxonomy":"product_tag","embeddable":true,"href":"https:\/\/tienda.pujolclima.com\/en\/wp-json\/wp\/v2\/product_tag?post=6234"}],"curies":[{"name":"wp","href":"https:\/\/api.w.org\/{rel}","templated":true}]}}