{"id":6231,"date":"2024-12-17T15:50:18","date_gmt":"2024-12-17T14:50:18","guid":{"rendered":"https:\/\/tienda.pujolclima.com\/?post_type=product&#038;p=6231"},"modified":"2026-03-24T18:16:10","modified_gmt":"2026-03-24T17:16:10","slug":"aire-acondicionado-portatil-johnson-2150fg-solo-frio","status":"publish","type":"product","link":"https:\/\/tienda.pujolclima.com\/en\/product\/aire-acondicionado-portatil-johnson-2150fg-solo-frio\/","title":{"rendered":"JOHNSON 2150FG PORTABLE AIR CONDITIONER COLD ONLY"},"content":{"rendered":"<p>Characteristics:<\/p>\n<p>Portable air conditioning<br \/>\nEnergy class A<br \/>\nLED digital display<br \/>\nCooling Mode<br \/>\nDehumidification mode<br \/>\nFan Mode<br \/>\nTimer: Program the machine to turn on and off<br \/>\nSleep Mode: Select this mode during rest periods so that the<br \/>\nequipment adjusts the temperature automatically<br \/>\nSelectable fan speed<br \/>\nBuilt-in touch and remote control<br \/>\nWheels for easy transport<\/p>\n<p>Nominal capacity kW 2.6<br \/>\nFrigories Fg\/h 2.236<br \/>\nNominal consumption kW 1<br \/>\nEER\/Energy label 2.6\/A<\/p>","protected":false},"excerpt":{"rendered":"<p>Caracter\u00edsticas: Aire acondicionado port\u00e1til Clase energ\u00e9tica A Display digital LED Modo Refrigeraci\u00f3n Modo Deshumidificaci\u00f3n Modo Ventilador Temporizador: Programa el encendido y apagado de la m\u00e1quina Modo Sleep: Selecciona este modo durante los periodos de descanso para que el equipo adec\u00fae la temperatura autom\u00e1ticamente Velocidad del ventilador seleccionable Control t\u00e1ctil y remoto incorporado Ruedas para un&#8230;<\/p>","protected":false},"featured_media":6232,"comment_status":"closed","ping_status":"closed","template":"","meta":{"_kad_blocks_custom_css":"","_kad_blocks_head_custom_js":"","_kad_blocks_body_custom_js":"","_kad_blocks_footer_custom_js":"","_kad_post_transparent":"default","_kad_post_title":"","_kad_post_layout":"default","_kad_post_sidebar_id":"","_kad_post_content_style":"default","_kad_post_vertical_padding":"default","_kad_post_feature":"","_kad_post_feature_position":"","_kad_post_header":false,"_kad_post_footer":false,"_joinchat":[]},"product_brand":[],"product_cat":[255],"product_tag":[],"class_list":{"0":"post-6231","1":"product","2":"type-product","3":"status-publish","4":"has-post-thumbnail","6":"product_cat-portatil","8":"first","9":"instock","10":"taxable","11":"shipping-taxable","12":"product-type-external","13":"add-to-wishlist-before_image","14":"entry","15":"content-bg","16":"loop-entry"},"taxonomy_info":{"product_cat":[{"value":255,"label":"Port\u00e1til"}]},"featured_image_src_large":["https:\/\/tienda.pujolclima.com\/wp-content\/uploads\/2024\/12\/alpes9_1.jpg",768,768,false],"author_info":[],"comment_info":0,"_links":{"self":[{"href":"https:\/\/tienda.pujolclima.com\/en\/wp-json\/wp\/v2\/product\/6231","targetHints":{"allow":["GET"]}}],"collection":[{"href":"https:\/\/tienda.pujolclima.com\/en\/wp-json\/wp\/v2\/product"}],"about":[{"href":"https:\/\/tienda.pujolclima.com\/en\/wp-json\/wp\/v2\/types\/product"}],"replies":[{"embeddable":true,"href":"https:\/\/tienda.pujolclima.com\/en\/wp-json\/wp\/v2\/comments?post=6231"}],"wp:featuredmedia":[{"embeddable":true,"href":"https:\/\/tienda.pujolclima.com\/en\/wp-json\/wp\/v2\/media\/6232"}],"wp:attachment":[{"href":"https:\/\/tienda.pujolclima.com\/en\/wp-json\/wp\/v2\/media?parent=6231"}],"wp:term":[{"taxonomy":"product_brand","embeddable":true,"href":"https:\/\/tienda.pujolclima.com\/en\/wp-json\/wp\/v2\/product_brand?post=6231"},{"taxonomy":"product_cat","embeddable":true,"href":"https:\/\/tienda.pujolclima.com\/en\/wp-json\/wp\/v2\/product_cat?post=6231"},{"taxonomy":"product_tag","embeddable":true,"href":"https:\/\/tienda.pujolclima.com\/en\/wp-json\/wp\/v2\/product_tag?post=6231"}],"curies":[{"name":"wp","href":"https:\/\/api.w.org\/{rel}","templated":true}]}}