{"id":6229,"date":"2024-12-17T15:48:04","date_gmt":"2024-12-17T14:48:04","guid":{"rendered":"https:\/\/tienda.pujolclima.com\/?post_type=product&#038;p=6229"},"modified":"2026-03-24T18:17:05","modified_gmt":"2026-03-24T17:17:05","slug":"aire-acondicionado-portatil-johnson-3010fg-frio-y-bomba-de-calor","status":"publish","type":"product","link":"https:\/\/tienda.pujolclima.com\/en\/product\/aire-acondicionado-portatil-johnson-3010fg-frio-y-bomba-de-calor\/","title":{"rendered":"JOHNSON 3010FG PORTABLE AIR CONDITIONER COLD AND HEAT PUMP"},"content":{"rendered":"<p>Characteristics:<\/p>\n<p>Portable air conditioning with heat pump technology<br \/>\nEnergy class A\/A+<br \/>\nLED digital display<br \/>\nCooling Mode<br \/>\nHeating Mode<br \/>\nSmart Mode: The equipment intelligently chooses the operating mode<br \/>\ndepending on the environmental conditions at any given time<br \/>\nSwing Mode: Adjust the slats so that the air diffusion suits your needs.<br \/>\nneeds<br \/>\nDehumidification mode<br \/>\nFan Mode<br \/>\nTimer: Program the machine to turn on and off<br \/>\nSleep Mode: Select this mode during rest periods so that the<br \/>\nequipment adjusts the temperature automatically<br \/>\nSelectable fan speed<br \/>\nBuilt-in touch and remote control<br \/>\nWheels for easy transport<br \/>\nIncludes: Exhaust hose, hose inlet and outlet, slide kit<br \/>\nwindow and drain hose<\/p>\n<p>Nominal capacity kW 3.5<br \/>\nFrigories Fg\/h 3.010<br \/>\nNominal consumption kW 1,345<br \/>\nEER\/Energy label 2.6\/A<br \/>\nNominal capacity kW 3.2<br \/>\nKilocalories Kcal\/h 2,752<br \/>\nNominal consumption kW 1.13<br \/>\nCOP\/Energy label 2.8\/A+<\/p>","protected":false},"excerpt":{"rendered":"<p>Caracter\u00edsticas: Aire acondicionado port\u00e1til con tecnolog\u00eda de bomba de calor Clase energ\u00e9tica A\/A+ Display digital LED Modo Refrigeraci\u00f3n Modo Calefacci\u00f3n Modo Smart: El equipo elige de forma inteligente el modo de funcionamiento seg\u00fan las condiciones ambientales de cada momento Modo Swing: Ajuste de las lamas para que la difusi\u00f3n del aire se adec\u00fae a sus&#8230;<\/p>","protected":false},"featured_media":6230,"comment_status":"closed","ping_status":"closed","template":"","meta":{"_kad_blocks_custom_css":"","_kad_blocks_head_custom_js":"","_kad_blocks_body_custom_js":"","_kad_blocks_footer_custom_js":"","_kad_post_transparent":"default","_kad_post_title":"","_kad_post_layout":"default","_kad_post_sidebar_id":"","_kad_post_content_style":"default","_kad_post_vertical_padding":"default","_kad_post_feature":"","_kad_post_feature_position":"","_kad_post_header":false,"_kad_post_footer":false,"_joinchat":[]},"product_brand":[],"product_cat":[255],"product_tag":[],"class_list":{"0":"post-6229","1":"product","2":"type-product","3":"status-publish","4":"has-post-thumbnail","6":"product_cat-portatil","8":"first","9":"instock","10":"taxable","11":"shipping-taxable","12":"product-type-external","13":"add-to-wishlist-before_image","14":"entry","15":"content-bg","16":"loop-entry"},"taxonomy_info":{"product_cat":[{"value":255,"label":"Port\u00e1til"}]},"featured_image_src_large":["https:\/\/tienda.pujolclima.com\/wp-content\/uploads\/2024\/12\/alpes12bc_1.jpg",768,768,false],"author_info":[],"comment_info":0,"_links":{"self":[{"href":"https:\/\/tienda.pujolclima.com\/en\/wp-json\/wp\/v2\/product\/6229","targetHints":{"allow":["GET"]}}],"collection":[{"href":"https:\/\/tienda.pujolclima.com\/en\/wp-json\/wp\/v2\/product"}],"about":[{"href":"https:\/\/tienda.pujolclima.com\/en\/wp-json\/wp\/v2\/types\/product"}],"replies":[{"embeddable":true,"href":"https:\/\/tienda.pujolclima.com\/en\/wp-json\/wp\/v2\/comments?post=6229"}],"wp:featuredmedia":[{"embeddable":true,"href":"https:\/\/tienda.pujolclima.com\/en\/wp-json\/wp\/v2\/media\/6230"}],"wp:attachment":[{"href":"https:\/\/tienda.pujolclima.com\/en\/wp-json\/wp\/v2\/media?parent=6229"}],"wp:term":[{"taxonomy":"product_brand","embeddable":true,"href":"https:\/\/tienda.pujolclima.com\/en\/wp-json\/wp\/v2\/product_brand?post=6229"},{"taxonomy":"product_cat","embeddable":true,"href":"https:\/\/tienda.pujolclima.com\/en\/wp-json\/wp\/v2\/product_cat?post=6229"},{"taxonomy":"product_tag","embeddable":true,"href":"https:\/\/tienda.pujolclima.com\/en\/wp-json\/wp\/v2\/product_tag?post=6229"}],"curies":[{"name":"wp","href":"https:\/\/api.w.org\/{rel}","templated":true}]}}