{"id":6080,"date":"2024-12-04T15:14:58","date_gmt":"2024-12-04T14:14:58","guid":{"rendered":"https:\/\/tienda.pujolclima.com\/?post_type=product&#038;p=6080"},"modified":"2026-03-24T18:24:23","modified_gmt":"2026-03-24T17:24:23","slug":"avasecadora-johnson-cf-10kk-7kg-1500rpm-clase-a-d-inverter-blanca","status":"publish","type":"product","link":"https:\/\/tienda.pujolclima.com\/en\/product\/avasecadora-johnson-cf-10kk-7kg-1500rpm-clase-a-d-inverter-blanca\/","title":{"rendered":"JOHNSON CF 10KK\/7KG 1500RPM INVERTER WHITE WASHER DRYER"},"content":{"rendered":"<p>Nervi\u00f3n Range Washer-Dryer<br \/>\nWhite Color<br \/>\nWashing capacity 10 Kg<br \/>\nDrying capacity 7 Kg<br \/>\nSpin up to 1,500 rpm<br \/>\nEnergy class Washing \/ Full operation A\/D<br \/>\nSpin energy class B<br \/>\nINVERTER motor<br \/>\nFocusClean: Specific cleaning for 5 different types of stains<br \/>\n(food, drink, sport, work dirt, cosmetics)<br \/>\nVapCare: Additional steam cleaning stage to eliminate odors<br \/>\nEffiload: Sensors that measure the weight of the laundry to adjust<br \/>\nwater and electricity consumption<br \/>\nSpeed function: Reduces the duration of the program<br \/>\nPrewash function<br \/>\nMy Favorite Program Function<br \/>\nExtra anti-allergenic rinse function<br \/>\nChild lock<\/p>\n<p>Memory function<br \/>\nAlert silencer option<br \/>\nLED Digital Display<br \/>\nECO Program<br \/>\nExpress programs 15&#039;<br \/>\nWashing and drying program in one hour<br \/>\nDrum self-cleaning program<br \/>\nInstant door opening<br \/>\nGiant Gate<br \/>\nQcare drum design for greater care of the<br \/>\nclothes<br \/>\nTemperature Selector<br \/>\nSpin Selector<br \/>\nDrying level selector<br \/>\nStart\/Pause button<br \/>\n14 Programs<br \/>\nDelayed start<br \/>\nDimensions (HxWxD cm): 85x60x57<\/p>","protected":false},"excerpt":{"rendered":"<p>Lavasecadora Gama Nervi\u00f3n Color Blanco Capacidad de lavado 10 Kg Capacidad de secado 7 Kg Centrifugado hasta 1.500 rpm Clase energ\u00e9tica Lavado \/ Funcionamiento completo A\/D Clase energ\u00e9tica de centrifugado B Motor INVERTER FocusClean: Lavado espec\u00edfico para 5 tipo de manchas distintas (comida, bebida, deporte, suciedad de trabajo, cosm\u00e9ticos) VapCare: Etapa adicional de lavado con&#8230;<\/p>","protected":false},"featured_media":6081,"comment_status":"open","ping_status":"closed","template":"","meta":{"_kad_blocks_custom_css":"","_kad_blocks_head_custom_js":"","_kad_blocks_body_custom_js":"","_kad_blocks_footer_custom_js":"","_kad_post_transparent":"default","_kad_post_title":"","_kad_post_layout":"default","_kad_post_sidebar_id":"","_kad_post_content_style":"default","_kad_post_vertical_padding":"default","_kad_post_feature":"","_kad_post_feature_position":"","_kad_post_header":false,"_kad_post_footer":false,"_joinchat":[]},"product_brand":[],"product_cat":[270],"product_tag":[],"class_list":{"0":"post-6080","1":"product","2":"type-product","3":"status-publish","4":"has-post-thumbnail","6":"product_cat-lavadoras-secadoras","8":"first","9":"instock","10":"taxable","11":"shipping-taxable","12":"product-type-external","13":"add-to-wishlist-before_image","14":"entry","15":"content-bg","16":"loop-entry"},"taxonomy_info":{"product_cat":[{"value":270,"label":"Lavadoras \/ Secadoras"}]},"featured_image_src_large":["https:\/\/tienda.pujolclima.com\/wp-content\/uploads\/2024\/12\/nervion107dry.jpg",768,768,false],"author_info":[],"comment_info":0,"_links":{"self":[{"href":"https:\/\/tienda.pujolclima.com\/en\/wp-json\/wp\/v2\/product\/6080","targetHints":{"allow":["GET"]}}],"collection":[{"href":"https:\/\/tienda.pujolclima.com\/en\/wp-json\/wp\/v2\/product"}],"about":[{"href":"https:\/\/tienda.pujolclima.com\/en\/wp-json\/wp\/v2\/types\/product"}],"replies":[{"embeddable":true,"href":"https:\/\/tienda.pujolclima.com\/en\/wp-json\/wp\/v2\/comments?post=6080"}],"wp:featuredmedia":[{"embeddable":true,"href":"https:\/\/tienda.pujolclima.com\/en\/wp-json\/wp\/v2\/media\/6081"}],"wp:attachment":[{"href":"https:\/\/tienda.pujolclima.com\/en\/wp-json\/wp\/v2\/media?parent=6080"}],"wp:term":[{"taxonomy":"product_brand","embeddable":true,"href":"https:\/\/tienda.pujolclima.com\/en\/wp-json\/wp\/v2\/product_brand?post=6080"},{"taxonomy":"product_cat","embeddable":true,"href":"https:\/\/tienda.pujolclima.com\/en\/wp-json\/wp\/v2\/product_cat?post=6080"},{"taxonomy":"product_tag","embeddable":true,"href":"https:\/\/tienda.pujolclima.com\/en\/wp-json\/wp\/v2\/product_tag?post=6080"}],"curies":[{"name":"wp","href":"https:\/\/api.w.org\/{rel}","templated":true}]}}