{"id":6078,"date":"2024-12-04T15:11:10","date_gmt":"2024-12-04T14:11:10","guid":{"rendered":"https:\/\/tienda.pujolclima.com\/?post_type=product&#038;p=6078"},"modified":"2026-03-24T18:25:26","modified_gmt":"2026-03-24T17:25:26","slug":"secadora-johnson-10kg-bomba-de-calor-a-display","status":"publish","type":"product","link":"https:\/\/tienda.pujolclima.com\/en\/product\/secadora-johnson-10kg-bomba-de-calor-a-display\/","title":{"rendered":"JOHNSON DRYER 10KG HEAT PUMP A+++ DISPLAY"},"content":{"rendered":"<p>JDRY Range Dryer<br \/>\nWhite Color<br \/>\nCapacity 10 Kg<br \/>\nDrying type: Heat pump<br \/>\nEnergy class A+++<br \/>\nInterior lighting<br \/>\nSafety thermostat<br \/>\nElectronic control<br \/>\nLED Digital Display<br \/>\nElectronic drying control<br \/>\nRemaining time indicator<br \/>\nCycle phase indicator<br \/>\nPossibility of connection to drain<br \/>\nHumidity sensor<br \/>\nDisinfection function:<br \/>\n\u2013 Sanitize Function: Frees clothes from germs<br \/>\nduring drying<br \/>\n\u2013 UV rays: Emission of ultraviolet light to finish<br \/>\nwith viruses and bacteria<\/p>\n<p>Anti-wrinkle function<br \/>\nMy Favorite Program Function<br \/>\nAlert silencer option<br \/>\nFocus Dry: Adjusting the dryness level<br \/>\nTime selector<br \/>\nDelayed Start<br \/>\nEnd of cycle alarm<br \/>\nFilter cleaning notice<br \/>\nFull water tank warning<br \/>\n14 Drying programs<br \/>\nChild lock<br \/>\nTransparent door<br \/>\nDoor opening 180\u00ba<br \/>\nStart\/Pause button<br \/>\nR290 refrigerant\/GWP:3\/CO2<br \/>\nDimensions (HxWxD cm): 84.5\u00d759.5\u00d767.5<\/p>","protected":false},"excerpt":{"rendered":"<p>Secadora Gama JDRY Color Blanco Capacidad 10 Kg Tipo de secado: Bomba de calor Clase energ\u00e9tica A+++ Iluminaci\u00f3n interior Termostato de seguridad Control electr\u00f3nico Display Digital LED Control electr\u00f3nico del secado Indicador de tiempo restante Indicador de fase de ciclo Posibilidad de conexi\u00f3n a desag\u00fce Sensor de humedad Funci\u00f3n desinfecci\u00f3n: &#8211; Sanitize Function: Libera la&#8230;<\/p>","protected":false},"featured_media":6079,"comment_status":"open","ping_status":"closed","template":"","meta":{"_kad_blocks_custom_css":"","_kad_blocks_head_custom_js":"","_kad_blocks_body_custom_js":"","_kad_blocks_footer_custom_js":"","_kad_post_transparent":"default","_kad_post_title":"","_kad_post_layout":"default","_kad_post_sidebar_id":"","_kad_post_content_style":"default","_kad_post_vertical_padding":"default","_kad_post_feature":"","_kad_post_feature_position":"","_kad_post_header":false,"_kad_post_footer":false,"_joinchat":[]},"product_brand":[],"product_cat":[270],"product_tag":[],"class_list":{"0":"post-6078","1":"product","2":"type-product","3":"status-publish","4":"has-post-thumbnail","6":"product_cat-lavadoras-secadoras","8":"first","9":"instock","10":"taxable","11":"shipping-taxable","12":"product-type-external","13":"add-to-wishlist-before_image","14":"entry","15":"content-bg","16":"loop-entry"},"taxonomy_info":{"product_cat":[{"value":270,"label":"Lavadoras \/ Secadoras"}]},"featured_image_src_large":["https:\/\/tienda.pujolclima.com\/wp-content\/uploads\/2024\/12\/jdry10nervion_1.jpg",768,768,false],"author_info":[],"comment_info":0,"_links":{"self":[{"href":"https:\/\/tienda.pujolclima.com\/en\/wp-json\/wp\/v2\/product\/6078","targetHints":{"allow":["GET"]}}],"collection":[{"href":"https:\/\/tienda.pujolclima.com\/en\/wp-json\/wp\/v2\/product"}],"about":[{"href":"https:\/\/tienda.pujolclima.com\/en\/wp-json\/wp\/v2\/types\/product"}],"replies":[{"embeddable":true,"href":"https:\/\/tienda.pujolclima.com\/en\/wp-json\/wp\/v2\/comments?post=6078"}],"wp:featuredmedia":[{"embeddable":true,"href":"https:\/\/tienda.pujolclima.com\/en\/wp-json\/wp\/v2\/media\/6079"}],"wp:attachment":[{"href":"https:\/\/tienda.pujolclima.com\/en\/wp-json\/wp\/v2\/media?parent=6078"}],"wp:term":[{"taxonomy":"product_brand","embeddable":true,"href":"https:\/\/tienda.pujolclima.com\/en\/wp-json\/wp\/v2\/product_brand?post=6078"},{"taxonomy":"product_cat","embeddable":true,"href":"https:\/\/tienda.pujolclima.com\/en\/wp-json\/wp\/v2\/product_cat?post=6078"},{"taxonomy":"product_tag","embeddable":true,"href":"https:\/\/tienda.pujolclima.com\/en\/wp-json\/wp\/v2\/product_tag?post=6078"}],"curies":[{"name":"wp","href":"https:\/\/api.w.org\/{rel}","templated":true}]}}