{"id":6067,"date":"2024-12-04T14:58:39","date_gmt":"2024-12-04T13:58:39","guid":{"rendered":"https:\/\/tienda.pujolclima.com\/?post_type=product&#038;p=6067"},"modified":"2026-03-24T18:29:26","modified_gmt":"2026-03-24T17:29:26","slug":"lavadora-johnson-cf-18kg-1000rpm-inverter-display-blanca","status":"publish","type":"product","link":"https:\/\/tienda.pujolclima.com\/en\/product\/lavadora-johnson-cf-18kg-1000rpm-inverter-display-blanca\/","title":{"rendered":"JOHNSON CF 18KG 1000RPM INVERTER DISPLAY WHITE WASHER"},"content":{"rendered":"<p>Turia Range Washing Machine<br \/>\nWhite Color<br \/>\nCapacity 18 Kg<br \/>\nSpin up to 1,000 rpm<br \/>\nEnergy class D\/ Spin class C<br \/>\nINVERTER motor<br \/>\nVapCare: Additional steam cleaning stage to eliminate odors<br \/>\nSpeed function: Reduces the duration of the program<br \/>\nPrewash function<br \/>\nWater Plus Function<br \/>\nExtra anti-allergenic rinse function<br \/>\nStop function plus load more clothes<br \/>\nChild lock<br \/>\nAlert silencer option<br \/>\nLED Digital Display<br \/>\nMy Favorite Program<\/p>\n<p>ECO Program<br \/>\nDisinfection Program<br \/>\nDrum cleaning program<br \/>\nExpress program 40&#039;<br \/>\nInstant door opening<br \/>\nGiant Gate<br \/>\nQcare drum design for greater care of the<br \/>\nclothes<br \/>\nTemperature Selector<br \/>\nSpin Selector<br \/>\nDirt Level Selector<br \/>\nStart\/Pause button<br \/>\n12 Programs<br \/>\nDelayed start<br \/>\nDimensions (HxWxD cm): 101x69x87<\/p>","protected":false},"excerpt":{"rendered":"<p>Lavadora Gama Turia Color Blanco Capacidad 18 Kg Centrifugado hasta 1.000 rpm Clase energ\u00e9tica D\/ De centrifugado C Motor INVERTER VapCare: Etapa adicional de lavado con vapor para eliminar olores Funci\u00f3n Speed: Reduce la duraci\u00f3n del programa Funci\u00f3n Prelavado Funci\u00f3n Water Plus Funci\u00f3n aclarado extra antial\u00e9rgenos Funci\u00f3n paro m\u00e1s cargo m\u00e1s ropa Bloqueo infantil Opci\u00f3n&#8230;<\/p>","protected":false},"featured_media":6068,"comment_status":"open","ping_status":"closed","template":"","meta":{"_kad_blocks_custom_css":"","_kad_blocks_head_custom_js":"","_kad_blocks_body_custom_js":"","_kad_blocks_footer_custom_js":"","_kad_post_transparent":"default","_kad_post_title":"","_kad_post_layout":"default","_kad_post_sidebar_id":"","_kad_post_content_style":"default","_kad_post_vertical_padding":"default","_kad_post_feature":"","_kad_post_feature_position":"","_kad_post_header":false,"_kad_post_footer":false,"_joinchat":[]},"product_brand":[],"product_cat":[270],"product_tag":[],"class_list":{"0":"post-6067","1":"product","2":"type-product","3":"status-publish","4":"has-post-thumbnail","6":"product_cat-lavadoras-secadoras","8":"first","9":"instock","10":"taxable","11":"shipping-taxable","12":"product-type-external","13":"add-to-wishlist-before_image","14":"entry","15":"content-bg","16":"loop-entry"},"taxonomy_info":{"product_cat":[{"value":270,"label":"Lavadoras \/ Secadoras"}]},"featured_image_src_large":["https:\/\/tienda.pujolclima.com\/wp-content\/uploads\/2024\/12\/turia180.jpg",768,768,false],"author_info":[],"comment_info":0,"_links":{"self":[{"href":"https:\/\/tienda.pujolclima.com\/en\/wp-json\/wp\/v2\/product\/6067","targetHints":{"allow":["GET"]}}],"collection":[{"href":"https:\/\/tienda.pujolclima.com\/en\/wp-json\/wp\/v2\/product"}],"about":[{"href":"https:\/\/tienda.pujolclima.com\/en\/wp-json\/wp\/v2\/types\/product"}],"replies":[{"embeddable":true,"href":"https:\/\/tienda.pujolclima.com\/en\/wp-json\/wp\/v2\/comments?post=6067"}],"wp:featuredmedia":[{"embeddable":true,"href":"https:\/\/tienda.pujolclima.com\/en\/wp-json\/wp\/v2\/media\/6068"}],"wp:attachment":[{"href":"https:\/\/tienda.pujolclima.com\/en\/wp-json\/wp\/v2\/media?parent=6067"}],"wp:term":[{"taxonomy":"product_brand","embeddable":true,"href":"https:\/\/tienda.pujolclima.com\/en\/wp-json\/wp\/v2\/product_brand?post=6067"},{"taxonomy":"product_cat","embeddable":true,"href":"https:\/\/tienda.pujolclima.com\/en\/wp-json\/wp\/v2\/product_cat?post=6067"},{"taxonomy":"product_tag","embeddable":true,"href":"https:\/\/tienda.pujolclima.com\/en\/wp-json\/wp\/v2\/product_tag?post=6067"}],"curies":[{"name":"wp","href":"https:\/\/api.w.org\/{rel}","templated":true}]}}