{"id":6065,"date":"2024-12-04T14:56:53","date_gmt":"2024-12-04T13:56:53","guid":{"rendered":"https:\/\/tienda.pujolclima.com\/?post_type=product&#038;p=6065"},"modified":"2026-03-24T18:30:10","modified_gmt":"2026-03-24T17:30:10","slug":"lavadora-johnson-cf-10kg-1500rpm-nervion-clase-a-autodose-blanca-inverter","status":"publish","type":"product","link":"https:\/\/tienda.pujolclima.com\/en\/product\/lavadora-johnson-cf-10kg-1500rpm-nervion-clase-a-autodose-blanca-inverter\/","title":{"rendered":"JOHNSON CF 10KG 1500RPM NERVION CLASS A AUTODOSE WHITE INVERTER WASHING MACHINE"},"content":{"rendered":"<p>Nervi\u00f3n Range Washing Machine<br \/>\nWhite Color<br \/>\nCapacity 10 Kg<br \/>\nSpin up to 1,500 rpm<br \/>\nEnergy class A\/ Spin class B<br \/>\nINVERTER motor<br \/>\nSmartDose: Automatic detergent dosing<br \/>\nFocusClean: Specific cleaning for 5 different types of stains<br \/>\n(food, drink, sport, work dirt, cosmetics)<br \/>\nVapCare: Additional steam cleaning stage to eliminate odors<br \/>\nEffiload: Sensors that measure the weight of the laundry to adjust<br \/>\nwater and electricity consumption<br \/>\nSpeed function: Reduces the duration of the program<br \/>\nPrewash function<br \/>\nMy Favorite Program Function<br \/>\nExtra anti-allergenic rinse function<br \/>\nStop function plus load of clothes<br \/>\nChild lock<\/p>\n<p>Memory function<br \/>\nAlert silencer option<br \/>\nLED Digital Display<br \/>\nECO Program<br \/>\nExpress programs 15&#039; and 45&#039;<br \/>\nDrum self-cleaning program<br \/>\nInstant door opening<br \/>\nGiant Gate<br \/>\nQcare drum design for greater care of the<br \/>\nclothes<br \/>\nTemperature Selector<br \/>\nSpin Selector<br \/>\nStart\/Pause button<br \/>\n14 Programs<br \/>\nDelayed start<br \/>\nDimensions (HxWxD cm): 85x60x57<\/p>","protected":false},"excerpt":{"rendered":"<p>Lavadora Gama Nervi\u00f3n Color Blanco Capacidad 10 Kg Centrifugado hasta 1.500 rpm Clase energ\u00e9tica A\/ De centrifugado B Motor INVERTER SmartDose: Dosificaci\u00f3n autom\u00e1tica del detergente FocusClean: Lavado espec\u00edfico para 5 tipo de manchas distintas (comida, bebida, deporte, suciedad de trabajo, cosm\u00e9ticos) VapCare: Etapa adicional de lavado con vapor para eliminar olores Effiload: Sensores que miden&#8230;<\/p>","protected":false},"featured_media":6066,"comment_status":"open","ping_status":"closed","template":"","meta":{"_kad_blocks_custom_css":"","_kad_blocks_head_custom_js":"","_kad_blocks_body_custom_js":"","_kad_blocks_footer_custom_js":"","_kad_post_transparent":"default","_kad_post_title":"","_kad_post_layout":"default","_kad_post_sidebar_id":"","_kad_post_content_style":"default","_kad_post_vertical_padding":"default","_kad_post_feature":"","_kad_post_feature_position":"","_kad_post_header":false,"_kad_post_footer":false,"_joinchat":[]},"product_brand":[],"product_cat":[270],"product_tag":[],"class_list":{"0":"post-6065","1":"product","2":"type-product","3":"status-publish","4":"has-post-thumbnail","6":"product_cat-lavadoras-secadoras","8":"first","9":"instock","10":"taxable","11":"shipping-taxable","12":"product-type-external","13":"add-to-wishlist-before_image","14":"entry","15":"content-bg","16":"loop-entry"},"taxonomy_info":{"product_cat":[{"value":270,"label":"Lavadoras \/ Secadoras"}]},"featured_image_src_large":["https:\/\/tienda.pujolclima.com\/wp-content\/uploads\/2024\/12\/nervion10.jpg",768,768,false],"author_info":[],"comment_info":0,"_links":{"self":[{"href":"https:\/\/tienda.pujolclima.com\/en\/wp-json\/wp\/v2\/product\/6065","targetHints":{"allow":["GET"]}}],"collection":[{"href":"https:\/\/tienda.pujolclima.com\/en\/wp-json\/wp\/v2\/product"}],"about":[{"href":"https:\/\/tienda.pujolclima.com\/en\/wp-json\/wp\/v2\/types\/product"}],"replies":[{"embeddable":true,"href":"https:\/\/tienda.pujolclima.com\/en\/wp-json\/wp\/v2\/comments?post=6065"}],"wp:featuredmedia":[{"embeddable":true,"href":"https:\/\/tienda.pujolclima.com\/en\/wp-json\/wp\/v2\/media\/6066"}],"wp:attachment":[{"href":"https:\/\/tienda.pujolclima.com\/en\/wp-json\/wp\/v2\/media?parent=6065"}],"wp:term":[{"taxonomy":"product_brand","embeddable":true,"href":"https:\/\/tienda.pujolclima.com\/en\/wp-json\/wp\/v2\/product_brand?post=6065"},{"taxonomy":"product_cat","embeddable":true,"href":"https:\/\/tienda.pujolclima.com\/en\/wp-json\/wp\/v2\/product_cat?post=6065"},{"taxonomy":"product_tag","embeddable":true,"href":"https:\/\/tienda.pujolclima.com\/en\/wp-json\/wp\/v2\/product_tag?post=6065"}],"curies":[{"name":"wp","href":"https:\/\/api.w.org\/{rel}","templated":true}]}}