{"id":6057,"date":"2024-12-04T14:50:05","date_gmt":"2024-12-04T13:50:05","guid":{"rendered":"https:\/\/tienda.pujolclima.com\/?post_type=product&#038;p=6057"},"modified":"2026-03-24T18:33:35","modified_gmt":"2026-03-24T17:33:35","slug":"lavadora-johnson-cf-8kg-1400rpm-clase-e-23-prog-blanca","status":"publish","type":"product","link":"https:\/\/tienda.pujolclima.com\/en\/product\/lavadora-johnson-cf-8kg-1400rpm-clase-e-23-prog-blanca\/","title":{"rendered":"JOHNSON CF WASHER 8KG 1400RPM CLASS E 23 PROG WHITE"},"content":{"rendered":"<p>EGA Range Washing Machine<br \/>\nWhite Color<br \/>\nCapacity 8 Kg<br \/>\nSpin up to 1,400 rpm<br \/>\nEnergy class E\/ Spin class B<br \/>\nPrewash function<br \/>\nExtra anti-allergenic rinse function<br \/>\nNo spin function<br \/>\nMemory function<\/p>\n<p>Child lock<br \/>\nAlert silencer option<br \/>\nECO Program<br \/>\nDrum cleaning program<br \/>\nExpress programs 15&#039;, 30&#039; and 45&#039;<br \/>\nStart\/Pause button<br \/>\n23 Programs<br \/>\nDelayed start in 3-6-9 hours<br \/>\nDimensions (HxWxD cm): 85\u00d759.5\u00d756.5<\/p>","protected":false},"excerpt":{"rendered":"<p>Lavadora Gama EGA Color Blanco Capacidad 8 Kg Centrifugado hasta 1.400 rpm Clase energ\u00e9tica E\/ De centrifugado B Funci\u00f3n Prelavado Funci\u00f3n aclarado extra antial\u00e9rgenos Funci\u00f3n sin centrifugado Funci\u00f3n memoria Bloqueo infantil Opci\u00f3n silenciador de avisos Programa ECO Programa limpieza del tambor Programas expr\u00e9s 15\u2019, 30\u2019 y 45\u2019 Bot\u00f3n Inicio\/Pausa 23 Programas Inicio diferido en 3-6-9&#8230;<\/p>","protected":false},"featured_media":6058,"comment_status":"open","ping_status":"closed","template":"","meta":{"_kad_blocks_custom_css":"","_kad_blocks_head_custom_js":"","_kad_blocks_body_custom_js":"","_kad_blocks_footer_custom_js":"","_kad_post_transparent":"default","_kad_post_title":"","_kad_post_layout":"default","_kad_post_sidebar_id":"","_kad_post_content_style":"default","_kad_post_vertical_padding":"default","_kad_post_feature":"","_kad_post_feature_position":"","_kad_post_header":false,"_kad_post_footer":false,"_joinchat":[]},"product_brand":[],"product_cat":[270],"product_tag":[],"class_list":{"0":"post-6057","1":"product","2":"type-product","3":"status-publish","4":"has-post-thumbnail","6":"product_cat-lavadoras-secadoras","8":"first","9":"instock","10":"taxable","11":"shipping-taxable","12":"product-type-external","13":"add-to-wishlist-before_image","14":"entry","15":"content-bg","16":"loop-entry"},"taxonomy_info":{"product_cat":[{"value":270,"label":"Lavadoras \/ Secadoras"}]},"featured_image_src_large":["https:\/\/tienda.pujolclima.com\/wp-content\/uploads\/2024\/12\/ega80_1.jpg",768,768,false],"author_info":[],"comment_info":0,"_links":{"self":[{"href":"https:\/\/tienda.pujolclima.com\/en\/wp-json\/wp\/v2\/product\/6057","targetHints":{"allow":["GET"]}}],"collection":[{"href":"https:\/\/tienda.pujolclima.com\/en\/wp-json\/wp\/v2\/product"}],"about":[{"href":"https:\/\/tienda.pujolclima.com\/en\/wp-json\/wp\/v2\/types\/product"}],"replies":[{"embeddable":true,"href":"https:\/\/tienda.pujolclima.com\/en\/wp-json\/wp\/v2\/comments?post=6057"}],"wp:featuredmedia":[{"embeddable":true,"href":"https:\/\/tienda.pujolclima.com\/en\/wp-json\/wp\/v2\/media\/6058"}],"wp:attachment":[{"href":"https:\/\/tienda.pujolclima.com\/en\/wp-json\/wp\/v2\/media?parent=6057"}],"wp:term":[{"taxonomy":"product_brand","embeddable":true,"href":"https:\/\/tienda.pujolclima.com\/en\/wp-json\/wp\/v2\/product_brand?post=6057"},{"taxonomy":"product_cat","embeddable":true,"href":"https:\/\/tienda.pujolclima.com\/en\/wp-json\/wp\/v2\/product_cat?post=6057"},{"taxonomy":"product_tag","embeddable":true,"href":"https:\/\/tienda.pujolclima.com\/en\/wp-json\/wp\/v2\/product_tag?post=6057"}],"curies":[{"name":"wp","href":"https:\/\/api.w.org\/{rel}","templated":true}]}}