{"id":6049,"date":"2024-12-04T14:43:02","date_gmt":"2024-12-04T13:43:02","guid":{"rendered":"https:\/\/tienda.pujolclima.com\/?post_type=product&#038;p=6049"},"modified":"2026-03-24T18:36:04","modified_gmt":"2026-03-24T17:36:04","slug":"lavadora-johnson-cf-12kg-1400rpm-clase-a-inverter-display-blanca","status":"publish","type":"product","link":"https:\/\/tienda.pujolclima.com\/en\/product\/lavadora-johnson-cf-12kg-1400rpm-clase-a-inverter-display-blanca\/","title":{"rendered":"JOHNSON CF WASHER 12KG 1400RPM CLASS A INVERTER DISPLAY WHITE"},"content":{"rendered":"<p>EBRO Range Washing Machine<br \/>\nWhite Color<br \/>\nCapacity 12 Kg<br \/>\nSpin up to 1,400 rpm<br \/>\nEnergy class A\/ Spin class B<br \/>\nINVERTER motor<br \/>\nMaster Clean: Technology and design to make washing free<br \/>\nof germs and bacteria<br \/>\n\u2013 TotalClean self-cleaning system with every wash<br \/>\n\u2013 WaterPush for automatic door cleaning<br \/>\nto eliminate waste and foam<br \/>\n\u2013 Hatch rubber designed with antibacterial material<br \/>\nEffiload: Sensors that measure the weight of the laundry to adjust<br \/>\nwater and electricity consumption<br \/>\nPrewash function<br \/>\nIntensive wash function<br \/>\nExtra anti-allergenic rinse function<br \/>\nStop function plus load of clothes<\/p>\n<p>Child lock<br \/>\nMemory function<br \/>\nAlert silencer option<br \/>\nLED Digital Display<br \/>\nVapCare program to eliminate bacteria and prevent odors<br \/>\nECO Program<br \/>\nExpress programs 15&#039; and 45&#039;<br \/>\nDrum self-cleaning program<br \/>\nInstant door opening<br \/>\nGiant Gate<br \/>\nQcare drum design for greater care of the<br \/>\nclothes<br \/>\nTemperature Selector<br \/>\nSpin Selector<br \/>\nStart\/Pause button<br \/>\n15 Programs<br \/>\nDelayed start<br \/>\nDimensions (HxWxD cm): 85\u00d759.5\u00d766<\/p>","protected":false},"excerpt":{"rendered":"<p>Lavadora Gama EBRO Color Blanco Capacidad 12 Kg Centrifugado hasta 1.400 rpm Clase energ\u00e9tica A\/ De centrifugado B Motor INVERTER Master Clean: Tecnolog\u00eda y dise\u00f1o para que el lavado est\u00e9 libre de g\u00e9rmenes y bacterias &#8211; Sistema TotalClean de autolimpieza en cada lavado &#8211; WaterPush para una limpieza autom\u00e1tica de la puerta para acabar con&#8230;<\/p>","protected":false},"featured_media":6050,"comment_status":"open","ping_status":"closed","template":"","meta":{"_kad_blocks_custom_css":"","_kad_blocks_head_custom_js":"","_kad_blocks_body_custom_js":"","_kad_blocks_footer_custom_js":"","_kad_post_transparent":"default","_kad_post_title":"","_kad_post_layout":"default","_kad_post_sidebar_id":"","_kad_post_content_style":"default","_kad_post_vertical_padding":"default","_kad_post_feature":"","_kad_post_feature_position":"","_kad_post_header":false,"_kad_post_footer":false,"_joinchat":[]},"product_brand":[],"product_cat":[270],"product_tag":[],"class_list":{"0":"post-6049","1":"product","2":"type-product","3":"status-publish","4":"has-post-thumbnail","6":"product_cat-lavadoras-secadoras","8":"first","9":"instock","10":"taxable","11":"shipping-taxable","12":"product-type-external","13":"add-to-wishlist-before_image","14":"entry","15":"content-bg","16":"loop-entry"},"taxonomy_info":{"product_cat":[{"value":270,"label":"Lavadoras \/ Secadoras"}]},"featured_image_src_large":["https:\/\/tienda.pujolclima.com\/wp-content\/uploads\/2024\/12\/ebro120.jpg",768,768,false],"author_info":[],"comment_info":0,"_links":{"self":[{"href":"https:\/\/tienda.pujolclima.com\/en\/wp-json\/wp\/v2\/product\/6049","targetHints":{"allow":["GET"]}}],"collection":[{"href":"https:\/\/tienda.pujolclima.com\/en\/wp-json\/wp\/v2\/product"}],"about":[{"href":"https:\/\/tienda.pujolclima.com\/en\/wp-json\/wp\/v2\/types\/product"}],"replies":[{"embeddable":true,"href":"https:\/\/tienda.pujolclima.com\/en\/wp-json\/wp\/v2\/comments?post=6049"}],"wp:featuredmedia":[{"embeddable":true,"href":"https:\/\/tienda.pujolclima.com\/en\/wp-json\/wp\/v2\/media\/6050"}],"wp:attachment":[{"href":"https:\/\/tienda.pujolclima.com\/en\/wp-json\/wp\/v2\/media?parent=6049"}],"wp:term":[{"taxonomy":"product_brand","embeddable":true,"href":"https:\/\/tienda.pujolclima.com\/en\/wp-json\/wp\/v2\/product_brand?post=6049"},{"taxonomy":"product_cat","embeddable":true,"href":"https:\/\/tienda.pujolclima.com\/en\/wp-json\/wp\/v2\/product_cat?post=6049"},{"taxonomy":"product_tag","embeddable":true,"href":"https:\/\/tienda.pujolclima.com\/en\/wp-json\/wp\/v2\/product_tag?post=6049"}],"curies":[{"name":"wp","href":"https:\/\/api.w.org\/{rel}","templated":true}]}}