{"id":6042,"date":"2024-12-04T14:37:01","date_gmt":"2024-12-04T13:37:01","guid":{"rendered":"https:\/\/tienda.pujolclima.com\/?post_type=product&#038;p=6042"},"modified":"2026-03-24T18:38:03","modified_gmt":"2026-03-24T17:38:03","slug":"lavadora-johnson-cf-9kg-1400rpm-clase-a-inverter-display-blanca","status":"publish","type":"product","link":"https:\/\/tienda.pujolclima.com\/en\/product\/lavadora-johnson-cf-9kg-1400rpm-clase-a-inverter-display-blanca\/","title":{"rendered":"JOHNSON CF 9KG 1400RPM CLASS A INVERTER DISPLAY WHITE WASHING MACHINE"},"content":{"rendered":"<p>Washing machine DUERO range<br \/>\nWhite Color<br \/>\nCapacity 9 Kg<br \/>\nSpin up to 1,400 rpm<br \/>\nEnergy class A\/ Spin class B<br \/>\nINVERTER motor<br \/>\nVapCare: Additional steam cleaning stage to eliminate odors<br \/>\nEffiload: Sensors that measure the weight of the laundry to adjust<br \/>\nwater and electricity consumption<br \/>\nPrewash function<br \/>\nExtra anti-allergenic rinse function<br \/>\nStop function plus load of clothes<br \/>\nChild lock<\/p>\n<p>Self-cleaning drum function<br \/>\nMemory function<br \/>\nAlert silencer option<br \/>\nLED Digital Display<br \/>\nECO Program<br \/>\nExpress program 18&#039;<br \/>\nInstant door opening<br \/>\nTemperature Selector<br \/>\nSpin Selector<br \/>\nStart\/Pause button<br \/>\n16 Programs<br \/>\nDelayed start<br \/>\nDimensions (HxWxD cm): 85x60x56<\/p>","protected":false},"excerpt":{"rendered":"<p>Lavadora Gama DUERO Color Blanco Capacidad 9 Kg Centrifugado hasta 1.400 rpm Clase energ\u00e9tica A\/ De centrifugado B Motor INVERTER VapCare: Etapa adicional de lavado con vapor para eliminar olores Effiload: Sensores que miden el peso de la colada para ajustar el consumo de agua y electricidad Funci\u00f3n Prelavado Funci\u00f3n aclarado extra antial\u00e9rgenos Funci\u00f3n paro&#8230;<\/p>","protected":false},"featured_media":6043,"comment_status":"open","ping_status":"closed","template":"","meta":{"_kad_blocks_custom_css":"","_kad_blocks_head_custom_js":"","_kad_blocks_body_custom_js":"","_kad_blocks_footer_custom_js":"","_kad_post_transparent":"default","_kad_post_title":"","_kad_post_layout":"default","_kad_post_sidebar_id":"","_kad_post_content_style":"default","_kad_post_vertical_padding":"default","_kad_post_feature":"","_kad_post_feature_position":"","_kad_post_header":false,"_kad_post_footer":false,"_joinchat":[]},"product_brand":[],"product_cat":[270],"product_tag":[],"class_list":{"0":"post-6042","1":"product","2":"type-product","3":"status-publish","4":"has-post-thumbnail","6":"product_cat-lavadoras-secadoras","8":"first","9":"instock","10":"taxable","11":"shipping-taxable","12":"product-type-external","13":"add-to-wishlist-before_image","14":"entry","15":"content-bg","16":"loop-entry"},"taxonomy_info":{"product_cat":[{"value":270,"label":"Lavadoras \/ Secadoras"}]},"featured_image_src_large":["https:\/\/tienda.pujolclima.com\/wp-content\/uploads\/2024\/12\/duero90.jpg",768,768,false],"author_info":[],"comment_info":0,"_links":{"self":[{"href":"https:\/\/tienda.pujolclima.com\/en\/wp-json\/wp\/v2\/product\/6042","targetHints":{"allow":["GET"]}}],"collection":[{"href":"https:\/\/tienda.pujolclima.com\/en\/wp-json\/wp\/v2\/product"}],"about":[{"href":"https:\/\/tienda.pujolclima.com\/en\/wp-json\/wp\/v2\/types\/product"}],"replies":[{"embeddable":true,"href":"https:\/\/tienda.pujolclima.com\/en\/wp-json\/wp\/v2\/comments?post=6042"}],"wp:featuredmedia":[{"embeddable":true,"href":"https:\/\/tienda.pujolclima.com\/en\/wp-json\/wp\/v2\/media\/6043"}],"wp:attachment":[{"href":"https:\/\/tienda.pujolclima.com\/en\/wp-json\/wp\/v2\/media?parent=6042"}],"wp:term":[{"taxonomy":"product_brand","embeddable":true,"href":"https:\/\/tienda.pujolclima.com\/en\/wp-json\/wp\/v2\/product_brand?post=6042"},{"taxonomy":"product_cat","embeddable":true,"href":"https:\/\/tienda.pujolclima.com\/en\/wp-json\/wp\/v2\/product_cat?post=6042"},{"taxonomy":"product_tag","embeddable":true,"href":"https:\/\/tienda.pujolclima.com\/en\/wp-json\/wp\/v2\/product_tag?post=6042"}],"curies":[{"name":"wp","href":"https:\/\/api.w.org\/{rel}","templated":true}]}}