{"id":6035,"date":"2024-12-04T13:53:47","date_gmt":"2024-12-04T12:53:47","guid":{"rendered":"https:\/\/tienda.pujolclima.com\/?post_type=product&#038;p=6035"},"modified":"2026-03-24T18:40:13","modified_gmt":"2026-03-24T17:40:13","slug":"campana-decorativa-johnson-90cm-800m3-h-cristal-negra","status":"publish","type":"product","link":"https:\/\/tienda.pujolclima.com\/en\/product\/campana-decorativa-johnson-90cm-800m3-h-cristal-negra\/","title":{"rendered":"JOHNSON DECORATIVE HOOD 90CM 800M3\/H BLACK GLASS"},"content":{"rendered":"<p>Inclined wall hood<br \/>\nWidth 90 cm<br \/>\nBlack Crystal<br \/>\nPerimeter aspiration<br \/>\nTouch control<br \/>\n4 power levels<br \/>\nTurbo function<br \/>\nExtraction capacity: 801.8 m3<br \/>\n\/h<br \/>\n(Min: 262.4 m3<br \/>\n\/h \u2013 Max: 584.3m3<br \/>\n\/h \u2013 Turbo: 801.8 m3<br \/>\n\/h)<br \/>\nLED lighting: 2\u00d71.5W<br \/>\n5-layer washable aluminum filter<\/p>\n<p>Energy class A<br \/>\nMotor power: 250W\/Total power: 253W<br \/>\nSound power: 62 dB<br \/>\nOptional recirculation installation<br \/>\n(TL1200 carbon filter accessories separately)<br \/>\nDimensions (HxWxD cm):<br \/>\n88\/127 (min\/max)x90x41.8<br \/>\n(Complete chimney extension kit in stainless steel colour<br \/>\n(stainless steel tube cover + stainless steel extension) up to 1.4 meters<br \/>\nTLCHIM1400XK separately)<\/p>","protected":false},"excerpt":{"rendered":"<p>Campana de pared inclinada Ancho 90 cm Cristal Negro Aspiraci\u00f3n perimetral Control t\u00e1ctil 4 niveles de potencia Funci\u00f3n Turbo Capacidad de extracci\u00f3n: 801,8 m3 \/h (M\u00edn: 262,4 m3 \/h &#8211; M\u00e1x: 584,3m3 \/h &#8211; Turbo: 801,8 m3 \/h) Iluminaci\u00f3n LED: 2&#215;1,5W Filtro de aluminio lavable 5 capas Clase energ\u00e9tica A Potencia motor: 250W\/Potencia total: 253W&#8230;<\/p>","protected":false},"featured_media":6036,"comment_status":"open","ping_status":"closed","template":"","meta":{"_kad_blocks_custom_css":"","_kad_blocks_head_custom_js":"","_kad_blocks_body_custom_js":"","_kad_blocks_footer_custom_js":"","_kad_post_transparent":"default","_kad_post_title":"","_kad_post_layout":"default","_kad_post_sidebar_id":"","_kad_post_content_style":"default","_kad_post_vertical_padding":"default","_kad_post_feature":"","_kad_post_feature_position":"","_kad_post_header":false,"_kad_post_footer":false,"_joinchat":[]},"product_brand":[],"product_cat":[268],"product_tag":[],"class_list":{"0":"post-6035","1":"product","2":"type-product","3":"status-publish","4":"has-post-thumbnail","6":"product_cat-campanas","8":"first","9":"instock","10":"taxable","11":"shipping-taxable","12":"product-type-external","13":"add-to-wishlist-before_image","14":"entry","15":"content-bg","16":"loop-entry"},"taxonomy_info":{"product_cat":[{"value":268,"label":"Campanas"}]},"featured_image_src_large":["https:\/\/tienda.pujolclima.com\/wp-content\/uploads\/2024\/12\/kon908n.jpg",768,768,false],"author_info":[],"comment_info":0,"_links":{"self":[{"href":"https:\/\/tienda.pujolclima.com\/en\/wp-json\/wp\/v2\/product\/6035","targetHints":{"allow":["GET"]}}],"collection":[{"href":"https:\/\/tienda.pujolclima.com\/en\/wp-json\/wp\/v2\/product"}],"about":[{"href":"https:\/\/tienda.pujolclima.com\/en\/wp-json\/wp\/v2\/types\/product"}],"replies":[{"embeddable":true,"href":"https:\/\/tienda.pujolclima.com\/en\/wp-json\/wp\/v2\/comments?post=6035"}],"wp:featuredmedia":[{"embeddable":true,"href":"https:\/\/tienda.pujolclima.com\/en\/wp-json\/wp\/v2\/media\/6036"}],"wp:attachment":[{"href":"https:\/\/tienda.pujolclima.com\/en\/wp-json\/wp\/v2\/media?parent=6035"}],"wp:term":[{"taxonomy":"product_brand","embeddable":true,"href":"https:\/\/tienda.pujolclima.com\/en\/wp-json\/wp\/v2\/product_brand?post=6035"},{"taxonomy":"product_cat","embeddable":true,"href":"https:\/\/tienda.pujolclima.com\/en\/wp-json\/wp\/v2\/product_cat?post=6035"},{"taxonomy":"product_tag","embeddable":true,"href":"https:\/\/tienda.pujolclima.com\/en\/wp-json\/wp\/v2\/product_tag?post=6035"}],"curies":[{"name":"wp","href":"https:\/\/api.w.org\/{rel}","templated":true}]}}