{"id":6004,"date":"2024-12-04T13:13:16","date_gmt":"2024-12-04T12:13:16","guid":{"rendered":"https:\/\/tienda.pujolclima.com\/?post_type=product&#038;p=6004"},"modified":"2026-03-24T18:50:21","modified_gmt":"2026-03-24T17:50:21","slug":"microondas-johnson-20l-700w-grill-1000w-blanco","status":"publish","type":"product","link":"https:\/\/tienda.pujolclima.com\/en\/product\/microondas-johnson-20l-700w-grill-1000w-blanco\/","title":{"rendered":"JOHNSON MICROWAVE 20L 700W GRILL 1000W WHITE"},"content":{"rendered":"<p>Freestanding Microwave<br \/>\nWhite Color<br \/>\nCapacity 20 liters<br \/>\nMicrowave power: 700W<br \/>\nGrill power: 1,000W<br \/>\nMechanical control<br \/>\nInterior lighting<br \/>\nSimultaneous grilling<br \/>\nQuartz grill<br \/>\n5 power levels<br \/>\n3 levels of Microwave+Grill combination<br \/>\nTimer<br \/>\nDefrost function by time and weight<br \/>\nPlate dimensions: 255mm<br \/>\nDimensions (HxWxD cm): 25.9x44x33.5<\/p>","protected":false},"excerpt":{"rendered":"<p>Microondas Libre Instalaci\u00f3n Color Blanco Capacidad 20 litros Potencia Microondas: 700W Potencia Grill: 1.000W Control mec\u00e1nico Iluminaci\u00f3n interior Grill simult\u00e1neo Grill de cuarzo 5 niveles de potencia 3 niveles de combinaci\u00f3n Microondas+Grill Temporizador Funci\u00f3n descongelaci\u00f3n por tiempo y peso Dimensiones del plato: 255mm Dimensiones (AlxAnxFon cm): 25,9x44x33,5<\/p>","protected":false},"featured_media":6005,"comment_status":"open","ping_status":"closed","template":"","meta":{"_kad_blocks_custom_css":"","_kad_blocks_head_custom_js":"","_kad_blocks_body_custom_js":"","_kad_blocks_footer_custom_js":"","_kad_post_transparent":"default","_kad_post_title":"","_kad_post_layout":"default","_kad_post_sidebar_id":"","_kad_post_content_style":"default","_kad_post_vertical_padding":"default","_kad_post_feature":"","_kad_post_feature_position":"","_kad_post_header":false,"_kad_post_footer":false,"_joinchat":[]},"product_brand":[],"product_cat":[271],"product_tag":[],"class_list":{"0":"post-6004","1":"product","2":"type-product","3":"status-publish","4":"has-post-thumbnail","6":"product_cat-microondas","8":"first","9":"instock","10":"taxable","11":"shipping-taxable","12":"product-type-external","13":"add-to-wishlist-before_image","14":"entry","15":"content-bg","16":"loop-entry"},"taxonomy_info":{"product_cat":[{"value":271,"label":"Microondas"}]},"featured_image_src_large":["https:\/\/tienda.pujolclima.com\/wp-content\/uploads\/2024\/12\/jomi20gb.jpg",768,768,false],"author_info":[],"comment_info":0,"_links":{"self":[{"href":"https:\/\/tienda.pujolclima.com\/en\/wp-json\/wp\/v2\/product\/6004","targetHints":{"allow":["GET"]}}],"collection":[{"href":"https:\/\/tienda.pujolclima.com\/en\/wp-json\/wp\/v2\/product"}],"about":[{"href":"https:\/\/tienda.pujolclima.com\/en\/wp-json\/wp\/v2\/types\/product"}],"replies":[{"embeddable":true,"href":"https:\/\/tienda.pujolclima.com\/en\/wp-json\/wp\/v2\/comments?post=6004"}],"wp:featuredmedia":[{"embeddable":true,"href":"https:\/\/tienda.pujolclima.com\/en\/wp-json\/wp\/v2\/media\/6005"}],"wp:attachment":[{"href":"https:\/\/tienda.pujolclima.com\/en\/wp-json\/wp\/v2\/media?parent=6004"}],"wp:term":[{"taxonomy":"product_brand","embeddable":true,"href":"https:\/\/tienda.pujolclima.com\/en\/wp-json\/wp\/v2\/product_brand?post=6004"},{"taxonomy":"product_cat","embeddable":true,"href":"https:\/\/tienda.pujolclima.com\/en\/wp-json\/wp\/v2\/product_cat?post=6004"},{"taxonomy":"product_tag","embeddable":true,"href":"https:\/\/tienda.pujolclima.com\/en\/wp-json\/wp\/v2\/product_tag?post=6004"}],"curies":[{"name":"wp","href":"https:\/\/api.w.org\/{rel}","templated":true}]}}