{"id":5991,"date":"2024-12-04T12:37:52","date_gmt":"2024-12-04T11:37:52","guid":{"rendered":"https:\/\/tienda.pujolclima.com\/?post_type=product&#038;p=5991"},"modified":"2026-03-24T18:53:17","modified_gmt":"2026-03-24T17:53:17","slug":"combi-johnson-nf-2018x595x66cm-steel-cooling-display-cristalnegro","status":"publish","type":"product","link":"https:\/\/tienda.pujolclima.com\/en\/product\/combi-johnson-nf-2018x595x66cm-steel-cooling-display-cristalnegro\/","title":{"rendered":"COMBI JOHNSON NF 201.8X59.5X66CM STEEL COOLING DISPLAY BLACK GLASS"},"content":{"rendered":"<p>Combi Refrigerator<br \/>\nBlack Crystal<br \/>\nTotal No Frost Metal Cooling<br \/>\nMulti Air-Flow Design<br \/>\nFull Inverter<br \/>\nEnergy class E<br \/>\nClimate class SN-N-ST-T<br \/>\nElectronic temperature control with display on door<br \/>\nDual temperature control<br \/>\nLED interior lighting<br \/>\nPowerCool&amp;PowerFreeze: Fast cooling and freezing modes<br \/>\nHoliday mode<br \/>\nChild lock<\/p>\n<p>Door opening alarm<br \/>\nFresh Zone for fruits and vegetables<br \/>\nFresh Zone for meat and fish<br \/>\n2 litre bottle rack<br \/>\nChrome wine rack<br \/>\nWall mountable<br \/>\nOpening of doors and drawers at 90\u00ba<br \/>\nIntegrated door handle<br \/>\nReversible door<br \/>\nLow noise level<br \/>\nRefrigerator capacity (liters): 256<br \/>\nFreezer capacity (litres): 122<br \/>\nDimensions (HxWxD cm): 201.8\u00d759.5\u00d766<\/p>","protected":false},"excerpt":{"rendered":"<p>Frigor\u00edfico Combi Cristal Negro Total No Frost MetalCooling Dise\u00f1o Multi Air-Flow Full Inverter Clase energ\u00e9tica E Clase clim\u00e1tica SN-N-ST-T Control electr\u00f3nico de la temperatura con display en puerta Control dual de la temperatura Iluminaci\u00f3n interior LED PowerCool&amp;PowerFreeze: Modos de refrigeraci\u00f3n y congelaci\u00f3n r\u00e1pidos Modo vacaciones Bloqueo infantil Alarma de apertura de puerta Zona Fresh para&#8230;<\/p>","protected":false},"featured_media":5992,"comment_status":"open","ping_status":"closed","template":"","meta":{"_kad_blocks_custom_css":"","_kad_blocks_head_custom_js":"","_kad_blocks_body_custom_js":"","_kad_blocks_footer_custom_js":"","_kad_post_transparent":"default","_kad_post_title":"","_kad_post_layout":"default","_kad_post_sidebar_id":"","_kad_post_content_style":"default","_kad_post_vertical_padding":"default","_kad_post_feature":"","_kad_post_feature_position":"","_kad_post_header":false,"_kad_post_footer":false,"_joinchat":[]},"product_brand":[],"product_cat":[269],"product_tag":[],"class_list":{"0":"post-5991","1":"product","2":"type-product","3":"status-publish","4":"has-post-thumbnail","6":"product_cat-neveras","8":"first","9":"instock","10":"taxable","11":"shipping-taxable","12":"product-type-external","13":"add-to-wishlist-before_image","14":"entry","15":"content-bg","16":"loop-entry"},"taxonomy_info":{"product_cat":[{"value":269,"label":"Neveras"}]},"featured_image_src_large":["https:\/\/tienda.pujolclima.com\/wp-content\/uploads\/2024\/12\/jrc201en2gn_1.jpg",768,768,false],"author_info":[],"comment_info":0,"_links":{"self":[{"href":"https:\/\/tienda.pujolclima.com\/en\/wp-json\/wp\/v2\/product\/5991","targetHints":{"allow":["GET"]}}],"collection":[{"href":"https:\/\/tienda.pujolclima.com\/en\/wp-json\/wp\/v2\/product"}],"about":[{"href":"https:\/\/tienda.pujolclima.com\/en\/wp-json\/wp\/v2\/types\/product"}],"replies":[{"embeddable":true,"href":"https:\/\/tienda.pujolclima.com\/en\/wp-json\/wp\/v2\/comments?post=5991"}],"wp:featuredmedia":[{"embeddable":true,"href":"https:\/\/tienda.pujolclima.com\/en\/wp-json\/wp\/v2\/media\/5992"}],"wp:attachment":[{"href":"https:\/\/tienda.pujolclima.com\/en\/wp-json\/wp\/v2\/media?parent=5991"}],"wp:term":[{"taxonomy":"product_brand","embeddable":true,"href":"https:\/\/tienda.pujolclima.com\/en\/wp-json\/wp\/v2\/product_brand?post=5991"},{"taxonomy":"product_cat","embeddable":true,"href":"https:\/\/tienda.pujolclima.com\/en\/wp-json\/wp\/v2\/product_cat?post=5991"},{"taxonomy":"product_tag","embeddable":true,"href":"https:\/\/tienda.pujolclima.com\/en\/wp-json\/wp\/v2\/product_tag?post=5991"}],"curies":[{"name":"wp","href":"https:\/\/api.w.org\/{rel}","templated":true}]}}