{"id":5985,"date":"2024-12-04T12:26:30","date_gmt":"2024-12-04T11:26:30","guid":{"rendered":"https:\/\/tienda.pujolclima.com\/?post_type=product&#038;p=5985"},"modified":"2026-03-24T18:54:26","modified_gmt":"2026-03-24T17:54:26","slug":"neveracombi-johnson-nf-201x595x65cm-blanco","status":"publish","type":"product","link":"https:\/\/tienda.pujolclima.com\/en\/product\/neveracombi-johnson-nf-201x595x65cm-blanco\/","title":{"rendered":"JOHNSON NF COMBI FRIDGE 201X59.5X65CM WHITE"},"content":{"rendered":"<p>Characteristics<br \/>\nCombi Refrigerator<br \/>\nWhite<br \/>\nEnergy class E<br \/>\nNo Frost \u2013 MultiCooling Design with Independent Cooling<br \/>\nrefrigerator\/freezer<br \/>\nClimate class SN-T<br \/>\nElectronic temperature control with internal display<br \/>\nDual temperature control<br \/>\nLED interior lighting<br \/>\nPowerFreeze: Fast freezing mode<br \/>\nModel<br \/>\nJRC201EMW<br \/>\nEAN 8435666508737<br \/>\nEco Mode<br \/>\nHumidity controlled fresh produce drawer<br \/>\nZone 0\u00ba<br \/>\n2 litre bottle rack<br \/>\nAcoustic alarm for open door<br \/>\nReversible door<br \/>\nLow noise level<br \/>\nRefrigerator capacity (liters): 266<br \/>\nFreezer capacity (litres): 101<br \/>\nDimensions (HxWxD cm): 201\u00d759.5\u00d765<\/p>","protected":false},"excerpt":{"rendered":"<p>Caracter\u00edsticas Frigor\u00edfico Combi Blanco Clase energ\u00e9tica E No Frost &#8211; Dise\u00f1o MultiCooling con Enfriamiento independiente refrigerador\/congelador Clase clim\u00e1tica SN-T Control electr\u00f3nico de la temperatura con display interior Control dual de la temperatura Iluminaci\u00f3n interior LED PowerFreeze: Modo de congelaci\u00f3n r\u00e1pido Modelo JRC201EMW EAN 8435666508737 Modo Eco Caj\u00f3n para productos frescos con control de humedad Zona&#8230;<\/p>","protected":false},"featured_media":5986,"comment_status":"open","ping_status":"closed","template":"","meta":{"_kad_blocks_custom_css":"","_kad_blocks_head_custom_js":"","_kad_blocks_body_custom_js":"","_kad_blocks_footer_custom_js":"","_kad_post_transparent":"default","_kad_post_title":"","_kad_post_layout":"default","_kad_post_sidebar_id":"","_kad_post_content_style":"default","_kad_post_vertical_padding":"default","_kad_post_feature":"","_kad_post_feature_position":"","_kad_post_header":false,"_kad_post_footer":false,"_joinchat":[]},"product_brand":[],"product_cat":[269],"product_tag":[],"class_list":{"0":"post-5985","1":"product","2":"type-product","3":"status-publish","4":"has-post-thumbnail","6":"product_cat-neveras","8":"first","9":"instock","10":"taxable","11":"shipping-taxable","12":"product-type-external","13":"add-to-wishlist-before_image","14":"entry","15":"content-bg","16":"loop-entry"},"taxonomy_info":{"product_cat":[{"value":269,"label":"Neveras"}]},"featured_image_src_large":["https:\/\/tienda.pujolclima.com\/wp-content\/uploads\/2024\/12\/jrc201emw.jpg",768,768,false],"author_info":[],"comment_info":0,"_links":{"self":[{"href":"https:\/\/tienda.pujolclima.com\/en\/wp-json\/wp\/v2\/product\/5985","targetHints":{"allow":["GET"]}}],"collection":[{"href":"https:\/\/tienda.pujolclima.com\/en\/wp-json\/wp\/v2\/product"}],"about":[{"href":"https:\/\/tienda.pujolclima.com\/en\/wp-json\/wp\/v2\/types\/product"}],"replies":[{"embeddable":true,"href":"https:\/\/tienda.pujolclima.com\/en\/wp-json\/wp\/v2\/comments?post=5985"}],"wp:featuredmedia":[{"embeddable":true,"href":"https:\/\/tienda.pujolclima.com\/en\/wp-json\/wp\/v2\/media\/5986"}],"wp:attachment":[{"href":"https:\/\/tienda.pujolclima.com\/en\/wp-json\/wp\/v2\/media?parent=5985"}],"wp:term":[{"taxonomy":"product_brand","embeddable":true,"href":"https:\/\/tienda.pujolclima.com\/en\/wp-json\/wp\/v2\/product_brand?post=5985"},{"taxonomy":"product_cat","embeddable":true,"href":"https:\/\/tienda.pujolclima.com\/en\/wp-json\/wp\/v2\/product_cat?post=5985"},{"taxonomy":"product_tag","embeddable":true,"href":"https:\/\/tienda.pujolclima.com\/en\/wp-json\/wp\/v2\/product_tag?post=5985"}],"curies":[{"name":"wp","href":"https:\/\/api.w.org\/{rel}","templated":true}]}}