{"id":5969,"date":"2024-12-04T12:00:33","date_gmt":"2024-12-04T11:00:33","guid":{"rendered":"https:\/\/tienda.pujolclima.com\/?post_type=product&#038;p=5969"},"modified":"2026-03-24T18:57:52","modified_gmt":"2026-03-24T17:57:52","slug":"nevera-combi-johnson-nf-180x54-5x62-5cm-clase-e-blanco","status":"publish","type":"product","link":"https:\/\/tienda.pujolclima.com\/en\/product\/nevera-combi-johnson-nf-180x54-5x62-5cm-clase-e-blanco\/","title":{"rendered":"JOHNSON NF COMBI FRIDGE 180X54.5X62.5CM WHITE"},"content":{"rendered":"<p>Combi Refrigerator<br \/>\nWhite Color<br \/>\nTotal No Frost<br \/>\nEnergy class E<br \/>\nClimate class N-ST<br \/>\nElectronic temperature control with internal LED display<br \/>\nLED interior lighting<br \/>\nPowerCool: Fast cooling mode<br \/>\nVegetable drawer<br \/>\n2 litre bottle rack<br \/>\nReversible door<br \/>\nLow noise level<br \/>\nRefrigerator capacity (liters): 199<br \/>\nFreezer capacity (litres): 71<br \/>\nDimensions (HxWxD cm): 180\u00d754.5\u00d762.5<\/p>","protected":false},"excerpt":{"rendered":"<p>Frigor\u00edfico Combi Color Blanco Total No Frost Clase energ\u00e9tica E Clase clim\u00e1tica N-ST Control electr\u00f3nico de la temperatura con display LED interior Iluminaci\u00f3n interior LED PowerCool: Modo de refrigeraci\u00f3n r\u00e1pido Caj\u00f3n para verduras Estante para botellas de 2 litros Puerta reversible Bajo nivel sonoro Capacidad de refrigerador (litros): 199 Capacidad congelador (litros): 71 Dimensiones (AlxAnxFon&#8230;<\/p>","protected":false},"featured_media":5970,"comment_status":"open","ping_status":"closed","template":"","meta":{"_kad_blocks_custom_css":"","_kad_blocks_head_custom_js":"","_kad_blocks_body_custom_js":"","_kad_blocks_footer_custom_js":"","_kad_post_transparent":"default","_kad_post_title":"","_kad_post_layout":"default","_kad_post_sidebar_id":"","_kad_post_content_style":"default","_kad_post_vertical_padding":"default","_kad_post_feature":"","_kad_post_feature_position":"","_kad_post_header":false,"_kad_post_footer":false,"_joinchat":[]},"product_brand":[],"product_cat":[269],"product_tag":[],"class_list":{"0":"post-5969","1":"product","2":"type-product","3":"status-publish","4":"has-post-thumbnail","6":"product_cat-neveras","8":"first","9":"instock","10":"taxable","11":"shipping-taxable","12":"product-type-external","13":"add-to-wishlist-before_image","14":"entry","15":"content-bg","16":"loop-entry"},"taxonomy_info":{"product_cat":[{"value":269,"label":"Neveras"}]},"featured_image_src_large":["https:\/\/tienda.pujolclima.com\/wp-content\/uploads\/2024\/12\/jrc1805en1w_1.jpg",768,768,false],"author_info":[],"comment_info":0,"_links":{"self":[{"href":"https:\/\/tienda.pujolclima.com\/en\/wp-json\/wp\/v2\/product\/5969","targetHints":{"allow":["GET"]}}],"collection":[{"href":"https:\/\/tienda.pujolclima.com\/en\/wp-json\/wp\/v2\/product"}],"about":[{"href":"https:\/\/tienda.pujolclima.com\/en\/wp-json\/wp\/v2\/types\/product"}],"replies":[{"embeddable":true,"href":"https:\/\/tienda.pujolclima.com\/en\/wp-json\/wp\/v2\/comments?post=5969"}],"wp:featuredmedia":[{"embeddable":true,"href":"https:\/\/tienda.pujolclima.com\/en\/wp-json\/wp\/v2\/media\/5970"}],"wp:attachment":[{"href":"https:\/\/tienda.pujolclima.com\/en\/wp-json\/wp\/v2\/media?parent=5969"}],"wp:term":[{"taxonomy":"product_brand","embeddable":true,"href":"https:\/\/tienda.pujolclima.com\/en\/wp-json\/wp\/v2\/product_brand?post=5969"},{"taxonomy":"product_cat","embeddable":true,"href":"https:\/\/tienda.pujolclima.com\/en\/wp-json\/wp\/v2\/product_cat?post=5969"},{"taxonomy":"product_tag","embeddable":true,"href":"https:\/\/tienda.pujolclima.com\/en\/wp-json\/wp\/v2\/product_tag?post=5969"}],"curies":[{"name":"wp","href":"https:\/\/api.w.org\/{rel}","templated":true}]}}