{"id":5967,"date":"2024-12-04T11:57:25","date_gmt":"2024-12-04T10:57:25","guid":{"rendered":"https:\/\/tienda.pujolclima.com\/?post_type=product&#038;p=5967"},"modified":"2026-03-24T18:58:30","modified_gmt":"2026-03-24T17:58:30","slug":"nevera-combi-eas-electric-200x60cm-steel-cooling-display-cristal-blanco","status":"publish","type":"product","link":"https:\/\/tienda.pujolclima.com\/en\/product\/nevera-combi-eas-electric-200x60cm-steel-cooling-display-cristal-blanco\/","title":{"rendered":"COMBI EAS ELECTRIC FRIDGE 200X60CM STEEL COOLING DISPLAY WHITE GLASS"},"content":{"rendered":"<p>\u2022 Combi Refrigerator<br \/>\n\u2022 White Crystal<br \/>\n\u2022 Total No Frost SteelCooling<br \/>\n\u2022 Energy class E<br \/>\n\u2022 Climate class SN-N-ST-T<br \/>\n\u2022 Multi-Air Flow Design<br \/>\n\u2022 Electronic control with LED display on door<br \/>\n\u2022 Dual temperature control<br \/>\n\u2022 LED interior lighting<br \/>\n\u2022 InstantCool&amp;InstantFreeze:<br \/>\nSuper fast cooling and freezing mode<br \/>\n\u2022 Vacation mode<br \/>\n\u2022 Child lock<br \/>\n\u2022 Fresh Zone for vegetables and fruits<br \/>\n\u2022 Fresh Zone for meat and fish<br \/>\n\u2022 2 litre bottle rack<br \/>\n\u2022 Reversible door<br \/>\n\u2022 Door and drawer opening at 90\u00ba<br \/>\n\u2022 Integrated door handle<br \/>\n\u2022 Low noise level<br \/>\n\u2022 Refrigerator capacity (liters): 256<br \/>\n\u2022 Freezer capacity (liters): 122<br \/>\n\u2022 Dimensions (cm): H: 201.8 x W: 59.5 x D: 66<\/p>","protected":false},"excerpt":{"rendered":"<p>\u2022 Frigor\u00edfico Combi \u2022 Cristal Blanco \u2022 Total No Frost SteelCooling \u2022 Clase energ\u00e9tica E \u2022 Clase clim\u00e1tica SN-N-ST-T \u2022 Dise\u00f1o Multi-Air Flow \u2022 Control electr\u00f3nico con display LED en puerta \u2022 Control dual de la temperatura \u2022 Iluminaci\u00f3n interior LED \u2022 InstantCool&amp;InstantFreeze: Modo enfriamiento y congelaci\u00f3n s\u00faper r\u00e1pidos \u2022 Modo vacaciones \u2022 Bloqueo infantil&#8230;<\/p>","protected":false},"featured_media":5968,"comment_status":"open","ping_status":"closed","template":"","meta":{"_kad_blocks_custom_css":"","_kad_blocks_head_custom_js":"","_kad_blocks_body_custom_js":"","_kad_blocks_footer_custom_js":"","_kad_post_transparent":"default","_kad_post_title":"","_kad_post_layout":"default","_kad_post_sidebar_id":"","_kad_post_content_style":"default","_kad_post_vertical_padding":"default","_kad_post_feature":"","_kad_post_feature_position":"","_kad_post_header":false,"_kad_post_footer":false,"_joinchat":[]},"product_brand":[],"product_cat":[269],"product_tag":[],"class_list":{"0":"post-5967","1":"product","2":"type-product","3":"status-publish","4":"has-post-thumbnail","6":"product_cat-neveras","8":"first","9":"instock","10":"taxable","11":"shipping-taxable","12":"product-type-external","13":"add-to-wishlist-before_image","14":"entry","15":"content-bg","16":"loop-entry"},"taxonomy_info":{"product_cat":[{"value":269,"label":"Neveras"}]},"featured_image_src_large":["https:\/\/tienda.pujolclima.com\/wp-content\/uploads\/2024\/12\/emc206asgw_1.jpg",768,768,false],"author_info":[],"comment_info":0,"_links":{"self":[{"href":"https:\/\/tienda.pujolclima.com\/en\/wp-json\/wp\/v2\/product\/5967","targetHints":{"allow":["GET"]}}],"collection":[{"href":"https:\/\/tienda.pujolclima.com\/en\/wp-json\/wp\/v2\/product"}],"about":[{"href":"https:\/\/tienda.pujolclima.com\/en\/wp-json\/wp\/v2\/types\/product"}],"replies":[{"embeddable":true,"href":"https:\/\/tienda.pujolclima.com\/en\/wp-json\/wp\/v2\/comments?post=5967"}],"wp:featuredmedia":[{"embeddable":true,"href":"https:\/\/tienda.pujolclima.com\/en\/wp-json\/wp\/v2\/media\/5968"}],"wp:attachment":[{"href":"https:\/\/tienda.pujolclima.com\/en\/wp-json\/wp\/v2\/media?parent=5967"}],"wp:term":[{"taxonomy":"product_brand","embeddable":true,"href":"https:\/\/tienda.pujolclima.com\/en\/wp-json\/wp\/v2\/product_brand?post=5967"},{"taxonomy":"product_cat","embeddable":true,"href":"https:\/\/tienda.pujolclima.com\/en\/wp-json\/wp\/v2\/product_cat?post=5967"},{"taxonomy":"product_tag","embeddable":true,"href":"https:\/\/tienda.pujolclima.com\/en\/wp-json\/wp\/v2\/product_tag?post=5967"}],"curies":[{"name":"wp","href":"https:\/\/api.w.org\/{rel}","templated":true}]}}