{"id":5815,"date":"2024-11-19T09:46:13","date_gmt":"2024-11-19T08:46:13","guid":{"rendered":"https:\/\/tienda.pujolclima.com\/?post_type=product&#038;p=5815"},"modified":"2026-03-24T19:02:49","modified_gmt":"2026-03-24T18:02:49","slug":"gavina-plus-eco-gt-20","status":"publish","type":"product","link":"https:\/\/tienda.pujolclima.com\/en\/product\/gavina-plus-eco-gt-20\/","title":{"rendered":"Gavina Plus ECO GT 20 Diesel Boiler"},"content":{"rendered":"<p>Very low polluting emissions<br \/>\nThe boiler incorporates an efficient burner with very low NOx emissions.<br \/>\nIdeal for domestic installations<br \/>\nTheir compact size, excellent finishes and low noise level make them particularly suitable for domestic installations. The \u201cF\u201d models are sealed combustion models, ideal for installation in kitchens and closed spaces.<br \/>\nGreater comfort in ACS<br \/>\nEquipped with a DHW exchanger, it offers greater control and greater protection against limescale.<br \/>\nAnalog control<br \/>\nEasily change temperatures via the simple analog control panel, which makes operation simple and hassle-free.<br \/>\nCompact design<br \/>\nIts small size allows it to be installed in small spaces, even in kitchen cabinets.<br \/>\nHigh energy efficiency facilities<br \/>\nDimensioned to work at low temperatures and especially suitable for combining in installations with radiators and underfloor heating.<\/p>","protected":false},"excerpt":{"rendered":"<p>Muy bajas emisiones contaminantes La caldera incorpora un eficiente quemador de muy bajas emisiones NOx. Ideal para instalaciones dom\u00e9sticas Sus dimensiones compactas, excelentes acabados y reducido nivel sonoro las hace especialmente indicadas para las instalaciones dom\u00e9sticas. Los modelos &#8220;F&#8221; son los de combusti\u00f3n estanca, ideales para su instalaci\u00f3n en cocinas y lugares cerrados. Mayor confort&#8230;<\/p>","protected":false},"featured_media":5816,"comment_status":"open","ping_status":"closed","template":"","meta":{"_kad_blocks_custom_css":"","_kad_blocks_head_custom_js":"","_kad_blocks_body_custom_js":"","_kad_blocks_footer_custom_js":"","_kad_post_transparent":"default","_kad_post_title":"","_kad_post_layout":"default","_kad_post_sidebar_id":"","_kad_post_content_style":"default","_kad_post_vertical_padding":"default","_kad_post_feature":"","_kad_post_feature_position":"","_kad_post_header":false,"_kad_post_footer":false,"_joinchat":[]},"product_brand":[],"product_cat":[251,249],"product_tag":[],"class_list":{"0":"post-5815","1":"product","2":"type-product","3":"status-publish","4":"has-post-thumbnail","6":"product_cat-calefaccion-acs","7":"product_cat-gasoil","9":"first","10":"instock","11":"taxable","12":"shipping-taxable","13":"product-type-external","14":"add-to-wishlist-before_image","15":"entry","16":"content-bg","17":"loop-entry"},"taxonomy_info":{"product_cat":[{"value":251,"label":"Calefacci\u00f3n \/ ACS"},{"value":249,"label":"Gasoil"}]},"featured_image_src_large":["https:\/\/tienda.pujolclima.com\/wp-content\/uploads\/2024\/11\/A00B05C25E86IMG2001png.png",800,647,false],"author_info":[],"comment_info":0,"_links":{"self":[{"href":"https:\/\/tienda.pujolclima.com\/en\/wp-json\/wp\/v2\/product\/5815","targetHints":{"allow":["GET"]}}],"collection":[{"href":"https:\/\/tienda.pujolclima.com\/en\/wp-json\/wp\/v2\/product"}],"about":[{"href":"https:\/\/tienda.pujolclima.com\/en\/wp-json\/wp\/v2\/types\/product"}],"replies":[{"embeddable":true,"href":"https:\/\/tienda.pujolclima.com\/en\/wp-json\/wp\/v2\/comments?post=5815"}],"wp:featuredmedia":[{"embeddable":true,"href":"https:\/\/tienda.pujolclima.com\/en\/wp-json\/wp\/v2\/media\/5816"}],"wp:attachment":[{"href":"https:\/\/tienda.pujolclima.com\/en\/wp-json\/wp\/v2\/media?parent=5815"}],"wp:term":[{"taxonomy":"product_brand","embeddable":true,"href":"https:\/\/tienda.pujolclima.com\/en\/wp-json\/wp\/v2\/product_brand?post=5815"},{"taxonomy":"product_cat","embeddable":true,"href":"https:\/\/tienda.pujolclima.com\/en\/wp-json\/wp\/v2\/product_cat?post=5815"},{"taxonomy":"product_tag","embeddable":true,"href":"https:\/\/tienda.pujolclima.com\/en\/wp-json\/wp\/v2\/product_tag?post=5815"}],"curies":[{"name":"wp","href":"https:\/\/api.w.org\/{rel}","templated":true}]}}