{"id":5809,"date":"2024-11-19T09:23:16","date_gmt":"2024-11-19T08:23:16","guid":{"rendered":"https:\/\/tienda.pujolclima.com\/?post_type=product&#038;p=5809"},"modified":"2026-03-24T19:03:27","modified_gmt":"2026-03-24T18:03:27","slug":"baxi-neodens-plus-24-24","status":"publish","type":"product","link":"https:\/\/tienda.pujolclima.com\/en\/product\/baxi-neodens-plus-24-24\/","title":{"rendered":"Baxi Neodens Plus Eco 24\/24 Boiler"},"content":{"rendered":"<p>The Baxi Neodens Plus Eco 24\/24 F Eco boiler is a mixed condensation boiler for domestic hot water (DHW) and heating, with a power of 20 kW in heating and 24 kW in DHW. Below are its most relevant features:<\/p>\n<p>Energy recovery system: Allows you to make the most of the fuel and reduce CO2 emissions.<br \/>\nNatural Gas: Compatible with natural gas and propane.<br \/>\nPower: 20 kW for heating and 24 kW for DHW.<br \/>\nEnergy rating: A+ for heating and A+++ for DHW, according to European ErP regulations.<br \/>\nContinuous combustion control function: Adjusts operation to the type of gas consumed, which increases the efficiency of the equipment.<br \/>\nAutomatic purge: Facilitates maintenance and adjustment of the installation.<br \/>\nControl panel: Allows management of multiple low or high temperature zones controlled by optional modulating thermostats.<br \/>\nGas Inverter Technology: Ensures a higher level of comfort, quieter operation and a longer appliance life.<br \/>\nDimensions: 700 x 400 x 299 mm.<br \/>\nWeight: 33 kg.<br \/>\nWarranty: 3 years on installation and 3 years on equipment.<br \/>\nThe Baxi Neodens Plus 24\/24 F Eco boiler is an efficient and convenient option to meet the heating and hot water needs in homes and buildings.<\/p>","protected":false},"excerpt":{"rendered":"<p>La caldera Baxi Neodens Plus Eco 24\/24 F Eco es una caldera de condensaci\u00f3n mixta para agua caliente sanitaria (ACS) y calefacci\u00f3n, con una potencia de 20 kW en calefacci\u00f3n y 24 kW en ACS. A continuaci\u00f3n, se presentan sus caracter\u00edsticas m\u00e1s relevantes: Sistema de recuperaci\u00f3n de energ\u00eda: Permite aprovechar al m\u00e1ximo el combustible y&#8230;<\/p>","protected":false},"featured_media":5826,"comment_status":"open","ping_status":"closed","template":"","meta":{"_kad_blocks_custom_css":"","_kad_blocks_head_custom_js":"","_kad_blocks_body_custom_js":"","_kad_blocks_footer_custom_js":"","_kad_post_transparent":"default","_kad_post_title":"","_kad_post_layout":"default","_kad_post_sidebar_id":"","_kad_post_content_style":"default","_kad_post_vertical_padding":"default","_kad_post_feature":"","_kad_post_feature_position":"","_kad_post_header":false,"_kad_post_footer":false,"_joinchat":[]},"product_brand":[],"product_cat":[256,251],"product_tag":[],"class_list":{"0":"post-5809","1":"product","2":"type-product","3":"status-publish","4":"has-post-thumbnail","6":"product_cat-calderas","7":"product_cat-calefaccion-acs","9":"first","10":"instock","11":"taxable","12":"shipping-taxable","13":"product-type-external","14":"add-to-wishlist-before_image","15":"entry","16":"content-bg","17":"loop-entry"},"taxonomy_info":{"product_cat":[{"value":256,"label":"Calderas"},{"value":251,"label":"Calefacci\u00f3n \/ ACS"}]},"featured_image_src_large":["https:\/\/tienda.pujolclima.com\/wp-content\/uploads\/2024\/11\/Caldera-Baxi-Neodens-Plus-Eco-24-24-F-precio.webp",500,500,false],"author_info":[],"comment_info":0,"_links":{"self":[{"href":"https:\/\/tienda.pujolclima.com\/en\/wp-json\/wp\/v2\/product\/5809","targetHints":{"allow":["GET"]}}],"collection":[{"href":"https:\/\/tienda.pujolclima.com\/en\/wp-json\/wp\/v2\/product"}],"about":[{"href":"https:\/\/tienda.pujolclima.com\/en\/wp-json\/wp\/v2\/types\/product"}],"replies":[{"embeddable":true,"href":"https:\/\/tienda.pujolclima.com\/en\/wp-json\/wp\/v2\/comments?post=5809"}],"wp:featuredmedia":[{"embeddable":true,"href":"https:\/\/tienda.pujolclima.com\/en\/wp-json\/wp\/v2\/media\/5826"}],"wp:attachment":[{"href":"https:\/\/tienda.pujolclima.com\/en\/wp-json\/wp\/v2\/media?parent=5809"}],"wp:term":[{"taxonomy":"product_brand","embeddable":true,"href":"https:\/\/tienda.pujolclima.com\/en\/wp-json\/wp\/v2\/product_brand?post=5809"},{"taxonomy":"product_cat","embeddable":true,"href":"https:\/\/tienda.pujolclima.com\/en\/wp-json\/wp\/v2\/product_cat?post=5809"},{"taxonomy":"product_tag","embeddable":true,"href":"https:\/\/tienda.pujolclima.com\/en\/wp-json\/wp\/v2\/product_tag?post=5809"}],"curies":[{"name":"wp","href":"https:\/\/api.w.org\/{rel}","templated":true}]}}