{"id":5594,"date":"2024-07-26T11:11:18","date_gmt":"2024-07-26T09:11:18","guid":{"rendered":"https:\/\/tienda.pujolclima.com\/?post_type=product&#038;p=5594"},"modified":"2026-03-24T19:17:00","modified_gmt":"2026-03-24T18:17:00","slug":"pack-mantenimiento-de-caldera-de-gasoil","status":"publish","type":"product","link":"https:\/\/tienda.pujolclima.com\/en\/product\/pack-mantenimiento-de-caldera-de-gasoil\/","title":{"rendered":"Diesel boiler maintenance pack"},"content":{"rendered":"<h2 class=\"kt-adv-heading645_0472bb-56 wp-block-kadence-advancedheading\" data-kb-block=\"kb-adv-heading645_0472bb-56\">Diesel Pack<\/h2>\n<p>Diesel boiler maintenance package, which includes specific actions to prevent early deterioration, thus optimizing the operation and performance of your diesel boiler. This maintenance check must be carried out annually to avoid possible accidents.<\/p>\n<p>We work throughout Vall\u00e8s, in the province of Barcelona: Sabadell, Terrassa, Sant Cugat, Rub\u00ed, Sant Quirze, Granollers, Caldes de Montbui, Montcada i Reixac, Mollet, Martorell, Castellar del Vall\u00e8s, Cerdanyola, Valldoreix, Matadepera, Castellbisbal, La Floresta, etc.<\/p>\n<h3 class=\"wp-block-heading\">What does the diesel pack include?<\/h3>\n<ul class=\"wp-block-list\">\n<li>Equipment verification.<\/li>\n<li>Facility purge<\/li>\n<li>Regulation of issuers.<\/li>\n<li>Control of security elements.<\/li>\n<li>Combustion chamber cleaning.<\/li>\n<li>Cleaning filters and injectors.<\/li>\n<li>Combustion analysis.<\/li>\n<li>Specialized labor and displacement.<\/li>\n<li>Telephone technical support and attention.<\/li>\n<li>Adjustments and start-up.<\/li>\n<\/ul>","protected":false},"excerpt":{"rendered":"<p>Diesel Pack Diesel boiler maintenance package, which includes specific actions to avoid premature deterioration, thus optimizing the operation and performance of your diesel boiler. This maintenance review must be carried out annually to avoid possible accidents. We work throughout the Vall\u00e8s, in the province of Barcelona: Sabadell, Terrassa, Sant Cugat, Rub\u00ed,\u2026<\/p>","protected":false},"featured_media":5590,"comment_status":"open","ping_status":"closed","template":"","meta":{"_kad_blocks_custom_css":"","_kad_blocks_head_custom_js":"","_kad_blocks_body_custom_js":"","_kad_blocks_footer_custom_js":"","_kad_post_transparent":"default","_kad_post_title":"","_kad_post_layout":"default","_kad_post_sidebar_id":"","_kad_post_content_style":"default","_kad_post_vertical_padding":"default","_kad_post_feature":"","_kad_post_feature_position":"","_kad_post_header":false,"_kad_post_footer":false,"_joinchat":[]},"product_brand":[],"product_cat":[246],"product_tag":[],"class_list":{"0":"post-5594","1":"product","2":"type-product","3":"status-publish","4":"has-post-thumbnail","6":"product_cat-packs-mantenimiento","8":"first","9":"instock","10":"taxable","11":"shipping-taxable","12":"product-type-external","13":"add-to-wishlist-before_image","14":"entry","15":"content-bg","16":"loop-entry"},"taxonomy_info":{"product_cat":[{"value":246,"label":"Packs mantenimiento"}]},"featured_image_src_large":["https:\/\/tienda.pujolclima.com\/wp-content\/uploads\/2024\/07\/mantenimiento_de_caldera_gasoil_sabadell_san_cugat_san_quirze_barcelona.png",618,661,false],"author_info":[],"comment_info":0,"_links":{"self":[{"href":"https:\/\/tienda.pujolclima.com\/en\/wp-json\/wp\/v2\/product\/5594","targetHints":{"allow":["GET"]}}],"collection":[{"href":"https:\/\/tienda.pujolclima.com\/en\/wp-json\/wp\/v2\/product"}],"about":[{"href":"https:\/\/tienda.pujolclima.com\/en\/wp-json\/wp\/v2\/types\/product"}],"replies":[{"embeddable":true,"href":"https:\/\/tienda.pujolclima.com\/en\/wp-json\/wp\/v2\/comments?post=5594"}],"wp:featuredmedia":[{"embeddable":true,"href":"https:\/\/tienda.pujolclima.com\/en\/wp-json\/wp\/v2\/media\/5590"}],"wp:attachment":[{"href":"https:\/\/tienda.pujolclima.com\/en\/wp-json\/wp\/v2\/media?parent=5594"}],"wp:term":[{"taxonomy":"product_brand","embeddable":true,"href":"https:\/\/tienda.pujolclima.com\/en\/wp-json\/wp\/v2\/product_brand?post=5594"},{"taxonomy":"product_cat","embeddable":true,"href":"https:\/\/tienda.pujolclima.com\/en\/wp-json\/wp\/v2\/product_cat?post=5594"},{"taxonomy":"product_tag","embeddable":true,"href":"https:\/\/tienda.pujolclima.com\/en\/wp-json\/wp\/v2\/product_tag?post=5594"}],"curies":[{"name":"wp","href":"https:\/\/api.w.org\/{rel}","templated":true}]}}