{"id":5593,"date":"2024-07-26T11:10:48","date_gmt":"2024-07-26T09:10:48","guid":{"rendered":"https:\/\/tienda.pujolclima.com\/?post_type=product&#038;p=5593"},"modified":"2026-03-24T19:17:31","modified_gmt":"2026-03-24T18:17:31","slug":"pack-mantenimiento-de-aire-acondicionado","status":"publish","type":"product","link":"https:\/\/tienda.pujolclima.com\/en\/product\/pack-mantenimiento-de-aire-acondicionado\/","title":{"rendered":"Air conditioning maintenance pack"},"content":{"rendered":"<h2 class=\"kt-adv-heading604_91e5eb-e0 wp-block-kadence-advancedheading\" data-kb-block=\"kb-adv-heading604_91e5eb-e0\">Climatic Pack<\/h2>\n<p>Air conditioning maintenance package, where we offer a comprehensive service to avoid early deterioration. We help you optimize the operation and performance of your equipment\u00a0<strong>air-conditioning<\/strong>\u00a0or air conditioning, thus avoiding high energy consumption. We work throughout Vall\u00e8s, in the province of Barcelona: Sabadell, Terrassa, Sant Cugat, Rub\u00ed, Sant Quirze, Granollers, Caldes de Montbui, Montcada i Reixac, Mollet, Martorell, Castellar del Vall\u00e8s, Cerdanyola, Valldoreix, Matadepera, Castellbisbal, La Floresta, etc.<\/p>\n<h3 class=\"wp-block-heading\">What does the climatic pack include?<\/h3>\n<ul class=\"wp-block-list\">\n<li>Annual review where a verification of the air conditioning or air conditioning will be carried out.<\/li>\n<li>Filter cleaning.<\/li>\n<li>Health treatment<\/li>\n<li>Anti bacteria treatment<\/li>\n<li>Anti legionella treatment.<\/li>\n<li>Anti-odor treatment.<\/li>\n<li>Special Covid-19 treatment<\/li>\n<li>Verification of thermal jump.<\/li>\n<li>Pressure control and safety elements. Review of pumps, consumption, fans, etc.<\/li>\n<li>Change of small spare parts: Screws, gaskets, grease, welds...<\/li>\n<li>Operator labor included<\/li>\n<li>Telephone technical support and attention.<\/li>\n<\/ul>","protected":false},"excerpt":{"rendered":"<p>Climatic Pack Air conditioning maintenance package, where we offer a comprehensive service to avoid premature deterioration. We help you optimize the operation and performance of your air conditioning or climate control equipment, thus avoiding high energy consumption. We work throughout the Vall\u00e8s, in the province of Barcelona: Sabadell, Terrassa, Sant Cugat, Rub\u00ed, Sant Quirze, Granollers, Caldes de\u2026<\/p>","protected":false},"featured_media":5591,"comment_status":"open","ping_status":"closed","template":"","meta":{"_kad_blocks_custom_css":"","_kad_blocks_head_custom_js":"","_kad_blocks_body_custom_js":"","_kad_blocks_footer_custom_js":"","_kad_post_transparent":"default","_kad_post_title":"","_kad_post_layout":"default","_kad_post_sidebar_id":"","_kad_post_content_style":"default","_kad_post_vertical_padding":"default","_kad_post_feature":"","_kad_post_feature_position":"","_kad_post_header":false,"_kad_post_footer":false,"_joinchat":[]},"product_brand":[],"product_cat":[246],"product_tag":[],"class_list":{"0":"post-5593","1":"product","2":"type-product","3":"status-publish","4":"has-post-thumbnail","6":"product_cat-packs-mantenimiento","8":"first","9":"instock","10":"taxable","11":"shipping-taxable","12":"product-type-external","13":"add-to-wishlist-before_image","14":"entry","15":"content-bg","16":"loop-entry"},"taxonomy_info":{"product_cat":[{"value":246,"label":"Packs mantenimiento"}]},"featured_image_src_large":["https:\/\/tienda.pujolclima.com\/wp-content\/uploads\/2024\/07\/mantenimiento_de_aire_acondicionado_gasoil_sabadell_san_cugat_san_quirze_barcelona.png",618,661,false],"author_info":[],"comment_info":0,"_links":{"self":[{"href":"https:\/\/tienda.pujolclima.com\/en\/wp-json\/wp\/v2\/product\/5593","targetHints":{"allow":["GET"]}}],"collection":[{"href":"https:\/\/tienda.pujolclima.com\/en\/wp-json\/wp\/v2\/product"}],"about":[{"href":"https:\/\/tienda.pujolclima.com\/en\/wp-json\/wp\/v2\/types\/product"}],"replies":[{"embeddable":true,"href":"https:\/\/tienda.pujolclima.com\/en\/wp-json\/wp\/v2\/comments?post=5593"}],"wp:featuredmedia":[{"embeddable":true,"href":"https:\/\/tienda.pujolclima.com\/en\/wp-json\/wp\/v2\/media\/5591"}],"wp:attachment":[{"href":"https:\/\/tienda.pujolclima.com\/en\/wp-json\/wp\/v2\/media?parent=5593"}],"wp:term":[{"taxonomy":"product_brand","embeddable":true,"href":"https:\/\/tienda.pujolclima.com\/en\/wp-json\/wp\/v2\/product_brand?post=5593"},{"taxonomy":"product_cat","embeddable":true,"href":"https:\/\/tienda.pujolclima.com\/en\/wp-json\/wp\/v2\/product_cat?post=5593"},{"taxonomy":"product_tag","embeddable":true,"href":"https:\/\/tienda.pujolclima.com\/en\/wp-json\/wp\/v2\/product_tag?post=5593"}],"curies":[{"name":"wp","href":"https:\/\/api.w.org\/{rel}","templated":true}]}}