{"id":5585,"date":"2024-07-26T11:09:30","date_gmt":"2024-07-26T09:09:30","guid":{"rendered":"https:\/\/tienda.pujolclima.com\/?post_type=product&#038;p=5585"},"modified":"2026-03-24T19:18:41","modified_gmt":"2026-03-24T18:18:41","slug":"pack-mantenimiento-de-caldera","status":"publish","type":"product","link":"https:\/\/tienda.pujolclima.com\/en\/product\/pack-mantenimiento-de-caldera\/","title":{"rendered":"Boiler maintenance pack"},"content":{"rendered":"<h2 class=\"kt-adv-heading629_532925-02 wp-block-kadence-advancedheading\" data-kb-block=\"kb-adv-heading629_532925-02\">Home Pack<\/h2>\n<p>Boiler maintenance package that includes specific actions to prevent early deterioration, thus optimizing its operation and performance. The new regulation of thermal installations in buildings (Royal Decree 1027\/2007), which came into force on March 1, 2008, requires users of gas boilers and heaters to carry out a mandatory inspection of the installation annually. . This maintenance check must be carried out by an authorized company, which will issue the ISO 9001 certificate. We work throughout Vall\u00e8s, in the province of Barcelona: Sabadell, Terrassa, Sant Cugat, Rub\u00ed, Sant Quirze, Granollers, Caldes de Montbui, Montcada i Reixac, Mollet, Martorell, Castellar del Vall\u00e8s, Cerdanyola, Valldoreix, Matadepera, Castellbisbal, La Floresta, etc.<\/p>\n<h3 class=\"wp-block-heading\">What does the home pack include?<\/h3>\n<ul class=\"wp-block-list\">\n<li>Annual review where a general verification of the equipment will be done.<\/li>\n<li>Displacement.<\/li>\n<li>Purge of the installation and regulation of emitters.<\/li>\n<li>Control of security elements.<\/li>\n<li>Combustion analysis.<\/li>\n<li>Burner cleaning.<\/li>\n<li>Operator labor included up to 1 hour.<\/li>\n<li>The mandatory certificate will be provided to the client.<\/li>\n<li>Priority in technical service.<\/li>\n<\/ul>","protected":false},"excerpt":{"rendered":"<p>Home Pack Boiler maintenance package that includes specific actions to prevent premature deterioration, thus optimizing the operation and performance of the boiler. The new regulation on thermal installations in buildings (Royal Decree 1027\/2007), which came into force on March 1, 2008, requires users of boilers and heaters to maintain their boilers and heaters in good condition.<\/p>","protected":false},"featured_media":5589,"comment_status":"open","ping_status":"closed","template":"","meta":{"_kad_blocks_custom_css":"","_kad_blocks_head_custom_js":"","_kad_blocks_body_custom_js":"","_kad_blocks_footer_custom_js":"","_kad_post_transparent":"default","_kad_post_title":"","_kad_post_layout":"default","_kad_post_sidebar_id":"","_kad_post_content_style":"default","_kad_post_vertical_padding":"default","_kad_post_feature":"","_kad_post_feature_position":"","_kad_post_header":false,"_kad_post_footer":false,"_joinchat":[]},"product_brand":[],"product_cat":[246],"product_tag":[],"class_list":{"0":"post-5585","1":"product","2":"type-product","3":"status-publish","4":"has-post-thumbnail","6":"product_cat-packs-mantenimiento","8":"first","9":"instock","10":"taxable","11":"shipping-taxable","12":"product-type-external","13":"add-to-wishlist-before_image","14":"entry","15":"content-bg","16":"loop-entry"},"taxonomy_info":{"product_cat":[{"value":246,"label":"Packs mantenimiento"}]},"featured_image_src_large":["https:\/\/tienda.pujolclima.com\/wp-content\/uploads\/2024\/07\/oferta_mantenimiento_de-calefaccion_sabadell_san_cugat_san_quirze_barcelona.png",618,661,false],"author_info":[],"comment_info":0,"_links":{"self":[{"href":"https:\/\/tienda.pujolclima.com\/en\/wp-json\/wp\/v2\/product\/5585","targetHints":{"allow":["GET"]}}],"collection":[{"href":"https:\/\/tienda.pujolclima.com\/en\/wp-json\/wp\/v2\/product"}],"about":[{"href":"https:\/\/tienda.pujolclima.com\/en\/wp-json\/wp\/v2\/types\/product"}],"replies":[{"embeddable":true,"href":"https:\/\/tienda.pujolclima.com\/en\/wp-json\/wp\/v2\/comments?post=5585"}],"wp:featuredmedia":[{"embeddable":true,"href":"https:\/\/tienda.pujolclima.com\/en\/wp-json\/wp\/v2\/media\/5589"}],"wp:attachment":[{"href":"https:\/\/tienda.pujolclima.com\/en\/wp-json\/wp\/v2\/media?parent=5585"}],"wp:term":[{"taxonomy":"product_brand","embeddable":true,"href":"https:\/\/tienda.pujolclima.com\/en\/wp-json\/wp\/v2\/product_brand?post=5585"},{"taxonomy":"product_cat","embeddable":true,"href":"https:\/\/tienda.pujolclima.com\/en\/wp-json\/wp\/v2\/product_cat?post=5585"},{"taxonomy":"product_tag","embeddable":true,"href":"https:\/\/tienda.pujolclima.com\/en\/wp-json\/wp\/v2\/product_tag?post=5585"}],"curies":[{"name":"wp","href":"https:\/\/api.w.org\/{rel}","templated":true}]}}