{"id":6289,"date":"2024-12-30T13:07:02","date_gmt":"2024-12-30T12:07:02","guid":{"rendered":"https:\/\/tienda.pujolclima.com\/?post_type=product&#038;p=6289"},"modified":"2026-03-24T13:32:05","modified_gmt":"2026-03-24T12:32:05","slug":"tv-24-johnson-negra-smart-android-bluethoot-googlecast-hd-ready-dvbt2-s2-hdmi","status":"publish","type":"product","link":"https:\/\/tienda.pujolclima.com\/ca\/producte\/tv-24-johnson-negra-smart-android-bluethoot-googlecast-hd-ready-dvbt2-s2-hdmi\/","title":{"rendered":"TV 24 JOHNSON NEGRA SMART ANDROID BLUETHOOT GOOGLECAST HD READY DVBT2\/S2 HDMI"},"content":{"rendered":"<p>Smart TV amb sistema Android V11<br \/>\nLongitud diagonal 24\u201d 60 cm<br \/>\nPantalla DLED HDR10<br \/>\nResoluci\u00f3 HD Ready 1.366\u00d7768<br \/>\nProcessador QuadCore<br \/>\nSintonitzador digital i sat\u00e8l\u00b7lit: DVB-T2\/C\/S2(HEVC H.265)<br \/>\nTaxa de refresc: 50Hz<br \/>\nVESA: 75\u00d775<br \/>\nDimensions amb peu (cm) \u2013 An: 55,3 x Al: 36,3 x Fon: 13,5<br \/>\nDimensions sense peu (cm) \u2013 An: 55,3 x Al: 33,4 x Fon: 4,2-6,3<br \/>\nConsum: 16 kWh\/1000h \u2013 Consum HDR: 28 kWh\/1000h<\/p>\n<p>DLED<br \/>\nHybrid Log Gamma<br \/>\nMicro Dimming<br \/>\nS\u00faper Resoluci\u00f3<br \/>\nBlue Strecht<\/p>","protected":false},"excerpt":{"rendered":"<p>Smart TV amb sistema Android V11 Longitud diagonal 24\u201d 60 cm Pantalla DLED HDR10 Resoluci\u00f3 HD Ready 1.366\u00d7768 Processador QuadCore Sintonitzador digital i sat\u00e8l\u00b7lit: DVB-T2\/C\/S2 (HEVC H.265) Taxa de refresc: 50Hz 5 An: 55,3 x Al: 36,3 x Fon: 13,5 Dimensions sense peu (cm) \u2013 An: 55,3 x Al: 33,4\u2026<\/p>","protected":false},"featured_media":6290,"comment_status":"closed","ping_status":"closed","template":"","meta":{"_kad_blocks_custom_css":"","_kad_blocks_head_custom_js":"","_kad_blocks_body_custom_js":"","_kad_blocks_footer_custom_js":"","_kad_post_transparent":"default","_kad_post_title":"","_kad_post_layout":"default","_kad_post_sidebar_id":"","_kad_post_content_style":"default","_kad_post_vertical_padding":"default","_kad_post_feature":"","_kad_post_feature_position":"","_kad_post_header":false,"_kad_post_footer":false,"_joinchat":[]},"product_brand":[],"product_cat":[266,239],"product_tag":[],"class_list":{"0":"post-6289","1":"product","2":"type-product","3":"status-publish","4":"has-post-thumbnail","6":"product_cat-televisores","7":"product_cat-electrodomesticos-television","9":"first","10":"instock","11":"taxable","12":"shipping-taxable","13":"product-type-external","14":"add-to-wishlist-before_image","15":"entry","16":"content-bg","17":"loop-entry"},"taxonomy_info":{"product_cat":[{"value":266,"label":"Televisores"},{"value":239,"label":"Electrodom\u00e9sticos"}]},"featured_image_src_large":["https:\/\/tienda.pujolclima.com\/wp-content\/uploads\/2024\/12\/j24sn1_1.jpg",768,768,false],"author_info":[],"comment_info":0,"_links":{"self":[{"href":"https:\/\/tienda.pujolclima.com\/ca\/wp-json\/wp\/v2\/product\/6289","targetHints":{"allow":["GET"]}}],"collection":[{"href":"https:\/\/tienda.pujolclima.com\/ca\/wp-json\/wp\/v2\/product"}],"about":[{"href":"https:\/\/tienda.pujolclima.com\/ca\/wp-json\/wp\/v2\/types\/product"}],"replies":[{"embeddable":true,"href":"https:\/\/tienda.pujolclima.com\/ca\/wp-json\/wp\/v2\/comments?post=6289"}],"wp:featuredmedia":[{"embeddable":true,"href":"https:\/\/tienda.pujolclima.com\/ca\/wp-json\/wp\/v2\/media\/6290"}],"wp:attachment":[{"href":"https:\/\/tienda.pujolclima.com\/ca\/wp-json\/wp\/v2\/media?parent=6289"}],"wp:term":[{"taxonomy":"product_brand","embeddable":true,"href":"https:\/\/tienda.pujolclima.com\/ca\/wp-json\/wp\/v2\/product_brand?post=6289"},{"taxonomy":"product_cat","embeddable":true,"href":"https:\/\/tienda.pujolclima.com\/ca\/wp-json\/wp\/v2\/product_cat?post=6289"},{"taxonomy":"product_tag","embeddable":true,"href":"https:\/\/tienda.pujolclima.com\/ca\/wp-json\/wp\/v2\/product_tag?post=6289"}],"curies":[{"name":"wp","href":"https:\/\/api.w.org\/{rel}","templated":true}]}}