{"id":6279,"date":"2024-12-18T17:36:12","date_gmt":"2024-12-18T16:36:12","guid":{"rendered":"https:\/\/tienda.pujolclima.com\/?post_type=product&#038;p=6279"},"modified":"2026-03-24T13:41:26","modified_gmt":"2026-03-24T12:41:26","slug":"aire-acondicionado-toshiba-pared-r-32-ras18e2avgeras18e2kvge","status":"publish","type":"product","link":"https:\/\/tienda.pujolclima.com\/ca\/producte\/aire-acondicionado-toshiba-pared-r-32-ras18e2avgeras18e2kvge\/","title":{"rendered":"aire condicionat Toshiba paret R-32 RAS18E2AVGE+RAS18E2KVGE"},"content":{"rendered":"<p><strong>Kit Split Toshiba Seiya+ 18 R32 \u2013 Paret<\/strong><\/p>\n<p>El <strong>Kit Split Toshiba Seiya+ 18 R32<\/strong> ofereix una soluci\u00f3 potent i eficient per a la climatitzaci\u00f3 despais grans. Amb tecnologia de darrera generaci\u00f3 i refrigerant R-32, aquest sistema assegura un rendiment \u00f2ptim amb un impacte ambiental redu\u00eft.<\/p>\n<h3>Composici\u00f3 del Kit:<\/h3>\n<ul>\n<li><strong>1 unitat exterior<\/strong>: SEIYA+ 18 R32 RAS-B18E2AVG-E Toshiba<\/li>\n<li><strong>1 unitat interior<\/strong>: SEIYA+ 18 R32 RAS-18E2KVG-E Toshiba<\/li>\n<\/ul>\n<h3>Caracter\u00edstiques principals:<\/h3>\n<ul>\n<li><strong>Model d&#039;unitat interior<\/strong>: Paret<\/li>\n<li><strong>Capacitat nominal de refrigeraci\u00f3<\/strong>: 5.000 W<\/li>\n<li><strong>Capacitat nominal calor\u00edfica<\/strong>: 5.400 W<\/li>\n<li><strong>Consum nominal en refrigeraci\u00f3<\/strong>: 1.500 W<\/li>\n<li><strong>Consum nominal en calefacci\u00f3<\/strong>: 1.500 W<\/li>\n<li><strong>Tipus de refrigerant<\/strong>: R-32, m\u00e9s eficient i respectu\u00f3s amb el medi ambient.<\/li>\n<\/ul>\n<h3>Efici\u00e8ncia energ\u00e8tica:<\/h3>\n<ul>\n<li><strong>EER (\u00cdndex d&#039;Efici\u00e8ncia Energ\u00e8tica en refrigeraci\u00f3)<\/strong>: 3,33<\/li>\n<li><strong>COP (Coeficient de Rendiment en calefacci\u00f3)<\/strong>: 3,6<\/li>\n<li><strong>SEER (Efici\u00e8ncia Energ\u00e8tica Estacional en refrigeraci\u00f3)<\/strong>: 7 (Classe A++)<\/li>\n<li><strong>SCOP (Efici\u00e8ncia Energ\u00e8tica Estacional en calefacci\u00f3 \u2013 Zona interm\u00e8dia)<\/strong>: 4,4 (Classe A+)<\/li>\n<\/ul>\n<h3>Disseny i funcionalitat:<\/h3>\n<ul>\n<li><strong>Voltatge de connexi\u00f3<\/strong>: 220\/240 V<\/li>\n<li>Funcionament silenci\u00f3s per a m\u00e9s comoditat.<\/li>\n<li>Disseny modern i compacte que s\u02bbadapta a qualsevol espai.<\/li>\n<li>Excel\u00b7lent relaci\u00f3 entre consum energ\u00e8tic i capacitat de climatitzaci\u00f3.<\/li>\n<\/ul>\n<p>El <strong>Kit Split Toshiba Seiya+ 18 R32<\/strong> \u00e9s ideal per als que busquen un sistema de climatitzaci\u00f3 fiable, eficient i sostenible, proporcionant confort durant tot l\u00b4any amb un alt rendiment energ\u00e8tic.<\/p>","protected":false},"excerpt":{"rendered":"<p>Kit Split Toshiba Seiya+ 18 R32 &#8211; Pared El Kit Split Toshiba Seiya+ 18 R32 ofrece una soluci\u00f3n potente y eficiente para la climatizaci\u00f3n de espacios grandes. Con tecnolog\u00eda de \u00faltima generaci\u00f3n y refrigerante R-32, este sistema asegura un rendimiento \u00f3ptimo con un impacto ambiental reducido. Composici\u00f3n del Kit: 1 unidad exterior: SEIYA+ 18 R32&#8230;<\/p>","protected":false},"featured_media":6275,"comment_status":"closed","ping_status":"closed","template":"","meta":{"_kad_blocks_custom_css":"","_kad_blocks_head_custom_js":"","_kad_blocks_body_custom_js":"","_kad_blocks_footer_custom_js":"","_kad_post_transparent":"default","_kad_post_title":"","_kad_post_layout":"default","_kad_post_sidebar_id":"","_kad_post_content_style":"default","_kad_post_vertical_padding":"default","_kad_post_feature":"","_kad_post_feature_position":"","_kad_post_header":false,"_kad_post_footer":false,"_joinchat":[]},"product_brand":[],"product_cat":[278,242],"product_tag":[],"class_list":{"0":"post-6279","1":"product","2":"type-product","3":"status-publish","4":"has-post-thumbnail","6":"product_cat-split-1x1","7":"product_cat-splits","9":"first","10":"instock","11":"taxable","12":"shipping-taxable","13":"product-type-external","14":"add-to-wishlist-before_image","15":"entry","16":"content-bg","17":"loop-entry"},"taxonomy_info":{"product_cat":[{"value":278,"label":"Split 1x1"},{"value":242,"label":"Splits"}]},"featured_image_src_large":["https:\/\/tienda.pujolclima.com\/wp-content\/uploads\/2024\/12\/ecad442d4031d99740562128668d8c67.webp",320,345,false],"author_info":[],"comment_info":0,"_links":{"self":[{"href":"https:\/\/tienda.pujolclima.com\/ca\/wp-json\/wp\/v2\/product\/6279","targetHints":{"allow":["GET"]}}],"collection":[{"href":"https:\/\/tienda.pujolclima.com\/ca\/wp-json\/wp\/v2\/product"}],"about":[{"href":"https:\/\/tienda.pujolclima.com\/ca\/wp-json\/wp\/v2\/types\/product"}],"replies":[{"embeddable":true,"href":"https:\/\/tienda.pujolclima.com\/ca\/wp-json\/wp\/v2\/comments?post=6279"}],"wp:featuredmedia":[{"embeddable":true,"href":"https:\/\/tienda.pujolclima.com\/ca\/wp-json\/wp\/v2\/media\/6275"}],"wp:attachment":[{"href":"https:\/\/tienda.pujolclima.com\/ca\/wp-json\/wp\/v2\/media?parent=6279"}],"wp:term":[{"taxonomy":"product_brand","embeddable":true,"href":"https:\/\/tienda.pujolclima.com\/ca\/wp-json\/wp\/v2\/product_brand?post=6279"},{"taxonomy":"product_cat","embeddable":true,"href":"https:\/\/tienda.pujolclima.com\/ca\/wp-json\/wp\/v2\/product_cat?post=6279"},{"taxonomy":"product_tag","embeddable":true,"href":"https:\/\/tienda.pujolclima.com\/ca\/wp-json\/wp\/v2\/product_tag?post=6279"}],"curies":[{"name":"wp","href":"https:\/\/api.w.org\/{rel}","templated":true}]}}