{"id":6274,"date":"2024-12-18T17:26:07","date_gmt":"2024-12-18T16:26:07","guid":{"rendered":"https:\/\/tienda.pujolclima.com\/?post_type=product&#038;p=6274"},"modified":"2026-03-24T13:44:40","modified_gmt":"2026-03-24T12:44:40","slug":"aire-acondicionado-toshiba-r-32-ras07e2avgerasb07e2kvge","status":"publish","type":"product","link":"https:\/\/tienda.pujolclima.com\/ca\/producte\/aire-acondicionado-toshiba-r-32-ras07e2avgerasb07e2kvge\/","title":{"rendered":"aire condicionat Toshiba R-32 RAS07E2AVGE+RASB07E2KVGE"},"content":{"rendered":"<p><strong>Kit Split Toshiba Seiya+ 7 R32 \u2013 Paret<\/strong><\/p>\n<p>El <strong>Kit Split Toshiba Seiya+ 7 R32<\/strong> \u00e9s una soluci\u00f3 de climatitzaci\u00f3 compacta i eficient, perfecta per a espais petits. Aquest model destaca pel baix consum energ\u00e8tic, disseny elegant i funcionament silenci\u00f3s, garantint un ambient c\u00f2mode i agradable.<\/p>\n<h3>Composici\u00f3 del Kit:<\/h3>\n<ul>\n<li><strong>1 unitat exterior<\/strong>: SEIYA+ 7 R32 RAS-07E2AVG-E Toshiba<\/li>\n<li><strong>1 unitat interior<\/strong>: SEIYA+ 7 R32 RAS-B07E2KVG-E Toshiba<\/li>\n<\/ul>\n<h3>Caracter\u00edstiques principals:<\/h3>\n<ul>\n<li><strong>Model d&#039;unitat interior<\/strong>: Paret<\/li>\n<li><strong>Capacitat nominal de refrigeraci\u00f3<\/strong>: 2.000 W<\/li>\n<li><strong>Capacitat nominal calor\u00edfica<\/strong>: 2.500 W<\/li>\n<li><strong>Consum nominal en refrigeraci\u00f3<\/strong>: 530 W<\/li>\n<li><strong>Consum nominal en calefacci\u00f3<\/strong>: 640 W<\/li>\n<li><strong>Tipus de refrigerant<\/strong>: R-32, eficient i respectu\u00f3s amb el medi ambient.<\/li>\n<\/ul>\n<h3>Efici\u00e8ncia energ\u00e8tica:<\/h3>\n<ul>\n<li><strong>EER (\u00cdndex d&#039;Efici\u00e8ncia Energ\u00e8tica en refrigeraci\u00f3)<\/strong>: 3,77<\/li>\n<li><strong>COP (Coeficient de Rendiment en calefacci\u00f3)<\/strong>: 3,91<\/li>\n<li><strong>SEER (Efici\u00e8ncia Energ\u00e8tica Estacional en refrigeraci\u00f3)<\/strong>: 6,9 (Classe A++)<\/li>\n<li><strong>SCOP (Efici\u00e8ncia Energ\u00e8tica Estacional en calefacci\u00f3 \u2013 Zona interm\u00e8dia)<\/strong>: 4,6 (Classe A++)<\/li>\n<\/ul>\n<h3>Disseny i funcionalitat:<\/h3>\n<ul>\n<li><strong>Voltatge de connexi\u00f3<\/strong>: 220\/240 V<\/li>\n<li>Funcionament ultra silenci\u00f3s per a m\u00e9s confort a la llar o l&#039;oficina.<\/li>\n<li>Disseny compacte, ideal per a habitacions petites o espais redu\u00efts.<\/li>\n<li>Baix consum energ\u00e8tic que contribueix a l&#039;estalvi a la factura d&#039;electricitat ia la reducci\u00f3 de l&#039;impacte ambiental.<\/li>\n<\/ul>\n<p>El <strong>Kit Split Toshiba Seiya+ 7 R32<\/strong> combina efici\u00e8ncia, funcionalitat i un disseny atractiu, i \u00e9s una opci\u00f3 ideal per als que busquen un sistema de climatitzaci\u00f3 econ\u00f2mic i d&#039;alt rendiment.<\/p>","protected":false},"excerpt":{"rendered":"<p>Kit Split Toshiba Seiya+ 7 R32 \u2013 Paret El Kit Split Toshiba Seiya+ 7 R32 \u00e9s una soluci\u00f3 de climatitzaci\u00f3 compacta i eficient, perfecta per a espais petits. Aquest model destaca pel baix consum energ\u00e8tic, disseny elegant i funcionament silenci\u00f3s, garantint un ambient c\u00f2mode i agradable. Composici\u00f3 del Kit: 1 unitat exterior: SEIYA+ 7 R32\u2026<\/p>","protected":false},"featured_media":6275,"comment_status":"closed","ping_status":"closed","template":"","meta":{"_kad_blocks_custom_css":"","_kad_blocks_head_custom_js":"","_kad_blocks_body_custom_js":"","_kad_blocks_footer_custom_js":"","_kad_post_transparent":"default","_kad_post_title":"","_kad_post_layout":"default","_kad_post_sidebar_id":"","_kad_post_content_style":"default","_kad_post_vertical_padding":"default","_kad_post_feature":"","_kad_post_feature_position":"","_kad_post_header":false,"_kad_post_footer":false,"_joinchat":[]},"product_brand":[],"product_cat":[278,242],"product_tag":[],"class_list":{"0":"post-6274","1":"product","2":"type-product","3":"status-publish","4":"has-post-thumbnail","6":"product_cat-split-1x1","7":"product_cat-splits","9":"first","10":"instock","11":"taxable","12":"shipping-taxable","13":"product-type-external","14":"add-to-wishlist-before_image","15":"entry","16":"content-bg","17":"loop-entry"},"taxonomy_info":{"product_cat":[{"value":278,"label":"Split 1x1"},{"value":242,"label":"Splits"}]},"featured_image_src_large":["https:\/\/tienda.pujolclima.com\/wp-content\/uploads\/2024\/12\/ecad442d4031d99740562128668d8c67.webp",320,345,false],"author_info":[],"comment_info":0,"_links":{"self":[{"href":"https:\/\/tienda.pujolclima.com\/ca\/wp-json\/wp\/v2\/product\/6274","targetHints":{"allow":["GET"]}}],"collection":[{"href":"https:\/\/tienda.pujolclima.com\/ca\/wp-json\/wp\/v2\/product"}],"about":[{"href":"https:\/\/tienda.pujolclima.com\/ca\/wp-json\/wp\/v2\/types\/product"}],"replies":[{"embeddable":true,"href":"https:\/\/tienda.pujolclima.com\/ca\/wp-json\/wp\/v2\/comments?post=6274"}],"wp:featuredmedia":[{"embeddable":true,"href":"https:\/\/tienda.pujolclima.com\/ca\/wp-json\/wp\/v2\/media\/6275"}],"wp:attachment":[{"href":"https:\/\/tienda.pujolclima.com\/ca\/wp-json\/wp\/v2\/media?parent=6274"}],"wp:term":[{"taxonomy":"product_brand","embeddable":true,"href":"https:\/\/tienda.pujolclima.com\/ca\/wp-json\/wp\/v2\/product_brand?post=6274"},{"taxonomy":"product_cat","embeddable":true,"href":"https:\/\/tienda.pujolclima.com\/ca\/wp-json\/wp\/v2\/product_cat?post=6274"},{"taxonomy":"product_tag","embeddable":true,"href":"https:\/\/tienda.pujolclima.com\/ca\/wp-json\/wp\/v2\/product_tag?post=6274"}],"curies":[{"name":"wp","href":"https:\/\/api.w.org\/{rel}","templated":true}]}}