{"id":6269,"date":"2024-12-18T16:40:36","date_gmt":"2024-12-18T15:40:36","guid":{"rendered":"https:\/\/tienda.pujolclima.com\/?post_type=product&#038;p=6269"},"modified":"2026-03-24T13:46:02","modified_gmt":"2026-03-24T12:46:02","slug":"aire-acondicionado-mitsubishi-electric-multisplit-pared-r-32-mxz-ap2535e42vfk-2x1","status":"publish","type":"product","link":"https:\/\/tienda.pujolclima.com\/ca\/producte\/aire-acondicionado-mitsubishi-electric-multisplit-pared-r-32-mxz-ap2535e42vfk-2x1\/","title":{"rendered":"Aire condicionat FUJITSU SPLIT PARET 2X1 ASY3525U11MI-KN (W) UE50 R32 2\u00d71"},"content":{"rendered":"<p><strong>Kit Multi Split Fujitsu 2\u00d71 \u2013 Paret<\/strong><\/p>\n<p>El <strong>Kit Multi Split Fujitsu 2\u00d71<\/strong> \u00e9s una soluci\u00f3 avan\u00e7ada de climatitzaci\u00f3 dissenyada per oferir el m\u00e0xim confort en dues estades. Amb una efici\u00e8ncia energ\u00e8tica excel\u00b7lent i un disseny modern, aquest sistema garanteix un rendiment superior i sostenibilitat.<\/p>\n<h3>Composici\u00f3 del Kit:<\/h3>\n<ul>\n<li><strong>1 unitat exterior<\/strong>: AOY50M2-KB 2\u00d71 R32 Fujitsu<\/li>\n<li><strong>1 unitat interior<\/strong>: Paret ASY25MI-KN ASEH09KNCA (W) Multi Fujitsu<\/li>\n<li><strong>1 unitat interior<\/strong>: Paret ASY35MI-KN ASEH12KNCA (W) Multi Fujitsu<\/li>\n<\/ul>\n<h3>Caracter\u00edstiques principals:<\/h3>\n<ul>\n<li><strong>Nombre total d&#039;unitats interiors<\/strong>: 2<\/li>\n<li><strong>Capacitat nominal de refrigeraci\u00f3<\/strong>: 5.000 W<\/li>\n<li><strong>Capacitat nominal calor\u00edfica<\/strong>: 5.600 W<\/li>\n<li><strong>Consum nominal en refrigeraci\u00f3<\/strong>: 1.240 W<\/li>\n<li><strong>Consum nominal en calefacci\u00f3<\/strong>: 1.220 W<\/li>\n<li><strong>Tipus de refrigerant<\/strong>: R-32, eficient i respectu\u00f3s amb el medi ambient.<\/li>\n<\/ul>\n<h3>Efici\u00e8ncia energ\u00e8tica:<\/h3>\n<ul>\n<li><strong>EER (\u00cdndex d&#039;Efici\u00e8ncia Energ\u00e8tica en refrigeraci\u00f3)<\/strong>: 4,03<\/li>\n<li><strong>COP (Coeficient de Rendiment en calefacci\u00f3)<\/strong>: 4,59<\/li>\n<li><strong>SEER (Efici\u00e8ncia Energ\u00e8tica Estacional en refrigeraci\u00f3)<\/strong>: 8,6 (Classe A+++)<\/li>\n<li><strong>SCOP (Efici\u00e8ncia Energ\u00e8tica Estacional en calefacci\u00f3 \u2013 Zona interm\u00e8dia)<\/strong>: 4,7 (Classe A++)<\/li>\n<\/ul>\n<h3>Disseny i funcionalitat:<\/h3>\n<ul>\n<li><strong>Voltatge de connexi\u00f3<\/strong>: 230 V<\/li>\n<li>Ideal per climatitzar dos espais amb capacitats diferenciades, ajustant-se a les necessitats espec\u00edfiques de cada habitaci\u00f3.<\/li>\n<li>Disseny compacte i modern, amb funcionament silenci\u00f3s i eficient.<\/li>\n<\/ul>\n<p>El <strong>Kit Multi Split Fujitsu 2\u00d71<\/strong> \u00e9s l&#039;opci\u00f3 perfecta per als que cerquen tecnologia de darrera generaci\u00f3, efici\u00e8ncia energ\u00e8tica i un confort inigualable. El disseny i el rendiment fan d&#039;aquest sistema una soluci\u00f3 fiable i sostenible per a qualsevol entorn.<\/p>","protected":false},"excerpt":{"rendered":"<p>Kit Multi Split Fujitsu 2&#215;1 &#8211; Pared El Kit Multi Split Fujitsu 2&#215;1 es una soluci\u00f3n avanzada de climatizaci\u00f3n dise\u00f1ada para ofrecer el m\u00e1ximo confort en dos estancias. Con una eficiencia energ\u00e9tica sobresaliente y un dise\u00f1o moderno, este sistema garantiza un rendimiento superior y sostenibilidad. Composici\u00f3n del Kit: 1 unidad exterior: AOY50M2-KB 2&#215;1 R32 Fujitsu&#8230;<\/p>","protected":false},"featured_media":6270,"comment_status":"closed","ping_status":"closed","template":"","meta":{"_kad_blocks_custom_css":"","_kad_blocks_head_custom_js":"","_kad_blocks_body_custom_js":"","_kad_blocks_footer_custom_js":"","_kad_post_transparent":"default","_kad_post_title":"","_kad_post_layout":"default","_kad_post_sidebar_id":"","_kad_post_content_style":"default","_kad_post_vertical_padding":"default","_kad_post_feature":"","_kad_post_feature_position":"","_kad_post_header":false,"_kad_post_footer":false,"_joinchat":[]},"product_brand":[],"product_cat":[282,242],"product_tag":[],"class_list":{"0":"post-6269","1":"product","2":"type-product","3":"status-publish","4":"has-post-thumbnail","6":"product_cat-split-2x1","7":"product_cat-splits","9":"first","10":"instock","11":"taxable","12":"shipping-taxable","13":"product-type-external","14":"add-to-wishlist-before_image","15":"entry","16":"content-bg","17":"loop-entry"},"taxonomy_info":{"product_cat":[{"value":282,"label":"Split 2x1"},{"value":242,"label":"Splits"}]},"featured_image_src_large":["https:\/\/tienda.pujolclima.com\/wp-content\/uploads\/2024\/12\/fujitsu2x1-1009x1024.webp",1009,1024,true],"author_info":[],"comment_info":0,"_links":{"self":[{"href":"https:\/\/tienda.pujolclima.com\/ca\/wp-json\/wp\/v2\/product\/6269","targetHints":{"allow":["GET"]}}],"collection":[{"href":"https:\/\/tienda.pujolclima.com\/ca\/wp-json\/wp\/v2\/product"}],"about":[{"href":"https:\/\/tienda.pujolclima.com\/ca\/wp-json\/wp\/v2\/types\/product"}],"replies":[{"embeddable":true,"href":"https:\/\/tienda.pujolclima.com\/ca\/wp-json\/wp\/v2\/comments?post=6269"}],"wp:featuredmedia":[{"embeddable":true,"href":"https:\/\/tienda.pujolclima.com\/ca\/wp-json\/wp\/v2\/media\/6270"}],"wp:attachment":[{"href":"https:\/\/tienda.pujolclima.com\/ca\/wp-json\/wp\/v2\/media?parent=6269"}],"wp:term":[{"taxonomy":"product_brand","embeddable":true,"href":"https:\/\/tienda.pujolclima.com\/ca\/wp-json\/wp\/v2\/product_brand?post=6269"},{"taxonomy":"product_cat","embeddable":true,"href":"https:\/\/tienda.pujolclima.com\/ca\/wp-json\/wp\/v2\/product_cat?post=6269"},{"taxonomy":"product_tag","embeddable":true,"href":"https:\/\/tienda.pujolclima.com\/ca\/wp-json\/wp\/v2\/product_tag?post=6269"}],"curies":[{"name":"wp","href":"https:\/\/api.w.org\/{rel}","templated":true}]}}