{"id":6267,"date":"2024-12-18T16:32:35","date_gmt":"2024-12-18T15:32:35","guid":{"rendered":"https:\/\/tienda.pujolclima.com\/?post_type=product&#038;p=6267"},"modified":"2026-03-24T13:51:38","modified_gmt":"2026-03-24T12:51:38","slug":"aire-acondicionado-mitsubishi-electric-multisplit-pared-r-32-mxz-hr2535e40vf-2x1","status":"publish","type":"product","link":"https:\/\/tienda.pujolclima.com\/ca\/producte\/aire-acondicionado-mitsubishi-electric-multisplit-pared-r-32-mxz-hr2535e40vf-2x1\/","title":{"rendered":"aire condicionat Mitsubishi Electric multisplit paret R-32 MXZ-HR2535E40VF 2\u00d71"},"content":{"rendered":"<p><strong>Kit Multi Split Mitsubishi Electric 2\u00d71 \u2013 Paret<\/strong><\/p>\n<p>El <strong>Kit Multi Split Mitsubishi Electric 2\u00d71<\/strong> \u00e9s una soluci\u00f3 ideal per climatitzar dos espais de forma eficient i sostenible. Aquest sistema ofereix un rendiment superior i la possibilitat d&#039;adaptar-se a diferents necessitats de confort a cada habitaci\u00f3.<\/p>\n<h3>Composici\u00f3 del Kit:<\/h3>\n<ul>\n<li><strong>1 unitat exterior<\/strong>: 2\u00d71 MXZ-2HA40VF R32 Mitsubishi Electric<\/li>\n<li><strong>1 unitat interior<\/strong>: Paret MSZ-HR25VF R32 Mitsubishi Electric<\/li>\n<li><strong>1 unitat interior<\/strong>: Paret MSZ-HR35VF R32 Mitsubishi Electric<\/li>\n<\/ul>\n<h3>Caracter\u00edstiques principals:<\/h3>\n<ul>\n<li><strong>Nombre total d&#039;unitats interiors<\/strong>: 2<\/li>\n<li><strong>Capacitat nominal de refrigeraci\u00f3<\/strong>: 4.000 W<\/li>\n<li><strong>Capacitat nominal calor\u00edfica<\/strong>: 4.300 W<\/li>\n<li><strong>Consum nominal en refrigeraci\u00f3<\/strong>: 1.050 W<\/li>\n<li><strong>Consum nominal en calefacci\u00f3<\/strong>: 910 W<\/li>\n<li><strong>Tipus de refrigerant<\/strong>: R-32, respectu\u00f3s amb el medi ambient.<\/li>\n<\/ul>\n<h3>Efici\u00e8ncia energ\u00e8tica:<\/h3>\n<ul>\n<li><strong>EER (\u00cdndex d&#039;Efici\u00e8ncia Energ\u00e8tica en refrigeraci\u00f3)<\/strong>: 3,81<\/li>\n<li><strong>COP (Coeficient de Rendiment en calefacci\u00f3)<\/strong>: 4,73<\/li>\n<li><strong>SEER (Efici\u00e8ncia Energ\u00e8tica Estacional en refrigeraci\u00f3)<\/strong>: 8,12 (Classe A++)<\/li>\n<li><strong>SCOP (Efici\u00e8ncia Energ\u00e8tica Estacional en calefacci\u00f3 \u2013 Zona interm\u00e8dia)<\/strong>: 4,3 (Classe A+)<\/li>\n<\/ul>\n<h3>Disseny i funcionalitat:<\/h3>\n<ul>\n<li><strong>Voltatge de connexi\u00f3<\/strong>: 230 V<\/li>\n<li>Sistema dissenyat per climatitzar dos espais de forma simult\u00e0nia i personalitzada segons les capacitats de cada unitat interior.<\/li>\n<li>Disseny elegant i compacte que s\u00b4adapta a qualsevol ambient, amb un rendiment silenci\u00f3s i eficient.<\/li>\n<\/ul>\n<p>El <strong>Kit Multi Split Mitsubishi Electric 2\u00d71<\/strong> \u00e9s l&#039;elecci\u00f3 perfecta per als que cerquen tecnologia avan\u00e7ada, un disseny modern i una climatitzaci\u00f3 fiable. Ideal per a llars o oficines que necessiten efici\u00e8ncia energ\u00e8tica i confort a diversos espais.<\/p>","protected":false},"excerpt":{"rendered":"<p>Kit Multi Split Mitsubishi Electric 2&#215;1 &#8211; Pared El Kit Multi Split Mitsubishi Electric 2&#215;1 es una soluci\u00f3n ideal para climatizar dos espacios de forma eficiente y sostenible. Este sistema ofrece un rendimiento superior y la posibilidad de adaptarse a diferentes necesidades de confort en cada habitaci\u00f3n. Composici\u00f3n del Kit: 1 unidad exterior: 2&#215;1 MXZ-2HA40VF&#8230;<\/p>","protected":false},"featured_media":6266,"comment_status":"closed","ping_status":"closed","template":"","meta":{"_kad_blocks_custom_css":"","_kad_blocks_head_custom_js":"","_kad_blocks_body_custom_js":"","_kad_blocks_footer_custom_js":"","_kad_post_transparent":"default","_kad_post_title":"","_kad_post_layout":"default","_kad_post_sidebar_id":"","_kad_post_content_style":"default","_kad_post_vertical_padding":"default","_kad_post_feature":"","_kad_post_feature_position":"","_kad_post_header":false,"_kad_post_footer":false,"_joinchat":[]},"product_brand":[],"product_cat":[282,242],"product_tag":[],"class_list":{"0":"post-6267","1":"product","2":"type-product","3":"status-publish","4":"has-post-thumbnail","6":"product_cat-split-2x1","7":"product_cat-splits","9":"first","10":"instock","11":"taxable","12":"shipping-taxable","13":"product-type-external","14":"add-to-wishlist-before_image","15":"entry","16":"content-bg","17":"loop-entry"},"taxonomy_info":{"product_cat":[{"value":282,"label":"Split 2x1"},{"value":242,"label":"Splits"}]},"featured_image_src_large":["https:\/\/tienda.pujolclima.com\/wp-content\/uploads\/2024\/12\/Aire-Acondicionado-Multisplit-2x1-Mitsubishi-MSZ-HR-2535-E50VF-pjcgwzh7ra2t3z8d3vqfktyr0j6bocva2s6goe2l90.jpg",450,450,false],"author_info":[],"comment_info":0,"_links":{"self":[{"href":"https:\/\/tienda.pujolclima.com\/ca\/wp-json\/wp\/v2\/product\/6267","targetHints":{"allow":["GET"]}}],"collection":[{"href":"https:\/\/tienda.pujolclima.com\/ca\/wp-json\/wp\/v2\/product"}],"about":[{"href":"https:\/\/tienda.pujolclima.com\/ca\/wp-json\/wp\/v2\/types\/product"}],"replies":[{"embeddable":true,"href":"https:\/\/tienda.pujolclima.com\/ca\/wp-json\/wp\/v2\/comments?post=6267"}],"wp:featuredmedia":[{"embeddable":true,"href":"https:\/\/tienda.pujolclima.com\/ca\/wp-json\/wp\/v2\/media\/6266"}],"wp:attachment":[{"href":"https:\/\/tienda.pujolclima.com\/ca\/wp-json\/wp\/v2\/media?parent=6267"}],"wp:term":[{"taxonomy":"product_brand","embeddable":true,"href":"https:\/\/tienda.pujolclima.com\/ca\/wp-json\/wp\/v2\/product_brand?post=6267"},{"taxonomy":"product_cat","embeddable":true,"href":"https:\/\/tienda.pujolclima.com\/ca\/wp-json\/wp\/v2\/product_cat?post=6267"},{"taxonomy":"product_tag","embeddable":true,"href":"https:\/\/tienda.pujolclima.com\/ca\/wp-json\/wp\/v2\/product_tag?post=6267"}],"curies":[{"name":"wp","href":"https:\/\/api.w.org\/{rel}","templated":true}]}}