{"id":6264,"date":"2024-12-18T16:28:55","date_gmt":"2024-12-18T15:28:55","guid":{"rendered":"https:\/\/tienda.pujolclima.com\/?post_type=product&#038;p=6264"},"modified":"2026-03-24T13:52:07","modified_gmt":"2026-03-24T12:52:07","slug":"aire-acondicionado-mitsubishi-electric-multisplit-pared-r-32-mxz-hr2525e40vf-2x1","status":"publish","type":"product","link":"https:\/\/tienda.pujolclima.com\/ca\/producte\/aire-acondicionado-mitsubishi-electric-multisplit-pared-r-32-mxz-hr2525e40vf-2x1\/","title":{"rendered":"aire condicionat Mitsubishi Electric multisplit paret R-32 MXZ-HR2525E40VF 2\u00d71"},"content":{"rendered":"<p><strong>Kit Multi Split Mitsubishi Electric 2\u00d71 \u2013 Paret<\/strong><\/p>\n<p>El <strong>Kit Multi Split Mitsubishi Electric 2\u00d71<\/strong> combina tecnologia d&#039;avantguarda, efici\u00e8ncia energ\u00e8tica i un disseny elegant per oferir la millor experi\u00e8ncia de climatitzaci\u00f3 a dos espais. Aquest sistema \u00e9s ideal per als que busquen confort, rendiment i sostenibilitat.<\/p>\n<h3>Composici\u00f3 del Kit:<\/h3>\n<ul>\n<li><strong>1 unitat exterior<\/strong>: 2\u00d71 MXZ-2HA40VF R32 Mitsubishi Electric<\/li>\n<li><strong>2 unitats interiors<\/strong>: Paret MSZ-HR25VF R32 Mitsubishi Electric<\/li>\n<\/ul>\n<h3>Caracter\u00edstiques principals:<\/h3>\n<ul>\n<li><strong>Nombre total d&#039;unitats interiors<\/strong>: 2<\/li>\n<li><strong>Capacitat nominal de refrigeraci\u00f3<\/strong>: 4.000 W<\/li>\n<li><strong>Capacitat nominal calor\u00edfica<\/strong>: 4.300 W<\/li>\n<li><strong>Consum nominal en refrigeraci\u00f3<\/strong>: 1.050 W<\/li>\n<li><strong>Consum nominal en calefacci\u00f3<\/strong>: 910 W<\/li>\n<li><strong>Tipus de refrigerant<\/strong>: R-32, eficient i respectu\u00f3s amb el medi ambient.<\/li>\n<\/ul>\n<h3>Efici\u00e8ncia energ\u00e8tica:<\/h3>\n<ul>\n<li><strong>EER (\u00cdndex d&#039;Efici\u00e8ncia Energ\u00e8tica en refrigeraci\u00f3)<\/strong>: 3,81<\/li>\n<li><strong>COP (Coeficient de Rendiment en calefacci\u00f3)<\/strong>: 4,73<\/li>\n<li><strong>SEER (Efici\u00e8ncia Energ\u00e8tica Estacional en refrigeraci\u00f3)<\/strong>: 8,12 (Classe A++)<\/li>\n<li><strong>SCOP (Efici\u00e8ncia Energ\u00e8tica Estacional en calefacci\u00f3 \u2013 Zona interm\u00e8dia)<\/strong>: 4,3 (Classe A+)<\/li>\n<\/ul>\n<h3>Disseny i funcionalitat:<\/h3>\n<ul>\n<li><strong>Voltatge de connexi\u00f3<\/strong>: 230 V<\/li>\n<li>Classificaci\u00f3 energ\u00e8tica superior que garanteix un menor consum el\u00e8ctric i m\u00e9s sostenibilitat.<\/li>\n<li>Dissenyat per climatitzar dos espais simult\u00e0niament amb un rendiment \u00f2ptim i silenci\u00f3s.<\/li>\n<\/ul>\n<p>El <strong>Kit Multi Split Mitsubishi Electric 2\u00d71<\/strong> \u00e9s una opci\u00f3 ideal per climatitzar m\u00faltiples estades de forma eficient i c\u00f2moda. Amb un disseny modern i una tecnologia d&#039;\u00faltima generaci\u00f3, ofereix una soluci\u00f3 fiable i sostenible per a qualsevol llar o oficina.<\/p>","protected":false},"excerpt":{"rendered":"<p>Kit Multi Split Mitsubishi Electric 2\u00d71 \u2013 Paret El Kit Multi Split Mitsubishi Electric 2\u00d71 combina tecnologia d\u00b4avantguarda, efici\u00e8ncia energ\u00e8tica i un disseny elegant per oferir la millor experi\u00e8ncia de climatitzaci\u00f3 en dos espais. Aquest sistema \u00e9s ideal per als que busquen confort, rendiment i sostenibilitat. Composici\u00f3 del Kit: 1 unitat exterior: 2\u00d71 MXZ-2HA40VF R32\u2026<\/p>","protected":false},"featured_media":6266,"comment_status":"closed","ping_status":"closed","template":"","meta":{"_kad_blocks_custom_css":"","_kad_blocks_head_custom_js":"","_kad_blocks_body_custom_js":"","_kad_blocks_footer_custom_js":"","_kad_post_transparent":"default","_kad_post_title":"","_kad_post_layout":"default","_kad_post_sidebar_id":"","_kad_post_content_style":"default","_kad_post_vertical_padding":"default","_kad_post_feature":"","_kad_post_feature_position":"","_kad_post_header":false,"_kad_post_footer":false,"_joinchat":[]},"product_brand":[],"product_cat":[282,242],"product_tag":[],"class_list":{"0":"post-6264","1":"product","2":"type-product","3":"status-publish","4":"has-post-thumbnail","6":"product_cat-split-2x1","7":"product_cat-splits","9":"first","10":"instock","11":"taxable","12":"shipping-taxable","13":"product-type-external","14":"add-to-wishlist-before_image","15":"entry","16":"content-bg","17":"loop-entry"},"taxonomy_info":{"product_cat":[{"value":282,"label":"Split 2x1"},{"value":242,"label":"Splits"}]},"featured_image_src_large":["https:\/\/tienda.pujolclima.com\/wp-content\/uploads\/2024\/12\/Aire-Acondicionado-Multisplit-2x1-Mitsubishi-MSZ-HR-2535-E50VF-pjcgwzh7ra2t3z8d3vqfktyr0j6bocva2s6goe2l90.jpg",450,450,false],"author_info":[],"comment_info":0,"_links":{"self":[{"href":"https:\/\/tienda.pujolclima.com\/ca\/wp-json\/wp\/v2\/product\/6264","targetHints":{"allow":["GET"]}}],"collection":[{"href":"https:\/\/tienda.pujolclima.com\/ca\/wp-json\/wp\/v2\/product"}],"about":[{"href":"https:\/\/tienda.pujolclima.com\/ca\/wp-json\/wp\/v2\/types\/product"}],"replies":[{"embeddable":true,"href":"https:\/\/tienda.pujolclima.com\/ca\/wp-json\/wp\/v2\/comments?post=6264"}],"wp:featuredmedia":[{"embeddable":true,"href":"https:\/\/tienda.pujolclima.com\/ca\/wp-json\/wp\/v2\/media\/6266"}],"wp:attachment":[{"href":"https:\/\/tienda.pujolclima.com\/ca\/wp-json\/wp\/v2\/media?parent=6264"}],"wp:term":[{"taxonomy":"product_brand","embeddable":true,"href":"https:\/\/tienda.pujolclima.com\/ca\/wp-json\/wp\/v2\/product_brand?post=6264"},{"taxonomy":"product_cat","embeddable":true,"href":"https:\/\/tienda.pujolclima.com\/ca\/wp-json\/wp\/v2\/product_cat?post=6264"},{"taxonomy":"product_tag","embeddable":true,"href":"https:\/\/tienda.pujolclima.com\/ca\/wp-json\/wp\/v2\/product_tag?post=6264"}],"curies":[{"name":"wp","href":"https:\/\/api.w.org\/{rel}","templated":true}]}}