{"id":6263,"date":"2024-12-18T16:18:54","date_gmt":"2024-12-18T15:18:54","guid":{"rendered":"https:\/\/tienda.pujolclima.com\/?post_type=product&#038;p=6263"},"modified":"2026-03-24T13:52:44","modified_gmt":"2026-03-24T12:52:44","slug":"aire-acondicionado-kosner-multisplit-pared-r-32-ksti-nova-3x1-121212","status":"publish","type":"product","link":"https:\/\/tienda.pujolclima.com\/ca\/producte\/aire-acondicionado-kosner-multisplit-pared-r-32-ksti-nova-3x1-121212\/","title":{"rendered":"aire condicionat Kosner multisplit paret R-32 KSTi NOVA 3X1 12+12+12"},"content":{"rendered":"<p><strong>Kit Multi Split Kosner Nova Evo 3\u00d71 \u2013 Paret<\/strong><\/p>\n<p>El <strong>Kit Multi Split Kosner Nova Evo 3\u00d71<\/strong> \u00e9s una soluci\u00f3 eficient i potent per climatitzar tres estades de manera simult\u00e0nia. Dissenyat per a espais que requereixen un rendiment equilibrat i un disseny modern, aquest sistema garanteix confort i sostenibilitat a cada habitaci\u00f3.<\/p>\n<h3>Composici\u00f3 del Kit:<\/h3>\n<ul>\n<li><strong>1 unitat exterior<\/strong>: R32 Kosner Multi 3\u00d71 KSTI M3-27\/79 Nova Evo<\/li>\n<li><strong>3 unitats interiors<\/strong>: Split paret R32 KSTI-12N\/35 Nova Evo Kosner<\/li>\n<\/ul>\n<h3>Caracter\u00edstiques principals:<\/h3>\n<ul>\n<li><strong>Nombre total d&#039;unitats interiors<\/strong>: 3<\/li>\n<li><strong>Capacitat nominal de refrigeraci\u00f3<\/strong>: 3.517 W<\/li>\n<li><strong>Capacitat nominal calor\u00edfica<\/strong>: 3.810 W<\/li>\n<li><strong>Tipus de refrigerant<\/strong>: R-32, eficient i respectu\u00f3s amb el medi ambient.<\/li>\n<\/ul>\n<h3>Disseny i funcionalitat:<\/h3>\n<ul>\n<li><strong>Voltatge de connexi\u00f3<\/strong>: 220\/240 V<\/li>\n<li>Ideal per climatitzar tres habitacions amb una capacitat uniforme i un alt rendiment.<\/li>\n<li>Disseny compacte i elegant que s\u02bbadapta perfectament a qualsevol estil decoratiu.<\/li>\n<\/ul>\n<p>El <strong>Kit Multi Split Kosner Nova Evo 3\u00d71<\/strong> \u00e9s lelecci\u00f3 perfecta per als que busquen tecnologia avan\u00e7ada i una climatitzaci\u00f3 fiable. Amb un disseny pensat per maximitzar l&#039;efici\u00e8ncia i minimitzar l&#039;impacte ambiental, aquest sistema assegura el confort a qualsevol espai.<\/p>","protected":false},"excerpt":{"rendered":"<p>Kit Multi Split Kosner Nova Evo 3&#215;1 &#8211; Pared El Kit Multi Split Kosner Nova Evo 3&#215;1 es una soluci\u00f3n eficiente y potente para climatizar tres estancias de manera simult\u00e1nea. Dise\u00f1ado para espacios que requieren un rendimiento equilibrado y un dise\u00f1o moderno, este sistema garantiza confort y sostenibilidad en cada habitaci\u00f3n. Composici\u00f3n del Kit: 1&#8230;<\/p>","protected":false},"featured_media":6260,"comment_status":"closed","ping_status":"closed","template":"","meta":{"_kad_blocks_custom_css":"","_kad_blocks_head_custom_js":"","_kad_blocks_body_custom_js":"","_kad_blocks_footer_custom_js":"","_kad_post_transparent":"default","_kad_post_title":"","_kad_post_layout":"default","_kad_post_sidebar_id":"","_kad_post_content_style":"default","_kad_post_vertical_padding":"default","_kad_post_feature":"","_kad_post_feature_position":"","_kad_post_header":false,"_kad_post_footer":false,"_joinchat":[]},"product_brand":[],"product_cat":[283,242],"product_tag":[],"class_list":{"0":"post-6263","1":"product","2":"type-product","3":"status-publish","4":"has-post-thumbnail","6":"product_cat-split-3x1","7":"product_cat-splits","9":"first","10":"instock","11":"taxable","12":"shipping-taxable","13":"product-type-external","14":"add-to-wishlist-before_image","15":"entry","16":"content-bg","17":"loop-entry"},"taxonomy_info":{"product_cat":[{"value":283,"label":"Split 3x1"},{"value":242,"label":"Splits"}]},"featured_image_src_large":["https:\/\/tienda.pujolclima.com\/wp-content\/uploads\/2024\/12\/kosner3x1-1024x1024.webp",1024,1024,true],"author_info":[],"comment_info":0,"_links":{"self":[{"href":"https:\/\/tienda.pujolclima.com\/ca\/wp-json\/wp\/v2\/product\/6263","targetHints":{"allow":["GET"]}}],"collection":[{"href":"https:\/\/tienda.pujolclima.com\/ca\/wp-json\/wp\/v2\/product"}],"about":[{"href":"https:\/\/tienda.pujolclima.com\/ca\/wp-json\/wp\/v2\/types\/product"}],"replies":[{"embeddable":true,"href":"https:\/\/tienda.pujolclima.com\/ca\/wp-json\/wp\/v2\/comments?post=6263"}],"wp:featuredmedia":[{"embeddable":true,"href":"https:\/\/tienda.pujolclima.com\/ca\/wp-json\/wp\/v2\/media\/6260"}],"wp:attachment":[{"href":"https:\/\/tienda.pujolclima.com\/ca\/wp-json\/wp\/v2\/media?parent=6263"}],"wp:term":[{"taxonomy":"product_brand","embeddable":true,"href":"https:\/\/tienda.pujolclima.com\/ca\/wp-json\/wp\/v2\/product_brand?post=6263"},{"taxonomy":"product_cat","embeddable":true,"href":"https:\/\/tienda.pujolclima.com\/ca\/wp-json\/wp\/v2\/product_cat?post=6263"},{"taxonomy":"product_tag","embeddable":true,"href":"https:\/\/tienda.pujolclima.com\/ca\/wp-json\/wp\/v2\/product_tag?post=6263"}],"curies":[{"name":"wp","href":"https:\/\/api.w.org\/{rel}","templated":true}]}}