{"id":6258,"date":"2024-12-18T16:01:22","date_gmt":"2024-12-18T15:01:22","guid":{"rendered":"https:\/\/tienda.pujolclima.com\/?post_type=product&#038;p=6258"},"modified":"2026-03-24T14:04:22","modified_gmt":"2026-03-24T13:04:22","slug":"aire-acondicionado-kosner-multisplit-ksti-nova-2x1-1212-r-32","status":"publish","type":"product","link":"https:\/\/tienda.pujolclima.com\/ca\/producte\/aire-acondicionado-kosner-multisplit-ksti-nova-2x1-1212-r-32\/","title":{"rendered":"Aire Condicionat Kosner multisplit KSTi NOVA 2X1 12+12 R-32"},"content":{"rendered":"<p><strong>Aire Condicionat Kosner \u2013 Sistema de Dues Unitats Interiors<\/strong><\/p>\n<p>Experimenta un confort superior en dos espais amb aire condicionat Kosner de doble unitat interior. Aquest sistema ofereix un rendiment eficient i una climatitzaci\u00f3 fiable, ideal per a llars o oficines amb m\u00faltiples estades.<\/p>\n<h3>Caracter\u00edstiques principals:<\/h3>\n<ul>\n<li><strong>Nombre total d&#039;unitats interiors<\/strong>: 2<\/li>\n<li><strong>Capacitat nominal de refrigeraci\u00f3<\/strong>: 3.517 W per unitat<\/li>\n<li><strong>Capacitat nominal calor\u00edfica<\/strong>: 3.810 W per unitat<\/li>\n<li><strong>Tipus de refrigerant<\/strong>: R-32, eficient i respectu\u00f3s amb el medi ambient.<\/li>\n<\/ul>\n<h3>Disseny i funcionalitat:<\/h3>\n<ul>\n<li><strong>Voltatge de connexi\u00f3<\/strong>: 220\/240 V<\/li>\n<li>Permet climatitzar dues habitacions de manera simult\u00e0nia i eficient.<\/li>\n<li>Disseny compacte i elegant que s\u02bbadapta perfectament a qualsevol espai.<\/li>\n<\/ul>\n<p>L&#039;aire condicionat Kosner de doble unitat interior \u00e9s la soluci\u00f3 perfecta per mantenir un ambient c\u00f2mode i agradable a diversos espais. Amb tecnologia avan\u00e7ada i un disseny modern, combina funcionalitat i efici\u00e8ncia energ\u00e8tica per a una experi\u00e8ncia de climatitzaci\u00f3 excepcional.<\/p>","protected":false},"excerpt":{"rendered":"<p>Aire Acondicionado Kosner &#8211; Sistema de Dos Unidades Interiores Experimenta un confort superior en dos espacios con el aire acondicionado Kosner de doble unidad interior. Este sistema ofrece un rendimiento eficiente y una climatizaci\u00f3n confiable, ideal para hogares u oficinas con m\u00faltiples estancias. Caracter\u00edsticas principales: N\u00famero total de unidades interiores: 2 Capacidad nominal de refrigeraci\u00f3n:&#8230;<\/p>","protected":false},"featured_media":6256,"comment_status":"closed","ping_status":"closed","template":"","meta":{"_kad_blocks_custom_css":"","_kad_blocks_head_custom_js":"","_kad_blocks_body_custom_js":"","_kad_blocks_footer_custom_js":"","_kad_post_transparent":"default","_kad_post_title":"","_kad_post_layout":"default","_kad_post_sidebar_id":"","_kad_post_content_style":"default","_kad_post_vertical_padding":"default","_kad_post_feature":"","_kad_post_feature_position":"","_kad_post_header":false,"_kad_post_footer":false,"_joinchat":[]},"product_brand":[],"product_cat":[282,242],"product_tag":[],"class_list":{"0":"post-6258","1":"product","2":"type-product","3":"status-publish","4":"has-post-thumbnail","6":"product_cat-split-2x1","7":"product_cat-splits","9":"first","10":"instock","11":"taxable","12":"shipping-taxable","13":"product-type-external","14":"add-to-wishlist-before_image","15":"entry","16":"content-bg","17":"loop-entry"},"taxonomy_info":{"product_cat":[{"value":282,"label":"Split 2x1"},{"value":242,"label":"Splits"}]},"featured_image_src_large":["https:\/\/tienda.pujolclima.com\/wp-content\/uploads\/2024\/12\/kosner2x1-1024x1008.webp",1024,1008,true],"author_info":[],"comment_info":0,"_links":{"self":[{"href":"https:\/\/tienda.pujolclima.com\/ca\/wp-json\/wp\/v2\/product\/6258","targetHints":{"allow":["GET"]}}],"collection":[{"href":"https:\/\/tienda.pujolclima.com\/ca\/wp-json\/wp\/v2\/product"}],"about":[{"href":"https:\/\/tienda.pujolclima.com\/ca\/wp-json\/wp\/v2\/types\/product"}],"replies":[{"embeddable":true,"href":"https:\/\/tienda.pujolclima.com\/ca\/wp-json\/wp\/v2\/comments?post=6258"}],"wp:featuredmedia":[{"embeddable":true,"href":"https:\/\/tienda.pujolclima.com\/ca\/wp-json\/wp\/v2\/media\/6256"}],"wp:attachment":[{"href":"https:\/\/tienda.pujolclima.com\/ca\/wp-json\/wp\/v2\/media?parent=6258"}],"wp:term":[{"taxonomy":"product_brand","embeddable":true,"href":"https:\/\/tienda.pujolclima.com\/ca\/wp-json\/wp\/v2\/product_brand?post=6258"},{"taxonomy":"product_cat","embeddable":true,"href":"https:\/\/tienda.pujolclima.com\/ca\/wp-json\/wp\/v2\/product_cat?post=6258"},{"taxonomy":"product_tag","embeddable":true,"href":"https:\/\/tienda.pujolclima.com\/ca\/wp-json\/wp\/v2\/product_tag?post=6258"}],"curies":[{"name":"wp","href":"https:\/\/api.w.org\/{rel}","templated":true}]}}