{"id":6257,"date":"2024-12-18T15:57:21","date_gmt":"2024-12-18T14:57:21","guid":{"rendered":"https:\/\/tienda.pujolclima.com\/?post_type=product&#038;p=6257"},"modified":"2026-03-24T14:04:59","modified_gmt":"2026-03-24T13:04:59","slug":"aire-acondicionado-kosner-multisplit-r-32-ksti-nova-2x1-912","status":"publish","type":"product","link":"https:\/\/tienda.pujolclima.com\/ca\/producte\/aire-acondicionado-kosner-multisplit-r-32-ksti-nova-2x1-912\/","title":{"rendered":"Aire Condicionat Kosner multisplit R-32 KSTi NOVA 2X1 9+12"},"content":{"rendered":"<p><strong>Aire Condicionat Kosner \u2013 Sistema de Dues Unitats Interiors<\/strong><\/p>\n<p>Gaudeix d\u00b4una climatitzaci\u00f3 eficient i vers\u00e0til amb l\u00b4aire condicionat Kosner de doble unitat interior. Dissenyat per cobrir m\u00faltiples espais, aquest model combina pot\u00e8ncia, disseny elegant i baix consum energ\u00e8tic.<\/p>\n<h3>Caracter\u00edstiques principals:<\/h3>\n<ul>\n<li><strong>Nombre total d&#039;unitats interiors<\/strong>: 2<\/li>\n<li><strong>Capacitat nominal de refrigeraci\u00f3<\/strong>: 3.517 W per unitat<\/li>\n<li><strong>Capacitat nominal calor\u00edfica<\/strong>: 3.810 W per unitat<\/li>\n<li><strong>Tipus de refrigerant<\/strong>: R-32, ecol\u00f2gic i eficient.<\/li>\n<\/ul>\n<h3>Disseny i funcionalitat:<\/h3>\n<ul>\n<li><strong>Voltatge de connexi\u00f3<\/strong>: 220\/240 V<\/li>\n<li>Ideal per climatitzar dues habitacions de forma simult\u00e0nia i eficient.<\/li>\n<li>Disseny modern i compacte que s&#039;integra f\u00e0cilment a qualsevol entorn.<\/li>\n<\/ul>\n<p>El sistema d&#039;aire condicionat Kosner de doble unitat interior \u00e9s l&#039;opci\u00f3 perfecta per als que busquen confort i funcionalitat a diversos espais. Optimitza la teva llar o lloc de treball amb una soluci\u00f3 fiable, sostenible i d&#039;alt rendiment<\/p>","protected":false},"excerpt":{"rendered":"<p>Aire Condicionat Kosner \u2013 Sistema de Dues Unitats Interiors Gaudeix d\u00b4una climatitzaci\u00f3 eficient i vers\u00e0til amb l\u00b4aire condicionat Kosner de doble unitat interior. Dissenyat per cobrir m\u00faltiples espais, aquest model combina pot\u00e8ncia, disseny elegant i baix consum energ\u00e8tic. Caracter\u00edstiques principals: Nombre total d&#039;unitats interiors: 2 Capacitat nominal de refrigeraci\u00f3: 3.517 W\u2026<\/p>","protected":false},"featured_media":6256,"comment_status":"closed","ping_status":"closed","template":"","meta":{"_kad_blocks_custom_css":"","_kad_blocks_head_custom_js":"","_kad_blocks_body_custom_js":"","_kad_blocks_footer_custom_js":"","_kad_post_transparent":"default","_kad_post_title":"","_kad_post_layout":"default","_kad_post_sidebar_id":"","_kad_post_content_style":"default","_kad_post_vertical_padding":"default","_kad_post_feature":"","_kad_post_feature_position":"","_kad_post_header":false,"_kad_post_footer":false,"_joinchat":[]},"product_brand":[],"product_cat":[282,242],"product_tag":[],"class_list":{"0":"post-6257","1":"product","2":"type-product","3":"status-publish","4":"has-post-thumbnail","6":"product_cat-split-2x1","7":"product_cat-splits","9":"first","10":"instock","11":"taxable","12":"shipping-taxable","13":"product-type-external","14":"add-to-wishlist-before_image","15":"entry","16":"content-bg","17":"loop-entry"},"taxonomy_info":{"product_cat":[{"value":282,"label":"Split 2x1"},{"value":242,"label":"Splits"}]},"featured_image_src_large":["https:\/\/tienda.pujolclima.com\/wp-content\/uploads\/2024\/12\/kosner2x1-1024x1008.webp",1024,1008,true],"author_info":[],"comment_info":0,"_links":{"self":[{"href":"https:\/\/tienda.pujolclima.com\/ca\/wp-json\/wp\/v2\/product\/6257","targetHints":{"allow":["GET"]}}],"collection":[{"href":"https:\/\/tienda.pujolclima.com\/ca\/wp-json\/wp\/v2\/product"}],"about":[{"href":"https:\/\/tienda.pujolclima.com\/ca\/wp-json\/wp\/v2\/types\/product"}],"replies":[{"embeddable":true,"href":"https:\/\/tienda.pujolclima.com\/ca\/wp-json\/wp\/v2\/comments?post=6257"}],"wp:featuredmedia":[{"embeddable":true,"href":"https:\/\/tienda.pujolclima.com\/ca\/wp-json\/wp\/v2\/media\/6256"}],"wp:attachment":[{"href":"https:\/\/tienda.pujolclima.com\/ca\/wp-json\/wp\/v2\/media?parent=6257"}],"wp:term":[{"taxonomy":"product_brand","embeddable":true,"href":"https:\/\/tienda.pujolclima.com\/ca\/wp-json\/wp\/v2\/product_brand?post=6257"},{"taxonomy":"product_cat","embeddable":true,"href":"https:\/\/tienda.pujolclima.com\/ca\/wp-json\/wp\/v2\/product_cat?post=6257"},{"taxonomy":"product_tag","embeddable":true,"href":"https:\/\/tienda.pujolclima.com\/ca\/wp-json\/wp\/v2\/product_tag?post=6257"}],"curies":[{"name":"wp","href":"https:\/\/api.w.org\/{rel}","templated":true}]}}