{"id":6253,"date":"2024-12-18T15:45:28","date_gmt":"2024-12-18T14:45:28","guid":{"rendered":"https:\/\/tienda.pujolclima.com\/?post_type=product&#038;p=6253"},"modified":"2026-03-24T18:08:47","modified_gmt":"2026-03-24T17:08:47","slug":"aire-acondicionado-kosner-ksti-18n-50-nova-evo-r-32","status":"publish","type":"product","link":"https:\/\/tienda.pujolclima.com\/ca\/producte\/aire-acondicionado-kosner-ksti-18n-50-nova-evo-r-32\/","title":{"rendered":"Aire Condicionat Kosner KSTI 18N\/50 NOVA EVO R-32"},"content":{"rendered":"<p><strong>Aire Condicionat Kosner \u2013 Model Paret<\/strong><\/p>\n<p>Gaudeix d\u00b4un ambient ideal durant tot l\u00b4any amb l\u00b4aire condicionat Kosner, un equip dissenyat per oferir pot\u00e8ncia, efici\u00e8ncia i confort en qualsevol espai. Perfecte per als que busquen un equilibri entre rendiment i estalvi energ\u00e8tic.<\/p>\n<h3>Caracter\u00edstiques principals:<\/h3>\n<ul>\n<li><strong>Capacitat nominal de refrigeraci\u00f3<\/strong>: 5.272 W<\/li>\n<li><strong>Capacitat nominal calor\u00edfica<\/strong>: 5.565 W<\/li>\n<li><strong>Consum nominal en refrigeraci\u00f3<\/strong>: 1.550 W<\/li>\n<li><strong>Consum nominal en calefacci\u00f3<\/strong>: 1.500 W<\/li>\n<li><strong>Tipus de refrigerant<\/strong>: R-32, respectu\u00f3s amb el medi ambient.<\/li>\n<\/ul>\n<h3>Efici\u00e8ncia energ\u00e8tica d&#039;alt nivell:<\/h3>\n<ul>\n<li><strong>EER (\u00cdndex d&#039;Efici\u00e8ncia Energ\u00e8tica en refrigeraci\u00f3)<\/strong>: 3,4<\/li>\n<li><strong>COP (Coeficient de Rendiment en calefacci\u00f3)<\/strong>: 3,71<\/li>\n<li><strong>SEER (Efici\u00e8ncia Energ\u00e8tica Estacional en refrigeraci\u00f3)<\/strong>: 7 (Classe A++)<\/li>\n<li><strong>SCOP (Efici\u00e8ncia Energ\u00e8tica Estacional en calefacci\u00f3 \u2013 Zona interm\u00e8dia)<\/strong>: 4 (Classe A+)<\/li>\n<\/ul>\n<h3>Disseny i funcionalitat:<\/h3>\n<ul>\n<li><strong>Voltatge de connexi\u00f3<\/strong>: 220\/240 V<\/li>\n<li>Classificaci\u00f3 energ\u00e8tica superior que garanteix un menor consum el\u00e8ctric i un impacte ambiental redu\u00eft.<\/li>\n<li>Dissenyat per proporcionar una climatitzaci\u00f3 eficient i confortable en zones clim\u00e0tiques interm\u00e8dies.<\/li>\n<\/ul>\n<p>L&#039;aire condicionat Kosner combina pot\u00e8ncia i tecnologia avan\u00e7ada, assegurant un rendiment excepcional a qualsevol temporada. Millora el teu espai amb una soluci\u00f3 fiable, efica\u00e7 i sostenible.<\/p>","protected":false},"excerpt":{"rendered":"<p>Aire Acondicionado Kosner &#8211; Modelo Pared Disfruta de un ambiente ideal durante todo el a\u00f1o con el aire acondicionado Kosner, un equipo dise\u00f1ado para ofrecer potencia, eficiencia y confort en cualquier espacio. Perfecto para quienes buscan un equilibrio entre rendimiento y ahorro energ\u00e9tico. Caracter\u00edsticas principales: Capacidad nominal de refrigeraci\u00f3n: 5.272 W Capacidad nominal calor\u00edfica: 5.565&#8230;<\/p>","protected":false},"featured_media":6251,"comment_status":"closed","ping_status":"closed","template":"","meta":{"_kad_blocks_custom_css":"","_kad_blocks_head_custom_js":"","_kad_blocks_body_custom_js":"","_kad_blocks_footer_custom_js":"","_kad_post_transparent":"default","_kad_post_title":"","_kad_post_layout":"default","_kad_post_sidebar_id":"","_kad_post_content_style":"default","_kad_post_vertical_padding":"default","_kad_post_feature":"","_kad_post_feature_position":"","_kad_post_header":false,"_kad_post_footer":false,"_joinchat":[]},"product_brand":[],"product_cat":[278],"product_tag":[],"class_list":{"0":"post-6253","1":"product","2":"type-product","3":"status-publish","4":"has-post-thumbnail","6":"product_cat-split-1x1","8":"first","9":"instock","10":"taxable","11":"shipping-taxable","12":"product-type-external","13":"add-to-wishlist-before_image","14":"entry","15":"content-bg","16":"loop-entry"},"taxonomy_info":{"product_cat":[{"value":278,"label":"Split 1x1"}]},"featured_image_src_large":["https:\/\/tienda.pujolclima.com\/wp-content\/uploads\/2024\/12\/split-pared-kosner-inverter-serie-n-modelo-ksti-24n-71-nova.avif",1024,960,false],"author_info":[],"comment_info":0,"_links":{"self":[{"href":"https:\/\/tienda.pujolclima.com\/ca\/wp-json\/wp\/v2\/product\/6253","targetHints":{"allow":["GET"]}}],"collection":[{"href":"https:\/\/tienda.pujolclima.com\/ca\/wp-json\/wp\/v2\/product"}],"about":[{"href":"https:\/\/tienda.pujolclima.com\/ca\/wp-json\/wp\/v2\/types\/product"}],"replies":[{"embeddable":true,"href":"https:\/\/tienda.pujolclima.com\/ca\/wp-json\/wp\/v2\/comments?post=6253"}],"wp:featuredmedia":[{"embeddable":true,"href":"https:\/\/tienda.pujolclima.com\/ca\/wp-json\/wp\/v2\/media\/6251"}],"wp:attachment":[{"href":"https:\/\/tienda.pujolclima.com\/ca\/wp-json\/wp\/v2\/media?parent=6253"}],"wp:term":[{"taxonomy":"product_brand","embeddable":true,"href":"https:\/\/tienda.pujolclima.com\/ca\/wp-json\/wp\/v2\/product_brand?post=6253"},{"taxonomy":"product_cat","embeddable":true,"href":"https:\/\/tienda.pujolclima.com\/ca\/wp-json\/wp\/v2\/product_cat?post=6253"},{"taxonomy":"product_tag","embeddable":true,"href":"https:\/\/tienda.pujolclima.com\/ca\/wp-json\/wp\/v2\/product_tag?post=6253"}],"curies":[{"name":"wp","href":"https:\/\/api.w.org\/{rel}","templated":true}]}}