{"id":6243,"date":"2024-12-17T16:59:52","date_gmt":"2024-12-17T15:59:52","guid":{"rendered":"https:\/\/tienda.pujolclima.com\/?post_type=product&#038;p=6243"},"modified":"2026-03-24T18:10:42","modified_gmt":"2026-03-24T17:10:42","slug":"aire-acondicionado-mitsubishi-electric-mr-slim-cassette-r-32-mgplz-100vea","status":"publish","type":"product","link":"https:\/\/tienda.pujolclima.com\/ca\/producte\/aire-acondicionado-mitsubishi-electric-mr-slim-cassette-r-32-mgplz-100vea\/","title":{"rendered":"Aire Condicionat Mitsubishi Electric Mr. Slim casset R-32 MGPLZ-100VEA"},"content":{"rendered":"<p><strong>Aire Condicionat Cassette \u2013 Efici\u00e8ncia i Pot\u00e8ncia per al teu Confort<\/strong><\/p>\n<p>L&#039;aire condicionat casset \u00e9s l&#039;opci\u00f3 ideal per als que busquen una climatitzaci\u00f3 potent i eficient, perfecta per mantenir l&#039;ambient c\u00f2mode a qualsevol \u00e8poca de l&#039;any. Amb una <strong>capacitat nominal de refrigeraci\u00f3 de 9.500 W<\/strong> i una <strong>capacitat nominal calor\u00edfica de 11.200 W<\/strong>, aquest equip garanteix un rendiment excepcional tant en mode fred com en calor.<\/p>\n<p><strong>Caracter\u00edstiques destacades:<\/strong><\/p>\n<ul>\n<li><strong>Consum eficient:<\/strong> La seva <strong>consum nominal de 2.790 W<\/strong> en refrigeraci\u00f3 i <strong>3.100 W<\/strong> en calefacci\u00f3 assegura una climatitzaci\u00f3 d&#039;alt rendiment amb un consum energ\u00e8tic baix.<\/li>\n<li><strong>Refrigerant ecol\u00f2gic R-32:<\/strong> Equipat amb <strong>R-32<\/strong>, un refrigerant de baix impacte ambiental que ofereix una efici\u00e8ncia energ\u00e8tica superior i contribueix a la reducci\u00f3 de la petjada de carboni.<\/li>\n<li><strong>Efici\u00e8ncia energ\u00e8tica excel\u00b7lent:<\/strong> Amb un <strong>EER de 3,41<\/strong> i un <strong>COP de 3,61<\/strong>, l&#039;equip garanteix un rendiment eficient, minimitzant el consum energ\u00e8tic sense sacrificar el confort.<\/li>\n<li><strong>Climatitzaci\u00f3 eficient durant tot l&#039;any:<\/strong> Amb un <strong>\u00c9SSER de 6<\/strong> i un <strong>SCOP de 4,5<\/strong> a zones clim\u00e0tiques interm\u00e8dies, assegura un rendiment efica\u00e7 tant a l&#039;hivern com a l&#039;estiu.<\/li>\n<li><strong>Alta qualificaci\u00f3 energ\u00e8tica:<\/strong> Amb una <strong>classificaci\u00f3 energ\u00e8tica A+ en fred<\/strong> i <strong>A+ en calefacci\u00f3<\/strong>, aquest aire condicionat destaca per la seva efici\u00e8ncia energ\u00e8tica, ajudant a reduir la despesa el\u00e8ctrica sense comprometre el confort.<\/li>\n<\/ul>\n<p>Caracter\u00edstiques:<\/p>\n<div class=\"row row--striped no-gutters align-items-center\">\n<div class=\"col-6 px-2 px-md-3 text-capitalize-first\">model unitat interior: casset<\/div>\n<\/div>\n<div class=\"row row--striped no-gutters align-items-center\">\n<div class=\"col-6 px-2 px-md-3 text-capitalize-first\">capacitat nominal refrigeraci\u00f3: 9.500 W<\/div>\n<\/div>\n<div class=\"row row--striped no-gutters align-items-center\">\n<div class=\"col-6 px-2 px-md-3 text-capitalize-first\">capacitat nominal calor\u00edfica: 11.200 W<\/div>\n<\/div>\n<div class=\"row row--striped no-gutters align-items-center\">\n<div class=\"col-6 px-2 px-md-3 text-capitalize-first\">consum nominal refrigeraci\u00f3: 2.790 W<\/div>\n<\/div>\n<div class=\"row row--striped no-gutters align-items-center\">\n<div class=\"col-6 px-2 px-md-3 text-capitalize-first\">consum nominal calor\u00edfic: 3.100 W<\/div>\n<\/div>\n<div class=\"row row--striped no-gutters align-items-center\">\n<div class=\"col-6 px-2 px-md-3 text-capitalize-first\">tipus de refrigerant: R-32<\/div>\n<\/div>\n<div class=\"row row--striped no-gutters align-items-center\">\n<div class=\"col-6 px-2 px-md-3 text-capitalize-first\">EER: 3,41<\/div>\n<\/div>\n<div class=\"row row--striped no-gutters align-items-center\">\n<div class=\"col-6 px-2 px-md-3 text-capitalize-first\">COP: 3,61<\/div>\n<\/div>\n<div id=\"showMore\" class=\"show-more collapse show\">\n<div class=\"row row--striped no-gutters align-items-center\">\n<div class=\"col-6 px-2 px-md-3 text-capitalize-first\">SEER efici\u00e8ncia energ\u00e8tica estacional: 6<\/div>\n<\/div>\n<div class=\"row row--striped no-gutters align-items-center\">\n<div class=\"col-6 px-2 px-md-3 text-capitalize-first\">classe efici\u00e8ncia energ\u00e8tica fred: A+<\/div>\n<\/div>\n<div class=\"row row--striped no-gutters align-items-center\">\n<div class=\"col-6 px-2 px-md-3 text-capitalize-first\">SCOP zona clim\u00e0tica interm\u00e8dia: 4,5<\/div>\n<\/div>\n<div class=\"row row--striped no-gutters align-items-center\">\n<div class=\"col-6 px-2 px-md-3 text-capitalize-first\">classe efici\u00e8ncia energ\u00e8tica calor: A+<\/div>\n<\/div>\n<div class=\"row row--striped no-gutters align-items-center\">\n<div class=\"col-6 px-2 px-md-3 text-capitalize-first\">voltatge de connexi\u00f3: 230 V<\/div>\n<\/div>\n<\/div>","protected":false},"excerpt":{"rendered":"<p>Aire Acondicionado Cassette \u2013 Eficiencia y Potencia para tu Confort El aire acondicionado cassette es la opci\u00f3n ideal para quienes buscan una climatizaci\u00f3n potente y eficiente, perfecta para mantener el ambiente c\u00f3modo en cualquier \u00e9poca del a\u00f1o. Con una capacidad nominal de refrigeraci\u00f3n de 9.500 W y una capacidad nominal calor\u00edfica de 11.200 W, este&#8230;<\/p>","protected":false},"featured_media":6242,"comment_status":"closed","ping_status":"closed","template":"","meta":{"_kad_blocks_custom_css":"","_kad_blocks_head_custom_js":"","_kad_blocks_body_custom_js":"","_kad_blocks_footer_custom_js":"","_kad_post_transparent":"default","_kad_post_title":"","_kad_post_layout":"default","_kad_post_sidebar_id":"","_kad_post_content_style":"default","_kad_post_vertical_padding":"default","_kad_post_feature":"","_kad_post_feature_position":"","_kad_post_header":false,"_kad_post_footer":false,"_joinchat":[]},"product_brand":[],"product_cat":[253],"product_tag":[],"class_list":{"0":"post-6243","1":"product","2":"type-product","3":"status-publish","4":"has-post-thumbnail","6":"product_cat-cassette","8":"first","9":"instock","10":"taxable","11":"shipping-taxable","12":"product-type-external","13":"add-to-wishlist-before_image","14":"entry","15":"content-bg","16":"loop-entry"},"taxonomy_info":{"product_cat":[{"value":253,"label":"Cassette"}]},"featured_image_src_large":["https:\/\/tienda.pujolclima.com\/wp-content\/uploads\/2024\/12\/cassetemitsu.webp",998,1021,false],"author_info":[],"comment_info":0,"_links":{"self":[{"href":"https:\/\/tienda.pujolclima.com\/ca\/wp-json\/wp\/v2\/product\/6243","targetHints":{"allow":["GET"]}}],"collection":[{"href":"https:\/\/tienda.pujolclima.com\/ca\/wp-json\/wp\/v2\/product"}],"about":[{"href":"https:\/\/tienda.pujolclima.com\/ca\/wp-json\/wp\/v2\/types\/product"}],"replies":[{"embeddable":true,"href":"https:\/\/tienda.pujolclima.com\/ca\/wp-json\/wp\/v2\/comments?post=6243"}],"wp:featuredmedia":[{"embeddable":true,"href":"https:\/\/tienda.pujolclima.com\/ca\/wp-json\/wp\/v2\/media\/6242"}],"wp:attachment":[{"href":"https:\/\/tienda.pujolclima.com\/ca\/wp-json\/wp\/v2\/media?parent=6243"}],"wp:term":[{"taxonomy":"product_brand","embeddable":true,"href":"https:\/\/tienda.pujolclima.com\/ca\/wp-json\/wp\/v2\/product_brand?post=6243"},{"taxonomy":"product_cat","embeddable":true,"href":"https:\/\/tienda.pujolclima.com\/ca\/wp-json\/wp\/v2\/product_cat?post=6243"},{"taxonomy":"product_tag","embeddable":true,"href":"https:\/\/tienda.pujolclima.com\/ca\/wp-json\/wp\/v2\/product_tag?post=6243"}],"curies":[{"name":"wp","href":"https:\/\/api.w.org\/{rel}","templated":true}]}}