{"id":6239,"date":"2024-12-17T16:35:57","date_gmt":"2024-12-17T15:35:57","guid":{"rendered":"https:\/\/tienda.pujolclima.com\/?post_type=product&#038;p=6239"},"modified":"2026-03-24T18:11:20","modified_gmt":"2026-03-24T17:11:20","slug":"mitsubishi-electric-mr-slim-cassette-r-32-mgplz-71vea","status":"publish","type":"product","link":"https:\/\/tienda.pujolclima.com\/ca\/producte\/mitsubishi-electric-mr-slim-cassette-r-32-mgplz-71vea\/","title":{"rendered":"Aire Condicionat Mitsubishi Electric Mr. Slim casset R-32 MGPLZ-71VEA"},"content":{"rendered":"<p><strong>Aire Condicionat Cassette \u2013 Efici\u00e8ncia i Confort en un Sol Equip<\/strong><\/p>\n<p>L&#039;aire condicionat casset \u00e9s la soluci\u00f3 perfecta per als que busquen una climatitzaci\u00f3 eficient i d&#039;alt rendiment. <strong>capacitat nominal de refrigeraci\u00f3 de 7.100 W<\/strong> i una <strong>capacitat nominal calor\u00edfica de 8.000 W<\/strong>Aquest equip proporciona un ambient confortable tant a l&#039;hivern com a l&#039;estiu, ideal per a espais mitjans o petits.<\/p>\n<p><strong>Caracter\u00edstiques destacades:<\/strong><\/p>\n<ul>\n<li><strong>Consum eficient:<\/strong> La seva <strong>consum nominal de 1.970 W<\/strong> en refrigeraci\u00f3 i <strong>2.280 W<\/strong> en calefacci\u00f3 assegura una climatitzaci\u00f3 potent per\u00f2 de baix consum i optimitza l&#039;efici\u00e8ncia energ\u00e8tica.<\/li>\n<li><strong>Refrigerant ecol\u00f2gic R-32:<\/strong> Utilitza <strong>R-32<\/strong>, un refrigerant de baix impacte ambiental que millora l&#039;efici\u00e8ncia energ\u00e8tica i redueix la petjada de carboni.<\/li>\n<li><strong>Efici\u00e8ncia energ\u00e8tica excel\u00b7lent:<\/strong> Amb un <strong>EER de 3,6<\/strong> i un <strong>COP de 3,51<\/strong>, aquest aire condicionat proporciona un excel\u00b7lent rendiment sense un alt consum energ\u00e8tic, ideal per mantenir els costos baixos.<\/li>\n<li><strong>Climatitzaci\u00f3 eficient tot l&#039;any:<\/strong> Amb un <strong>\u00c9SSER de 6<\/strong> i un <strong>SCOP de 3,9<\/strong> a zones clim\u00e0tiques interm\u00e8dies, l&#039;equip ofereix una climatitzaci\u00f3 eficient durant totes les estacions de l&#039;any.<\/li>\n<li><strong>Alta qualificaci\u00f3 energ\u00e8tica:<\/strong> Amb una <strong>classe energ\u00e8tica A+ en refrigeraci\u00f3<\/strong> i <strong>A en calefacci\u00f3<\/strong>, aquest aire condicionat compleix els m\u00e9s alts est\u00e0ndards d&#039;efici\u00e8ncia energ\u00e8tica, assegurant un rendiment \u00f2ptim mentre estalvies a la factura el\u00e8ctrica.<\/li>\n<\/ul>\n<div class=\"row row--striped no-gutters align-items-center\">\n<div>Caracter\u00edstiques:<\/div>\n<div><\/div>\n<div class=\"col-6 px-2 px-md-3 text-capitalize-first\">model unitat interior: casset<\/div>\n<\/div>\n<div class=\"row row--striped no-gutters align-items-center\">\n<div class=\"col-6 px-2 px-md-3 text-capitalize-first\">capacitat nominal refrigeraci\u00f3: 7.100 W<\/div>\n<\/div>\n<div class=\"row row--striped no-gutters align-items-center\">\n<div class=\"col-6 px-2 px-md-3 text-capitalize-first\">capacitat nominal calor\u00edfica: 8.000 W<\/div>\n<\/div>\n<div class=\"row row--striped no-gutters align-items-center\">\n<div class=\"col-6 px-2 px-md-3 text-capitalize-first\">consum nominal refrigeraci\u00f3: 1.970 W<\/div>\n<\/div>\n<div class=\"row row--striped no-gutters align-items-center\">\n<div class=\"col-6 px-2 px-md-3 text-capitalize-first\">consum nominal calor\u00edfic: 2.280 W<\/div>\n<\/div>\n<div class=\"row row--striped no-gutters align-items-center\">\n<div class=\"col-6 px-2 px-md-3 text-capitalize-first\">tipus de refrigerant: R-32<\/div>\n<\/div>\n<div class=\"row row--striped no-gutters align-items-center\">\n<div class=\"col-6 px-2 px-md-3 text-capitalize-first\">EER:3,6<\/div>\n<div class=\"col-auto text-center pl-0 pr-2\">\n<div class=\"form-check\"><span style=\"font-family: var(--global-body-font-family);\">COP: <\/span><span style=\"font-family: var(--global-body-font-family);\">3,51<\/span><\/div>\n<\/div>\n<\/div>\n<div id=\"showMore\" class=\"show-more collapse show\">\n<div class=\"row row--striped no-gutters align-items-center\">\n<div class=\"col-6 px-2 px-md-3 text-capitalize-first\">SEER efici\u00e8ncia energ\u00e8tica estacional: 6<\/div>\n<\/div>\n<div class=\"row row--striped no-gutters align-items-center\">\n<div class=\"col-6 px-2 px-md-3 text-capitalize-first\">classe efici\u00e8ncia energ\u00e8tica fred: A+<\/div>\n<\/div>\n<div class=\"row row--striped no-gutters align-items-center\">\n<div class=\"col-6 px-2 px-md-3 text-capitalize-first\">SCOP zona clim\u00e0tica interm\u00e8dia: 3,9<\/div>\n<\/div>\n<div class=\"row row--striped no-gutters align-items-center\">\n<div class=\"col-6 px-2 px-md-3 text-capitalize-first\">classe efici\u00e8ncia energ\u00e8tica calor: A<\/div>\n<\/div>\n<div class=\"row row--striped no-gutters align-items-center\">\n<div class=\"col-6 px-2 px-md-3 text-capitalize-first\">voltatge de connexi\u00f3: 230 V<\/div>\n<\/div>\n<\/div>","protected":false},"excerpt":{"rendered":"<p>Aire Acondicionado Cassette \u2013 Eficiencia y Confort en un Solo Equipo El aire acondicionado cassette es la soluci\u00f3n perfecta para quienes buscan una climatizaci\u00f3n eficiente y de alto rendimiento. Con una capacidad nominal de refrigeraci\u00f3n de 7.100 W y una capacidad nominal calor\u00edfica de 8.000 W, este equipo proporciona un ambiente confortable tanto en invierno&#8230;<\/p>","protected":false},"featured_media":6242,"comment_status":"closed","ping_status":"closed","template":"","meta":{"_kad_blocks_custom_css":"","_kad_blocks_head_custom_js":"","_kad_blocks_body_custom_js":"","_kad_blocks_footer_custom_js":"","_kad_post_transparent":"default","_kad_post_title":"","_kad_post_layout":"default","_kad_post_sidebar_id":"","_kad_post_content_style":"default","_kad_post_vertical_padding":"default","_kad_post_feature":"","_kad_post_feature_position":"","_kad_post_header":false,"_kad_post_footer":false,"_joinchat":[]},"product_brand":[],"product_cat":[253],"product_tag":[],"class_list":{"0":"post-6239","1":"product","2":"type-product","3":"status-publish","4":"has-post-thumbnail","6":"product_cat-cassette","8":"first","9":"instock","10":"taxable","11":"shipping-taxable","12":"product-type-external","13":"add-to-wishlist-before_image","14":"entry","15":"content-bg","16":"loop-entry"},"taxonomy_info":{"product_cat":[{"value":253,"label":"Cassette"}]},"featured_image_src_large":["https:\/\/tienda.pujolclima.com\/wp-content\/uploads\/2024\/12\/cassetemitsu.webp",998,1021,false],"author_info":[],"comment_info":0,"_links":{"self":[{"href":"https:\/\/tienda.pujolclima.com\/ca\/wp-json\/wp\/v2\/product\/6239","targetHints":{"allow":["GET"]}}],"collection":[{"href":"https:\/\/tienda.pujolclima.com\/ca\/wp-json\/wp\/v2\/product"}],"about":[{"href":"https:\/\/tienda.pujolclima.com\/ca\/wp-json\/wp\/v2\/types\/product"}],"replies":[{"embeddable":true,"href":"https:\/\/tienda.pujolclima.com\/ca\/wp-json\/wp\/v2\/comments?post=6239"}],"wp:featuredmedia":[{"embeddable":true,"href":"https:\/\/tienda.pujolclima.com\/ca\/wp-json\/wp\/v2\/media\/6242"}],"wp:attachment":[{"href":"https:\/\/tienda.pujolclima.com\/ca\/wp-json\/wp\/v2\/media?parent=6239"}],"wp:term":[{"taxonomy":"product_brand","embeddable":true,"href":"https:\/\/tienda.pujolclima.com\/ca\/wp-json\/wp\/v2\/product_brand?post=6239"},{"taxonomy":"product_cat","embeddable":true,"href":"https:\/\/tienda.pujolclima.com\/ca\/wp-json\/wp\/v2\/product_cat?post=6239"},{"taxonomy":"product_tag","embeddable":true,"href":"https:\/\/tienda.pujolclima.com\/ca\/wp-json\/wp\/v2\/product_tag?post=6239"}],"curies":[{"name":"wp","href":"https:\/\/api.w.org\/{rel}","templated":true}]}}