{"id":6237,"date":"2024-12-17T16:16:31","date_gmt":"2024-12-17T15:16:31","guid":{"rendered":"https:\/\/tienda.pujolclima.com\/?post_type=product&#038;p=6237"},"modified":"2026-03-24T18:13:17","modified_gmt":"2026-03-24T17:13:17","slug":"aire-acondicionado-kosner-r-32-ksti-42-125-plus-evo","status":"publish","type":"product","link":"https:\/\/tienda.pujolclima.com\/ca\/producte\/aire-acondicionado-kosner-r-32-ksti-42-125-plus-evo\/","title":{"rendered":"Aire Condicionat Kosner R-32 KSTI-42\/125 PLUS EVO"},"content":{"rendered":"<div class=\"row row--striped no-gutters align-items-center\">\n<div>\n<p><strong>Aire Condicionat Casset \u2013 Pot\u00e8ncia i Alta Efici\u00e8ncia per al teu Confort<\/strong><\/p>\n<p>L&#039;aire condicionat casset d&#039;\u00faltima generaci\u00f3 \u00e9s l&#039;opci\u00f3 perfecta per garantir una climatitzaci\u00f3 eficient i d&#039;alt rendiment a qualsevol espai. Amb una <strong>capacitat nominal de refrigeraci\u00f3 de 12.100 W<\/strong> i una <strong>capacitat nominal calor\u00edfica de 13.500 W<\/strong>Aquest sistema proporciona un ambient agradable tant a l&#039;hivern com a l&#039;estiu, adaptant-se perfectament a les vostres necessitats.<\/p>\n<p><strong>Caracter\u00edstiques destacades:<\/strong><\/p>\n<ul>\n<li><strong>Consum eficient:<\/strong> La seva <strong>consum nominal de 3.900 W<\/strong> en refrigeraci\u00f3 i <strong>3.970 W<\/strong> en calefacci\u00f3 assegura un rendiment excel\u00b7lent sense un alt cost energ\u00e8tic.<\/li>\n<li><strong>Refrigerant ecol\u00f2gic R-32:<\/strong> Amb l&#039;\u00fas de <strong>R-32<\/strong>, un refrigerant de baix impacte ambiental, aquest equip ofereix una major efici\u00e8ncia i contribueix a la sostenibilitat.<\/li>\n<li><strong>Efici\u00e8ncia energ\u00e8tica avan\u00e7ada:<\/strong> Amb un <strong>EER de 3,1<\/strong> i un <strong>COP de 3,4<\/strong>, l&#039;aire condicionat garanteix un excel\u00b7lent rendiment amb baix consum, tant en mode fred com en mode calor.<\/li>\n<li><strong>Climatitzaci\u00f3 econ\u00f2mica i responsable:<\/strong> La seva <strong>\u00c9SSER de 6,1<\/strong> i <strong>SCOP de 4,1<\/strong> per a zones clim\u00e0tiques interm\u00e8dies asseguren un funcionament eficient durant tot l&#039;any.<\/li>\n<li><strong>Qualificaci\u00f3 energ\u00e8tica destacada:<\/strong> Amb una <strong>classe d&#039;efici\u00e8ncia energ\u00e8tica A++ en fred<\/strong> i <strong>A+ en calefacci\u00f3<\/strong>, aquest equip compleix amb els m\u00e9s alts est\u00e0ndards d&#039;estalvi energ\u00e8ticModel unitat interior: casset<\/li>\n<li>Capacitat nominal refrigeraci\u00f3: <span style=\"font-family: var(--global-body-font-family);\">12.100 W<\/span><\/li>\n<\/ul>\n<\/div>\n<\/div>\n<div class=\"row row--striped no-gutters align-items-center\">\n<div class=\"col col-md-2 text-right text-sm my-auto\"><span style=\"font-family: var(--global-body-font-family);\">Capacitat nominal calor\u00edfica: <\/span><span style=\"font-family: var(--global-body-font-family);\">13.500 W<\/span><\/div>\n<\/div>\n<div class=\"row row--striped no-gutters align-items-center\">\n<div class=\"col-6 px-2 px-md-3 text-capitalize-first\">Consum nominal refrigeraci\u00f3: 3.900 W<\/div>\n<\/div>\n<div class=\"row row--striped no-gutters align-items-center\">\n<div class=\"col-6 px-2 px-md-3 text-capitalize-first\">Consum nominal calor\u00edfic: 3.970 W<\/div>\n<\/div>\n<div class=\"row row--striped no-gutters align-items-center\">\n<div class=\"col-6 px-2 px-md-3 text-capitalize-first\">Tipus de refrigerant: R-32<\/div>\n<\/div>\n<div class=\"row row--striped no-gutters align-items-center\">\n<div class=\"col-6 px-2 px-md-3 text-capitalize-first\">EER: 3,1<\/div>\n<\/div>\n<div class=\"row row--striped no-gutters align-items-center\">\n<div class=\"col-6 px-2 px-md-3 text-capitalize-first\">COP: 3,4<\/div>\n<\/div>\n<div id=\"showMore\" class=\"show-more collapse show\">\n<div class=\"row row--striped no-gutters align-items-center\">\n<div class=\"col-6 px-2 px-md-3 text-capitalize-first\">SEER efici\u00e8ncia energ\u00e8tica estacional: 6,1<\/div>\n<\/div>\n<div class=\"row row--striped no-gutters align-items-center\">\n<div class=\"col-6 px-2 px-md-3 text-capitalize-first\">classe efici\u00e8ncia energ\u00e8tica fred: A++<\/div>\n<\/div>\n<div class=\"row row--striped no-gutters align-items-center\">\n<div class=\"col-6 px-2 px-md-3 text-capitalize-first\">SCOP zona clim\u00e0tica interm\u00e8dia: 4,1<\/div>\n<\/div>\n<div class=\"row row--striped no-gutters align-items-center\">\n<div class=\"col-6 px-2 px-md-3 text-capitalize-first\">Classe efici\u00e8ncia energ\u00e8tica calor: A+<\/div>\n<div class=\"col col-md-2 text-right text-sm my-auto\"><span style=\"font-family: var(--global-body-font-family);\">Voltatge de connexi\u00f3: <\/span><span style=\"font-family: var(--global-body-font-family);\">220\/240 V<\/span><\/div>\n<\/div>\n<\/div>","protected":false},"excerpt":{"rendered":"<p>Aire Acondicionado Cassette \u2013 Potencia y Alta Eficiencia para tu Confort El aire acondicionado cassette de \u00faltima generaci\u00f3n es la opci\u00f3n perfecta para garantizar una climatizaci\u00f3n eficiente y de alto rendimiento en cualquier espacio. Con una capacidad nominal de refrigeraci\u00f3n de 12.100 W y una capacidad nominal calor\u00edfica de 13.500 W, este sistema proporciona un&#8230;<\/p>","protected":false},"featured_media":6241,"comment_status":"closed","ping_status":"closed","template":"","meta":{"_kad_blocks_custom_css":"","_kad_blocks_head_custom_js":"","_kad_blocks_body_custom_js":"","_kad_blocks_footer_custom_js":"","_kad_post_transparent":"default","_kad_post_title":"","_kad_post_layout":"default","_kad_post_sidebar_id":"","_kad_post_content_style":"default","_kad_post_vertical_padding":"default","_kad_post_feature":"","_kad_post_feature_position":"","_kad_post_header":false,"_kad_post_footer":false,"_joinchat":[]},"product_brand":[],"product_cat":[253],"product_tag":[],"class_list":{"0":"post-6237","1":"product","2":"type-product","3":"status-publish","4":"has-post-thumbnail","6":"product_cat-cassette","8":"first","9":"instock","10":"taxable","11":"shipping-taxable","12":"product-type-external","13":"add-to-wishlist-before_image","14":"entry","15":"content-bg","16":"loop-entry"},"taxonomy_info":{"product_cat":[{"value":253,"label":"Cassette"}]},"featured_image_src_large":["https:\/\/tienda.pujolclima.com\/wp-content\/uploads\/2024\/12\/equipo-interior-cassette-inverter-compacto-kosner-modelo-ksti-42-125-cs.avif",600,563,false],"author_info":[],"comment_info":0,"_links":{"self":[{"href":"https:\/\/tienda.pujolclima.com\/ca\/wp-json\/wp\/v2\/product\/6237","targetHints":{"allow":["GET"]}}],"collection":[{"href":"https:\/\/tienda.pujolclima.com\/ca\/wp-json\/wp\/v2\/product"}],"about":[{"href":"https:\/\/tienda.pujolclima.com\/ca\/wp-json\/wp\/v2\/types\/product"}],"replies":[{"embeddable":true,"href":"https:\/\/tienda.pujolclima.com\/ca\/wp-json\/wp\/v2\/comments?post=6237"}],"wp:featuredmedia":[{"embeddable":true,"href":"https:\/\/tienda.pujolclima.com\/ca\/wp-json\/wp\/v2\/media\/6241"}],"wp:attachment":[{"href":"https:\/\/tienda.pujolclima.com\/ca\/wp-json\/wp\/v2\/media?parent=6237"}],"wp:term":[{"taxonomy":"product_brand","embeddable":true,"href":"https:\/\/tienda.pujolclima.com\/ca\/wp-json\/wp\/v2\/product_brand?post=6237"},{"taxonomy":"product_cat","embeddable":true,"href":"https:\/\/tienda.pujolclima.com\/ca\/wp-json\/wp\/v2\/product_cat?post=6237"},{"taxonomy":"product_tag","embeddable":true,"href":"https:\/\/tienda.pujolclima.com\/ca\/wp-json\/wp\/v2\/product_tag?post=6237"}],"curies":[{"name":"wp","href":"https:\/\/api.w.org\/{rel}","templated":true}]}}