{"id":6227,"date":"2024-12-17T15:45:03","date_gmt":"2024-12-17T14:45:03","guid":{"rendered":"https:\/\/tienda.pujolclima.com\/?post_type=product&#038;p=6227"},"modified":"2026-03-24T18:18:06","modified_gmt":"2026-03-24T17:18:06","slug":"aire-acondicionado-suelo-johnson-r32-3025fg-a","status":"publish","type":"product","link":"https:\/\/tienda.pujolclima.com\/ca\/producte\/aire-acondicionado-suelo-johnson-r32-3025fg-a\/","title":{"rendered":"Aire Condicionat terra JOHNSON R32 3025fg A++"},"content":{"rendered":"<p>Caracter\u00edstiques:<\/p>\n<p>Consola S\u00f2l S\u00e8rie JPMV3<br \/>\nRefrigerant R32<br \/>\nDisseny senzill i elegant<br \/>\nUna entrada d\u02bbaire i dues sortides perqu\u00e8 el flux arribi a<br \/>\ntots els racons de l&#039;habitaci\u00f3<br \/>\nCompatible amb els sistemes multi &#039;MultiComfort3&#039;<br \/>\nConnexi\u00f3 Wi-Fi opcional amb accessori.<br \/>\nAlexa i Google Home<\/p>\n<p>REFRIGERACI\u00d3<br \/>\nCapacitat Nominal kW 3,52 (0,76-4,25)<br \/>\nFrigories fg\/h 3.026 (656-3.656)<br \/>\nClasse energ\u00e8tica A++<br \/>\n\u00c9SSER 7,3<br \/>\nConsum nominal kW 1 (0,17-1,35)<br \/>\nIntensitat A 4,52(1,4-5,9)<br \/>\nCALEFACCI\u00d3<br \/>\nCapacitat Nominal kW 3,81 (0,45-4,69)<br \/>\nQuilocalories Kcal\/h 3.278 (391-4.035)<br \/>\nCapacitat a -7\u00baC kW 3,04 \u2013 3,21<br \/>\nClasse energ\u00e8tica A+<br \/>\nSCOP 4<br \/>\nConsum nominal kW 0,98 (0,15-1,3)<br \/>\nConsum a -7\u00baC kW 1,35-1,43<br \/>\nIntensitat A 4,43 (1,25-5,95)<br \/>\nUNITAT INTERIOR<br \/>\nNivell de pressi\u00f3 sonora dB(A) 37\/34\/27\/23<br \/>\nCabal d&#039;aire m3\/h 650\/580\/490<br \/>\nDimensions externes (AnxAlxFon) mm 794x621x206<br \/>\nDimensions de l&#039;embalatge (AnxAlxFon) mm 865x719x280<br \/>\nPes net\/Pes brut Kg 14,9\/18,8<\/p>","protected":false},"excerpt":{"rendered":"<p>Caracter\u00edsticas: Consola Suelo Serie JPMV3 Refrigerante R32 Dise\u00f1o sencillo y elegante Una entrada de aire y dos salidas para que el flujo llegue a todos los rincones de la habitaci\u00f3n Compatible con los sistemas multi \u2018MultiComfort3\u2019 Conexi\u00f3n Wi-Fi opcional con accesorio. Compatible con control por voz de Alexa y Google Home REFRIGERACI\u00d3N Capacidad Nominal kW&#8230;<\/p>","protected":false},"featured_media":6228,"comment_status":"closed","ping_status":"closed","template":"","meta":{"_kad_blocks_custom_css":"","_kad_blocks_head_custom_js":"","_kad_blocks_body_custom_js":"","_kad_blocks_footer_custom_js":"","_kad_post_transparent":"default","_kad_post_title":"","_kad_post_layout":"default","_kad_post_sidebar_id":"","_kad_post_content_style":"default","_kad_post_vertical_padding":"default","_kad_post_feature":"","_kad_post_feature_position":"","_kad_post_header":false,"_kad_post_footer":false,"_joinchat":[]},"product_brand":[],"product_cat":[252],"product_tag":[],"class_list":{"0":"post-6227","1":"product","2":"type-product","3":"status-publish","4":"has-post-thumbnail","6":"product_cat-suelo-techo","8":"first","9":"instock","10":"taxable","11":"shipping-taxable","12":"product-type-external","13":"add-to-wishlist-before_image","14":"entry","15":"content-bg","16":"loop-entry"},"taxonomy_info":{"product_cat":[{"value":252,"label":"Suelo \/ Techo"}]},"featured_image_src_large":["https:\/\/tienda.pujolclima.com\/wp-content\/uploads\/2024\/12\/jpm35v3k.jpg",768,768,false],"author_info":[],"comment_info":0,"_links":{"self":[{"href":"https:\/\/tienda.pujolclima.com\/ca\/wp-json\/wp\/v2\/product\/6227","targetHints":{"allow":["GET"]}}],"collection":[{"href":"https:\/\/tienda.pujolclima.com\/ca\/wp-json\/wp\/v2\/product"}],"about":[{"href":"https:\/\/tienda.pujolclima.com\/ca\/wp-json\/wp\/v2\/types\/product"}],"replies":[{"embeddable":true,"href":"https:\/\/tienda.pujolclima.com\/ca\/wp-json\/wp\/v2\/comments?post=6227"}],"wp:featuredmedia":[{"embeddable":true,"href":"https:\/\/tienda.pujolclima.com\/ca\/wp-json\/wp\/v2\/media\/6228"}],"wp:attachment":[{"href":"https:\/\/tienda.pujolclima.com\/ca\/wp-json\/wp\/v2\/media?parent=6227"}],"wp:term":[{"taxonomy":"product_brand","embeddable":true,"href":"https:\/\/tienda.pujolclima.com\/ca\/wp-json\/wp\/v2\/product_brand?post=6227"},{"taxonomy":"product_cat","embeddable":true,"href":"https:\/\/tienda.pujolclima.com\/ca\/wp-json\/wp\/v2\/product_cat?post=6227"},{"taxonomy":"product_tag","embeddable":true,"href":"https:\/\/tienda.pujolclima.com\/ca\/wp-json\/wp\/v2\/product_tag?post=6227"}],"curies":[{"name":"wp","href":"https:\/\/api.w.org\/{rel}","templated":true}]}}