{"id":6087,"date":"2024-12-04T15:25:07","date_gmt":"2024-12-04T14:25:07","guid":{"rendered":"https:\/\/tienda.pujolclima.com\/?post_type=product&#038;p=6087"},"modified":"2026-03-24T18:21:34","modified_gmt":"2026-03-24T17:21:34","slug":"termo-electrico-johnson-50l-60x45x45-1500w-bl","status":"publish","type":"product","link":"https:\/\/tienda.pujolclima.com\/ca\/producte\/termo-electrico-johnson-50l-60x45x45-1500w-bl\/","title":{"rendered":"TERME EL\u00c8CTRIC JOHNSON 50L 60X45X45 1500W BL"},"content":{"rendered":"<p>Caracter\u00edstiques<br \/>\nClasse energ\u00e8tica C<br \/>\nTanc esmaltat<br \/>\nResist\u00e8ncia esmaltada<br \/>\nTerm\u00f2stat temperatura<br \/>\nProtecci\u00f3 contra sobrepressi\u00f3<br \/>\nControl monocomandament<br \/>\nApagat autom\u00e0tic en buit<br \/>\nManeguet electrol\u00edtic<br \/>\nProtecci\u00f3 a l&#039;aigua IPX4<br \/>\nPot\u00e8ncia nominal (W): 1.500<br \/>\nGruix a\u00efllament: 20 mm<br \/>\nPressi\u00f3 nominal (MPa): 0,75<br \/>\nInstal\u00b7laci\u00f3 vertical<\/p>","protected":false},"excerpt":{"rendered":"<p>Caracter\u00edstiques Classe energ\u00e8tica C Tanc esmaltat Resist\u00e8ncia esmaltada Term\u00f2stat temperatura Protecci\u00f3 contra sobrepressi\u00f3 Control monocomandament Apagat autom\u00e0tic en buit Maniguet electrol\u00edtic Protecci\u00f3 a l&#039;aigua IPX4 Pot\u00e8ncia nominal (W): 1.500 Gruix a\u00efllament: 20 mm Pressi\u00f3 nominal (MPa): 0,75 Instal\u00b7laci\u00f3 vertical<\/p>","protected":false},"featured_media":6088,"comment_status":"open","ping_status":"closed","template":"","meta":{"_kad_blocks_custom_css":"","_kad_blocks_head_custom_js":"","_kad_blocks_body_custom_js":"","_kad_blocks_footer_custom_js":"","_kad_post_transparent":"default","_kad_post_title":"","_kad_post_layout":"default","_kad_post_sidebar_id":"","_kad_post_content_style":"default","_kad_post_vertical_padding":"default","_kad_post_feature":"","_kad_post_feature_position":"","_kad_post_header":false,"_kad_post_footer":false,"_joinchat":[]},"product_brand":[],"product_cat":[257],"product_tag":[],"class_list":{"0":"post-6087","1":"product","2":"type-product","3":"status-publish","4":"has-post-thumbnail","6":"product_cat-calentadores","8":"first","9":"instock","10":"taxable","11":"shipping-taxable","12":"product-type-external","13":"add-to-wishlist-before_image","14":"entry","15":"content-bg","16":"loop-entry"},"taxonomy_info":{"product_cat":[{"value":257,"label":"Calentadores"}]},"featured_image_src_large":["https:\/\/tienda.pujolclima.com\/wp-content\/uploads\/2024\/12\/radium50_1.jpg",768,768,false],"author_info":[],"comment_info":0,"_links":{"self":[{"href":"https:\/\/tienda.pujolclima.com\/ca\/wp-json\/wp\/v2\/product\/6087","targetHints":{"allow":["GET"]}}],"collection":[{"href":"https:\/\/tienda.pujolclima.com\/ca\/wp-json\/wp\/v2\/product"}],"about":[{"href":"https:\/\/tienda.pujolclima.com\/ca\/wp-json\/wp\/v2\/types\/product"}],"replies":[{"embeddable":true,"href":"https:\/\/tienda.pujolclima.com\/ca\/wp-json\/wp\/v2\/comments?post=6087"}],"wp:featuredmedia":[{"embeddable":true,"href":"https:\/\/tienda.pujolclima.com\/ca\/wp-json\/wp\/v2\/media\/6088"}],"wp:attachment":[{"href":"https:\/\/tienda.pujolclima.com\/ca\/wp-json\/wp\/v2\/media?parent=6087"}],"wp:term":[{"taxonomy":"product_brand","embeddable":true,"href":"https:\/\/tienda.pujolclima.com\/ca\/wp-json\/wp\/v2\/product_brand?post=6087"},{"taxonomy":"product_cat","embeddable":true,"href":"https:\/\/tienda.pujolclima.com\/ca\/wp-json\/wp\/v2\/product_cat?post=6087"},{"taxonomy":"product_tag","embeddable":true,"href":"https:\/\/tienda.pujolclima.com\/ca\/wp-json\/wp\/v2\/product_tag?post=6087"}],"curies":[{"name":"wp","href":"https:\/\/api.w.org\/{rel}","templated":true}]}}