{"id":6080,"date":"2024-12-04T15:14:58","date_gmt":"2024-12-04T14:14:58","guid":{"rendered":"https:\/\/tienda.pujolclima.com\/?post_type=product&#038;p=6080"},"modified":"2026-03-24T18:24:23","modified_gmt":"2026-03-24T17:24:23","slug":"avasecadora-johnson-cf-10kk-7kg-1500rpm-clase-a-d-inverter-blanca","status":"publish","type":"product","link":"https:\/\/tienda.pujolclima.com\/ca\/producte\/avasecadora-johnson-cf-10kk-7kg-1500rpm-clase-a-d-inverter-blanca\/","title":{"rendered":"RENTASECADORA JOHNSON CF 10KK\/7KG 1500RPM INVERTER BLANCA"},"content":{"rendered":"<p>Lavasecadora Gamma Nervi\u00f3<br \/>\nColor Blanc<br \/>\nCapacitat de rentat 10 Kg<br \/>\nCapacitat d&#039;assecatge 7 Kg<br \/>\nCentrifugat fins a 1.500 rpm<br \/>\nClasse energ\u00e8tica Rentat \/ Funcionament complet A\/D<br \/>\nClasse energ\u00e8tica de centrifugat B<br \/>\nMotor INVERTER<br \/>\nFocusClean: Rentat espec\u00edfic per a 5 tipus de taques diferents<br \/>\n(menjar, beguda, esport, brut\u00edcia de treball, cosm\u00e8tics)<br \/>\nVapCare: Etapa addicional de rentat amb vapor per eliminar olors<br \/>\nEffiload: Sensors que mesuren el pes de la bugada per ajustar<br \/>\nel consum d&#039;aigua i electricitat<br \/>\nFunci\u00f3 Speed: Redueix la durada del programa<br \/>\nFunci\u00f3 Prerentat<br \/>\nFunci\u00f3 Programa El meu Preferit<br \/>\nFunci\u00f3 aclarida extra antial\u00b7l\u00e8rgens<br \/>\nBloqueig infantil<\/p>\n<p>Funci\u00f3 mem\u00f2ria<br \/>\nOpci\u00f3 silenciador d&#039;avisos<br \/>\nDisplay Digital LED<br \/>\nPrograma ECO<br \/>\nProgrames expr\u00e9s 15&#039;<br \/>\nPrograma Rentat i Assecat en una hora<br \/>\nPrograma autoneteja del tambor<br \/>\nObertura instant\u00e0nia de la porta<br \/>\nPorta Gegant<br \/>\nDisseny del tambor Qcare per a una major cura de les<br \/>\npeces<br \/>\nSelector de Temperatura<br \/>\nSelector de Centrifugat<br \/>\nSelector de Nivell d&#039;assecat<br \/>\nBot\u00f3 Inici\/Pausa<br \/>\n14 Programes<br \/>\nInici diferit<br \/>\nDimensions (AlxAnxFon cm): 85x60x57<\/p>","protected":false},"excerpt":{"rendered":"<p>Lavasecadora Gama Nervi\u00f3n Color Blanco Capacidad de lavado 10 Kg Capacidad de secado 7 Kg Centrifugado hasta 1.500 rpm Clase energ\u00e9tica Lavado \/ Funcionamiento completo A\/D Clase energ\u00e9tica de centrifugado B Motor INVERTER FocusClean: Lavado espec\u00edfico para 5 tipo de manchas distintas (comida, bebida, deporte, suciedad de trabajo, cosm\u00e9ticos) VapCare: Etapa adicional de lavado con&#8230;<\/p>","protected":false},"featured_media":6081,"comment_status":"open","ping_status":"closed","template":"","meta":{"_kad_blocks_custom_css":"","_kad_blocks_head_custom_js":"","_kad_blocks_body_custom_js":"","_kad_blocks_footer_custom_js":"","_kad_post_transparent":"default","_kad_post_title":"","_kad_post_layout":"default","_kad_post_sidebar_id":"","_kad_post_content_style":"default","_kad_post_vertical_padding":"default","_kad_post_feature":"","_kad_post_feature_position":"","_kad_post_header":false,"_kad_post_footer":false,"_joinchat":[]},"product_brand":[],"product_cat":[270],"product_tag":[],"class_list":{"0":"post-6080","1":"product","2":"type-product","3":"status-publish","4":"has-post-thumbnail","6":"product_cat-lavadoras-secadoras","8":"first","9":"instock","10":"taxable","11":"shipping-taxable","12":"product-type-external","13":"add-to-wishlist-before_image","14":"entry","15":"content-bg","16":"loop-entry"},"taxonomy_info":{"product_cat":[{"value":270,"label":"Lavadoras \/ Secadoras"}]},"featured_image_src_large":["https:\/\/tienda.pujolclima.com\/wp-content\/uploads\/2024\/12\/nervion107dry.jpg",768,768,false],"author_info":[],"comment_info":0,"_links":{"self":[{"href":"https:\/\/tienda.pujolclima.com\/ca\/wp-json\/wp\/v2\/product\/6080","targetHints":{"allow":["GET"]}}],"collection":[{"href":"https:\/\/tienda.pujolclima.com\/ca\/wp-json\/wp\/v2\/product"}],"about":[{"href":"https:\/\/tienda.pujolclima.com\/ca\/wp-json\/wp\/v2\/types\/product"}],"replies":[{"embeddable":true,"href":"https:\/\/tienda.pujolclima.com\/ca\/wp-json\/wp\/v2\/comments?post=6080"}],"wp:featuredmedia":[{"embeddable":true,"href":"https:\/\/tienda.pujolclima.com\/ca\/wp-json\/wp\/v2\/media\/6081"}],"wp:attachment":[{"href":"https:\/\/tienda.pujolclima.com\/ca\/wp-json\/wp\/v2\/media?parent=6080"}],"wp:term":[{"taxonomy":"product_brand","embeddable":true,"href":"https:\/\/tienda.pujolclima.com\/ca\/wp-json\/wp\/v2\/product_brand?post=6080"},{"taxonomy":"product_cat","embeddable":true,"href":"https:\/\/tienda.pujolclima.com\/ca\/wp-json\/wp\/v2\/product_cat?post=6080"},{"taxonomy":"product_tag","embeddable":true,"href":"https:\/\/tienda.pujolclima.com\/ca\/wp-json\/wp\/v2\/product_tag?post=6080"}],"curies":[{"name":"wp","href":"https:\/\/api.w.org\/{rel}","templated":true}]}}