{"id":6076,"date":"2024-12-04T15:09:22","date_gmt":"2024-12-04T14:09:22","guid":{"rendered":"https:\/\/tienda.pujolclima.com\/?post_type=product&#038;p=6076"},"modified":"2026-03-24T18:26:18","modified_gmt":"2026-03-24T17:26:18","slug":"secadora-johnson-8kg-bomba-de-calor-a-display","status":"publish","type":"product","link":"https:\/\/tienda.pujolclima.com\/ca\/producte\/secadora-johnson-8kg-bomba-de-calor-a-display\/","title":{"rendered":"SECADORA JOHNSON 8KG BOMBA DE CALOR A++ DISPLAY"},"content":{"rendered":"<p>Assecadora Gamma JDRY<br \/>\nColor Blanc<br \/>\nCapacitat 8 Kg<br \/>\nTipus d&#039;assecatge: Bomba de calor<br \/>\nClasse energ\u00e8tica A++<br \/>\nTerm\u00f2stat de seguretat<br \/>\nControl electr\u00f2nic<br \/>\nDisplay Digital LED<br \/>\nControl electr\u00f2nic de l&#039;assecatge<br \/>\nIndicador de temps restant<br \/>\nPossibilitat de connexi\u00f3 a desgu\u00e0s<br \/>\nSensor d&#039;humitat<br \/>\nFunci\u00f3 antiarrugues<\/p>\n<p>Funci\u00f3 Programa El meu Preferit<br \/>\nSelector de nivell d&#039;assecat<br \/>\nSelecci\u00f3 de temps<br \/>\nInici Diferit<br \/>\nAv\u00eds de neteja de filtre<br \/>\nAv\u00eds de dip\u00f2sit d&#039;aigua ple<br \/>\n16 Programes d&#039;assecatge<br \/>\nBloqueig infantil<br \/>\nPorta transparent<br \/>\nObertura de porta 180 \u00ba<br \/>\nBot\u00f3 Inici\/Pausa<br \/>\nRefrigerant R290\/GWP:3\/CO2<br \/>\n:0t<br \/>\nDimensions (AlxAnxFon cm): 84,5\u00d759,5\u00d760<\/p>","protected":false},"excerpt":{"rendered":"<p>Secadora Gama JDRY Color Blanco Capacidad 8 Kg Tipo de secado: Bomba de calor Clase energ\u00e9tica A++ Termostato de seguridad Control electr\u00f3nico Display Digital LED Control electr\u00f3nico del secado Indicador de tiempo restante Posibilidad de conexi\u00f3n a desag\u00fce Sensor de humedad Funci\u00f3n antiarrugas Funci\u00f3n Programa Mi Favorito Selector de nivel de secado Selecci\u00f3n de tiempo&#8230;<\/p>","protected":false},"featured_media":6077,"comment_status":"open","ping_status":"closed","template":"","meta":{"_kad_blocks_custom_css":"","_kad_blocks_head_custom_js":"","_kad_blocks_body_custom_js":"","_kad_blocks_footer_custom_js":"","_kad_post_transparent":"default","_kad_post_title":"","_kad_post_layout":"default","_kad_post_sidebar_id":"","_kad_post_content_style":"default","_kad_post_vertical_padding":"default","_kad_post_feature":"","_kad_post_feature_position":"","_kad_post_header":false,"_kad_post_footer":false,"_joinchat":[]},"product_brand":[],"product_cat":[270],"product_tag":[],"class_list":{"0":"post-6076","1":"product","2":"type-product","3":"status-publish","4":"has-post-thumbnail","6":"product_cat-lavadoras-secadoras","8":"first","9":"instock","10":"taxable","11":"shipping-taxable","12":"product-type-external","13":"add-to-wishlist-before_image","14":"entry","15":"content-bg","16":"loop-entry"},"taxonomy_info":{"product_cat":[{"value":270,"label":"Lavadoras \/ Secadoras"}]},"featured_image_src_large":["https:\/\/tienda.pujolclima.com\/wp-content\/uploads\/2024\/12\/jdry8b1.jpg",768,768,false],"author_info":[],"comment_info":0,"_links":{"self":[{"href":"https:\/\/tienda.pujolclima.com\/ca\/wp-json\/wp\/v2\/product\/6076","targetHints":{"allow":["GET"]}}],"collection":[{"href":"https:\/\/tienda.pujolclima.com\/ca\/wp-json\/wp\/v2\/product"}],"about":[{"href":"https:\/\/tienda.pujolclima.com\/ca\/wp-json\/wp\/v2\/types\/product"}],"replies":[{"embeddable":true,"href":"https:\/\/tienda.pujolclima.com\/ca\/wp-json\/wp\/v2\/comments?post=6076"}],"wp:featuredmedia":[{"embeddable":true,"href":"https:\/\/tienda.pujolclima.com\/ca\/wp-json\/wp\/v2\/media\/6077"}],"wp:attachment":[{"href":"https:\/\/tienda.pujolclima.com\/ca\/wp-json\/wp\/v2\/media?parent=6076"}],"wp:term":[{"taxonomy":"product_brand","embeddable":true,"href":"https:\/\/tienda.pujolclima.com\/ca\/wp-json\/wp\/v2\/product_brand?post=6076"},{"taxonomy":"product_cat","embeddable":true,"href":"https:\/\/tienda.pujolclima.com\/ca\/wp-json\/wp\/v2\/product_cat?post=6076"},{"taxonomy":"product_tag","embeddable":true,"href":"https:\/\/tienda.pujolclima.com\/ca\/wp-json\/wp\/v2\/product_tag?post=6076"}],"curies":[{"name":"wp","href":"https:\/\/api.w.org\/{rel}","templated":true}]}}