{"id":6072,"date":"2024-12-04T15:05:00","date_gmt":"2024-12-04T14:05:00","guid":{"rendered":"https:\/\/tienda.pujolclima.com\/?post_type=product&#038;p=6072"},"modified":"2026-03-24T18:27:43","modified_gmt":"2026-03-24T17:27:43","slug":"lavadora-johnson-cs-8kg-1300rpm-nervion-clase-a-inverter-blanca","status":"publish","type":"product","link":"https:\/\/tienda.pujolclima.com\/ca\/producte\/lavadora-johnson-cs-8kg-1300rpm-nervion-clase-a-inverter-blanca\/","title":{"rendered":"RENTADORA JOHNSON CS 8KG 1300RPM NERVI\u00d3 CLASSE A INVERTER BLANCA"},"content":{"rendered":"<p>Rentadora C\u00e0rrega Superior Gamma M\u00d3N<br \/>\nColor Blanc<br \/>\nCapacitat 8 Kg<br \/>\nCentrifugat fins a 1.300 rpm<br \/>\nClasse energ\u00e8tica A\/ De centrifugat B<br \/>\nMotor INVERTER<br \/>\nVapCare: Etapa addicional de rentat amb vapor per eliminar olors<br \/>\nFunci\u00f3 Prerentat<br \/>\nFunci\u00f3 Programa El meu Preferit<br \/>\nFunci\u00f3 aclarida extra antial\u00b7l\u00e8rgens<br \/>\nBloqueig infantil<br \/>\nFunci\u00f3 mem\u00f2ria<\/p>\n<p>Opci\u00f3 silenciador d&#039;avisos<br \/>\nFunci\u00f3 comptador d\u00fas<br \/>\nDisplay Digital LED<br \/>\nPrograma ECO<br \/>\nProgrames expr\u00e9s 15&#039;<br \/>\nPrograma autoneteja del tambor<br \/>\nSelector de Temperatura<br \/>\nSelector de Centrifugat<br \/>\nBot\u00f3 Inici\/Pausa<br \/>\n14 Programes<br \/>\nInici diferit<br \/>\nDimensions (AlxAnxFon cm): 87,5x40x61<\/p>","protected":false},"excerpt":{"rendered":"<p>Lavadora Carga Superior Gama MUNDO Color Blanco Capacidad 8 Kg Centrifugado hasta 1.300 rpm Clase energ\u00e9tica A\/ De centrifugado B Motor INVERTER VapCare: Etapa adicional de lavado con vapor para eliminar olores Funci\u00f3n Prelavado Funci\u00f3n Programa Mi Favorito Funci\u00f3n aclarado extra antial\u00e9rgenos Bloqueo infantil Funci\u00f3n memoria Opci\u00f3n silenciador de avisos Funci\u00f3n contador de uso Display&#8230;<\/p>","protected":false},"featured_media":6073,"comment_status":"open","ping_status":"closed","template":"","meta":{"_kad_blocks_custom_css":"","_kad_blocks_head_custom_js":"","_kad_blocks_body_custom_js":"","_kad_blocks_footer_custom_js":"","_kad_post_transparent":"default","_kad_post_title":"","_kad_post_layout":"default","_kad_post_sidebar_id":"","_kad_post_content_style":"default","_kad_post_vertical_padding":"default","_kad_post_feature":"","_kad_post_feature_position":"","_kad_post_header":false,"_kad_post_footer":false,"_joinchat":[]},"product_brand":[],"product_cat":[270],"product_tag":[],"class_list":{"0":"post-6072","1":"product","2":"type-product","3":"status-publish","4":"has-post-thumbnail","6":"product_cat-lavadoras-secadoras","8":"first","9":"instock","10":"taxable","11":"shipping-taxable","12":"product-type-external","13":"add-to-wishlist-before_image","14":"entry","15":"content-bg","16":"loop-entry"},"taxonomy_info":{"product_cat":[{"value":270,"label":"Lavadoras \/ Secadoras"}]},"featured_image_src_large":["https:\/\/tienda.pujolclima.com\/wp-content\/uploads\/2024\/12\/mundo80.jpg",768,768,false],"author_info":[],"comment_info":0,"_links":{"self":[{"href":"https:\/\/tienda.pujolclima.com\/ca\/wp-json\/wp\/v2\/product\/6072","targetHints":{"allow":["GET"]}}],"collection":[{"href":"https:\/\/tienda.pujolclima.com\/ca\/wp-json\/wp\/v2\/product"}],"about":[{"href":"https:\/\/tienda.pujolclima.com\/ca\/wp-json\/wp\/v2\/types\/product"}],"replies":[{"embeddable":true,"href":"https:\/\/tienda.pujolclima.com\/ca\/wp-json\/wp\/v2\/comments?post=6072"}],"wp:featuredmedia":[{"embeddable":true,"href":"https:\/\/tienda.pujolclima.com\/ca\/wp-json\/wp\/v2\/media\/6073"}],"wp:attachment":[{"href":"https:\/\/tienda.pujolclima.com\/ca\/wp-json\/wp\/v2\/media?parent=6072"}],"wp:term":[{"taxonomy":"product_brand","embeddable":true,"href":"https:\/\/tienda.pujolclima.com\/ca\/wp-json\/wp\/v2\/product_brand?post=6072"},{"taxonomy":"product_cat","embeddable":true,"href":"https:\/\/tienda.pujolclima.com\/ca\/wp-json\/wp\/v2\/product_cat?post=6072"},{"taxonomy":"product_tag","embeddable":true,"href":"https:\/\/tienda.pujolclima.com\/ca\/wp-json\/wp\/v2\/product_tag?post=6072"}],"curies":[{"name":"wp","href":"https:\/\/api.w.org\/{rel}","templated":true}]}}