{"id":6061,"date":"2024-12-04T14:53:37","date_gmt":"2024-12-04T13:53:37","guid":{"rendered":"https:\/\/tienda.pujolclima.com\/?post_type=product&#038;p=6061"},"modified":"2026-03-24T18:31:50","modified_gmt":"2026-03-24T17:31:50","slug":"lavadora-johnson-cf-7kg-1200rpm-display-blanca","status":"publish","type":"product","link":"https:\/\/tienda.pujolclima.com\/ca\/producte\/lavadora-johnson-cf-7kg-1200rpm-display-blanca\/","title":{"rendered":"RENTADORA JOHNSON CF 7KG 1200RPM DISPLAY BLANCA"},"content":{"rendered":"<p>Rentadora Gamma Narcea<br \/>\nColor Blanc<br \/>\nCapacitat 7 Kg<br \/>\nCentrifugat fins a 1.200 rpm<br \/>\nClasse energ\u00e8tica D\/ De centrifugat C<br \/>\nFunci\u00f3 Prerentat<br \/>\nFunci\u00f3 aclarida extra antial\u00b7l\u00e8rgens<br \/>\nFunci\u00f3 mem\u00f2ria<br \/>\nBloqueig infantil<\/p>\n<p>Display Digital LED<br \/>\nPrograma ECO<br \/>\nPrograma de Desinfecci\u00f3<br \/>\nProgrames expr\u00e9s 15&#039; i 45&#039;<br \/>\nSelector de Centrifugat<br \/>\nBot\u00f3 Inici\/Pausa<br \/>\n15 Programes<br \/>\nInici diferit<br \/>\nDimensions (AlxAnxFon cm): 85\u00d759,5\u00d740<\/p>","protected":false},"excerpt":{"rendered":"<p>Rentadora Gamma Narcea Color Blanc Capacitat 7 Kg Centrifugat fins a 1.200 rpm Classe energ\u00e8tica D\/ De centrifugat C Funci\u00f3 Prelavat Funci\u00f3 aclarit extra antial\u00b7l\u00e8rgens Funci\u00f3 mem\u00f2ria Bloqueig infantil Display Digital LED Programa ECO Programa de Desinfecci\u00f3 Programes expr\u00e9s 15&#039; i 45 15 Programes Inici diferit Dimensions (AlxAnxFon cm): 85\u00d759,5\u00d740<\/p>","protected":false},"featured_media":6062,"comment_status":"open","ping_status":"closed","template":"","meta":{"_kad_blocks_custom_css":"","_kad_blocks_head_custom_js":"","_kad_blocks_body_custom_js":"","_kad_blocks_footer_custom_js":"","_kad_post_transparent":"default","_kad_post_title":"","_kad_post_layout":"default","_kad_post_sidebar_id":"","_kad_post_content_style":"default","_kad_post_vertical_padding":"default","_kad_post_feature":"","_kad_post_feature_position":"","_kad_post_header":false,"_kad_post_footer":false,"_joinchat":[]},"product_brand":[],"product_cat":[270],"product_tag":[],"class_list":{"0":"post-6061","1":"product","2":"type-product","3":"status-publish","4":"has-post-thumbnail","6":"product_cat-lavadoras-secadoras","8":"first","9":"instock","10":"taxable","11":"shipping-taxable","12":"product-type-external","13":"add-to-wishlist-before_image","14":"entry","15":"content-bg","16":"loop-entry"},"taxonomy_info":{"product_cat":[{"value":270,"label":"Lavadoras \/ Secadoras"}]},"featured_image_src_large":["https:\/\/tienda.pujolclima.com\/wp-content\/uploads\/2024\/12\/narcea70.jpg",768,768,false],"author_info":[],"comment_info":0,"_links":{"self":[{"href":"https:\/\/tienda.pujolclima.com\/ca\/wp-json\/wp\/v2\/product\/6061","targetHints":{"allow":["GET"]}}],"collection":[{"href":"https:\/\/tienda.pujolclima.com\/ca\/wp-json\/wp\/v2\/product"}],"about":[{"href":"https:\/\/tienda.pujolclima.com\/ca\/wp-json\/wp\/v2\/types\/product"}],"replies":[{"embeddable":true,"href":"https:\/\/tienda.pujolclima.com\/ca\/wp-json\/wp\/v2\/comments?post=6061"}],"wp:featuredmedia":[{"embeddable":true,"href":"https:\/\/tienda.pujolclima.com\/ca\/wp-json\/wp\/v2\/media\/6062"}],"wp:attachment":[{"href":"https:\/\/tienda.pujolclima.com\/ca\/wp-json\/wp\/v2\/media?parent=6061"}],"wp:term":[{"taxonomy":"product_brand","embeddable":true,"href":"https:\/\/tienda.pujolclima.com\/ca\/wp-json\/wp\/v2\/product_brand?post=6061"},{"taxonomy":"product_cat","embeddable":true,"href":"https:\/\/tienda.pujolclima.com\/ca\/wp-json\/wp\/v2\/product_cat?post=6061"},{"taxonomy":"product_tag","embeddable":true,"href":"https:\/\/tienda.pujolclima.com\/ca\/wp-json\/wp\/v2\/product_tag?post=6061"}],"curies":[{"name":"wp","href":"https:\/\/api.w.org\/{rel}","templated":true}]}}