{"id":6040,"date":"2024-12-04T14:34:57","date_gmt":"2024-12-04T13:34:57","guid":{"rendered":"https:\/\/tienda.pujolclima.com\/?post_type=product&#038;p=6040"},"modified":"2026-03-24T18:38:38","modified_gmt":"2026-03-24T17:38:38","slug":"lavadora-johnson-cf-8kg-1400rpm-clase-a-inverter-display-inox","status":"publish","type":"product","link":"https:\/\/tienda.pujolclima.com\/ca\/producte\/lavadora-johnson-cf-8kg-1400rpm-clase-a-inverter-display-inox\/","title":{"rendered":"RENTADORA JOHNSON CF 8KG 1400RPM CLASSE A INVERTER DISPLAY INOX"},"content":{"rendered":"<p>Rentadora Gamma DUERO<br \/>\nInox<br \/>\nCapacitat 8 Kg<br \/>\nCentrifugat fins a 1.400 rpm<br \/>\nClasse energ\u00e8tica A\/ De centrifugat B<br \/>\nMotor INVERTER<br \/>\nVapCare: Etapa addicional de rentat amb vapor per eliminar olors<br \/>\nEffiload: Sensors que mesuren el pes de la bugada per ajustar<br \/>\nel consum d&#039;aigua i electricitat<br \/>\nFunci\u00f3 Prerentat<br \/>\nFunci\u00f3 aclarida extra antial\u00b7l\u00e8rgens<br \/>\nFunci\u00f3 atur m\u00e9s c\u00e0rrega de roba<br \/>\nBloqueig infantil<\/p>\n<p>Funci\u00f3 autoneteja del tambor<br \/>\nFunci\u00f3 mem\u00f2ria<br \/>\nOpci\u00f3 silenciador d&#039;avisos<br \/>\nDisplay Digital LED<br \/>\nPrograma ECO<br \/>\nPrograma expr\u00e9s 18&#039;<br \/>\nObertura instant\u00e0nia de la porta<br \/>\nSelector de Temperatura<br \/>\nSelector de Centrifugat<br \/>\nBot\u00f3 Inici\/Pausa<br \/>\n16 Programes<br \/>\nInici diferit<br \/>\nDimensions (AlxAnxFon cm): 85x60x52<\/p>","protected":false},"excerpt":{"rendered":"<p>Lavadora Gama DUERO Inox Capacidad 8 Kg Centrifugado hasta 1.400 rpm Clase energ\u00e9tica A\/ De centrifugado B Motor INVERTER VapCare: Etapa adicional de lavado con vapor para eliminar olores Effiload: Sensores que miden el peso de la colada para ajustar el consumo de agua y electricidad Funci\u00f3n Prelavado Funci\u00f3n aclarado extra antial\u00e9rgenos Funci\u00f3n paro m\u00e1s&#8230;<\/p>","protected":false},"featured_media":6041,"comment_status":"open","ping_status":"closed","template":"","meta":{"_kad_blocks_custom_css":"","_kad_blocks_head_custom_js":"","_kad_blocks_body_custom_js":"","_kad_blocks_footer_custom_js":"","_kad_post_transparent":"default","_kad_post_title":"","_kad_post_layout":"default","_kad_post_sidebar_id":"","_kad_post_content_style":"default","_kad_post_vertical_padding":"default","_kad_post_feature":"","_kad_post_feature_position":"","_kad_post_header":false,"_kad_post_footer":false,"_joinchat":[]},"product_brand":[],"product_cat":[270],"product_tag":[],"class_list":{"0":"post-6040","1":"product","2":"type-product","3":"status-publish","4":"has-post-thumbnail","6":"product_cat-lavadoras-secadoras","8":"first","9":"instock","10":"taxable","11":"shipping-taxable","12":"product-type-external","13":"add-to-wishlist-before_image","14":"entry","15":"content-bg","16":"loop-entry"},"taxonomy_info":{"product_cat":[{"value":270,"label":"Lavadoras \/ Secadoras"}]},"featured_image_src_large":["https:\/\/tienda.pujolclima.com\/wp-content\/uploads\/2024\/12\/duero80xa.jpg",768,768,false],"author_info":[],"comment_info":0,"_links":{"self":[{"href":"https:\/\/tienda.pujolclima.com\/ca\/wp-json\/wp\/v2\/product\/6040","targetHints":{"allow":["GET"]}}],"collection":[{"href":"https:\/\/tienda.pujolclima.com\/ca\/wp-json\/wp\/v2\/product"}],"about":[{"href":"https:\/\/tienda.pujolclima.com\/ca\/wp-json\/wp\/v2\/types\/product"}],"replies":[{"embeddable":true,"href":"https:\/\/tienda.pujolclima.com\/ca\/wp-json\/wp\/v2\/comments?post=6040"}],"wp:featuredmedia":[{"embeddable":true,"href":"https:\/\/tienda.pujolclima.com\/ca\/wp-json\/wp\/v2\/media\/6041"}],"wp:attachment":[{"href":"https:\/\/tienda.pujolclima.com\/ca\/wp-json\/wp\/v2\/media?parent=6040"}],"wp:term":[{"taxonomy":"product_brand","embeddable":true,"href":"https:\/\/tienda.pujolclima.com\/ca\/wp-json\/wp\/v2\/product_brand?post=6040"},{"taxonomy":"product_cat","embeddable":true,"href":"https:\/\/tienda.pujolclima.com\/ca\/wp-json\/wp\/v2\/product_cat?post=6040"},{"taxonomy":"product_tag","embeddable":true,"href":"https:\/\/tienda.pujolclima.com\/ca\/wp-json\/wp\/v2\/product_tag?post=6040"}],"curies":[{"name":"wp","href":"https:\/\/api.w.org\/{rel}","templated":true}]}}