{"id":6026,"date":"2024-12-04T13:45:07","date_gmt":"2024-12-04T12:45:07","guid":{"rendered":"https:\/\/tienda.pujolclima.com\/?post_type=product&#038;p=6026"},"modified":"2026-03-24T18:42:58","modified_gmt":"2026-03-24T17:42:58","slug":"campana-extraible-johnson-60cm-400m3-h-clase-b-inox","status":"publish","type":"product","link":"https:\/\/tienda.pujolclima.com\/ca\/producte\/campana-extraible-johnson-60cm-400m3-h-clase-b-inox\/","title":{"rendered":"CAMPANA EXTRAIBLE JOHNSON 60CM 400M3\/H CLASSE B INOX"},"content":{"rendered":"<p>Campana telesc\u00f2pica<br \/>\nAmple 60 cm<br \/>\nInox<br \/>\nControl mec\u00e0nic lliscant<br \/>\n3 nivells de pot\u00e8ncia<br \/>\nCapacitat d\u00b4extracci\u00f3: 400 m3<br \/>\n\/h<br \/>\n(M\u00ed: 210 m3<br \/>\n\/h \u2013 M\u00e0x: 400 m3<br \/>\n\/h)<br \/>\nIl\u00b7luminaci\u00f3 LED: 1,5W<\/p>\n<p>2 Filtres d&#039;alumini rentable<br \/>\nClasse energ\u00e8tica B<br \/>\nPot\u00e8ncia motor: 115W\/Pot\u00e8ncia total: 116,5W<br \/>\nPot\u00e8ncia sonora: 67 dB<br \/>\nInstal\u00b7laci\u00f3 en recirculaci\u00f3 opcional<br \/>\n(accessoris filtres de carb\u00f3 TL0860 per separat)<br \/>\nDimensions (AlxAnxFon cm):<br \/>\n17,5 (m\u00edn\/m\u00e0x)x59,5\u00d730,8\/44,3 (m\u00edn\/m\u00e0x)<\/p>","protected":false},"excerpt":{"rendered":"<p>Campana telesc\u00f3pica Ancho 60 cm Inox Control mec\u00e1nico deslizante 3 niveles de potencia Capacidad de extracci\u00f3n: 400 m3 \/h (M\u00edn: 210 m3 \/h &#8211; M\u00e1x: 400 m3 \/h) Iluminaci\u00f3n LED: 1,5W 2 Filtros de aluminio lavable Clase energ\u00e9tica B Potencia motor: 115W\/Potencia total: 116,5W Potencia sonora: 67 dB Instalaci\u00f3n en recirculaci\u00f3n opcional (accesorios filtros de&#8230;<\/p>","protected":false},"featured_media":6027,"comment_status":"open","ping_status":"closed","template":"","meta":{"_kad_blocks_custom_css":"","_kad_blocks_head_custom_js":"","_kad_blocks_body_custom_js":"","_kad_blocks_footer_custom_js":"","_kad_post_transparent":"default","_kad_post_title":"","_kad_post_layout":"default","_kad_post_sidebar_id":"","_kad_post_content_style":"default","_kad_post_vertical_padding":"default","_kad_post_feature":"","_kad_post_feature_position":"","_kad_post_header":false,"_kad_post_footer":false,"_joinchat":[]},"product_brand":[],"product_cat":[268],"product_tag":[],"class_list":{"0":"post-6026","1":"product","2":"type-product","3":"status-publish","4":"has-post-thumbnail","6":"product_cat-campanas","8":"first","9":"instock","10":"taxable","11":"shipping-taxable","12":"product-type-external","13":"add-to-wishlist-before_image","14":"entry","15":"content-bg","16":"loop-entry"},"taxonomy_info":{"product_cat":[{"value":268,"label":"Campanas"}]},"featured_image_src_large":["https:\/\/tienda.pujolclima.com\/wp-content\/uploads\/2024\/12\/eolo60x.jpg",768,768,false],"author_info":[],"comment_info":0,"_links":{"self":[{"href":"https:\/\/tienda.pujolclima.com\/ca\/wp-json\/wp\/v2\/product\/6026","targetHints":{"allow":["GET"]}}],"collection":[{"href":"https:\/\/tienda.pujolclima.com\/ca\/wp-json\/wp\/v2\/product"}],"about":[{"href":"https:\/\/tienda.pujolclima.com\/ca\/wp-json\/wp\/v2\/types\/product"}],"replies":[{"embeddable":true,"href":"https:\/\/tienda.pujolclima.com\/ca\/wp-json\/wp\/v2\/comments?post=6026"}],"wp:featuredmedia":[{"embeddable":true,"href":"https:\/\/tienda.pujolclima.com\/ca\/wp-json\/wp\/v2\/media\/6027"}],"wp:attachment":[{"href":"https:\/\/tienda.pujolclima.com\/ca\/wp-json\/wp\/v2\/media?parent=6026"}],"wp:term":[{"taxonomy":"product_brand","embeddable":true,"href":"https:\/\/tienda.pujolclima.com\/ca\/wp-json\/wp\/v2\/product_brand?post=6026"},{"taxonomy":"product_cat","embeddable":true,"href":"https:\/\/tienda.pujolclima.com\/ca\/wp-json\/wp\/v2\/product_cat?post=6026"},{"taxonomy":"product_tag","embeddable":true,"href":"https:\/\/tienda.pujolclima.com\/ca\/wp-json\/wp\/v2\/product_tag?post=6026"}],"curies":[{"name":"wp","href":"https:\/\/api.w.org\/{rel}","templated":true}]}}