{"id":6016,"date":"2024-12-04T13:32:45","date_gmt":"2024-12-04T12:32:45","guid":{"rendered":"https:\/\/tienda.pujolclima.com\/?post_type=product&#038;p=6016"},"modified":"2026-03-24T18:46:08","modified_gmt":"2026-03-24T17:46:08","slug":"campana-dec-tipo-t-johnson-60cm-tipo-t-800m3-h-cristal-negro-inox","status":"publish","type":"product","link":"https:\/\/tienda.pujolclima.com\/ca\/producte\/campana-dec-tipo-t-johnson-60cm-tipo-t-800m3-h-cristal-negro-inox\/","title":{"rendered":"CAMPANA DEC. TIPUS T JOHNSON 60CM TIPUS T 800M3\/H VIDRE NEGRE\/INOX"},"content":{"rendered":"<p>Campana de paret<br \/>\nAmple 60 cm<br \/>\nFrontal a Cristall Negre<br \/>\nCos Inox<br \/>\nControl t\u00e0ctil<br \/>\nDisplay Digital LED<br \/>\n4 nivells de pot\u00e8ncia<br \/>\nFunci\u00f3 Turbo<br \/>\nCapacitat d\u00b4extracci\u00f3: 800 m3<br \/>\n\/h<br \/>\n(M\u00ed: 280 m3<br \/>\n\/h \u2013 M\u00e0x: 600 m3<br \/>\n\/h \u2013 Turbo: 800 m3<br \/>\n\/h)<br \/>\nIl\u00b7luminaci\u00f3 LED: 2\u00d71,5W<\/p>\n<p>2 Filtres d&#039;alumini rentable de 5 capes<br \/>\nClasse energ\u00e8tica A<br \/>\nPot\u00e8ncia motor: 250W\/Pot\u00e8ncia total: 253W<br \/>\nPot\u00e8ncia sonora: 67 dB<br \/>\nInstal\u00b7laci\u00f3 en recirculaci\u00f3 opcional<br \/>\n(accessoris filtres de carb\u00f3 TL1200 per separat)<br \/>\nDimensions (AlxAnxFon cm):<br \/>\n55\/102 (m\u00edn\/m\u00e0x)x59,8\u00d750<br \/>\n(Tub prolongador color Inox fins a 1 metre TL1701<br \/>\nper separat)<\/p>","protected":false},"excerpt":{"rendered":"<p>Campana de pared Ancho 60 cm Frontal en Cristal Negro Cuerpo Inox Control t\u00e1ctil Display Digital LED 4 niveles de potencia Funci\u00f3n Turbo Capacidad de extracci\u00f3n: 800 m3 \/h (M\u00edn: 280 m3 \/h &#8211; M\u00e1x: 600 m3 \/h &#8211; Turbo: 800 m3 \/h) Iluminaci\u00f3n LED: 2&#215;1,5W 2 Filtros de aluminio lavable de 5 capas Clase&#8230;<\/p>","protected":false},"featured_media":6017,"comment_status":"open","ping_status":"closed","template":"","meta":{"_kad_blocks_custom_css":"","_kad_blocks_head_custom_js":"","_kad_blocks_body_custom_js":"","_kad_blocks_footer_custom_js":"","_kad_post_transparent":"default","_kad_post_title":"","_kad_post_layout":"default","_kad_post_sidebar_id":"","_kad_post_content_style":"default","_kad_post_vertical_padding":"default","_kad_post_feature":"","_kad_post_feature_position":"","_kad_post_header":false,"_kad_post_footer":false,"_joinchat":[]},"product_brand":[],"product_cat":[268],"product_tag":[],"class_list":{"0":"post-6016","1":"product","2":"type-product","3":"status-publish","4":"has-post-thumbnail","6":"product_cat-campanas","8":"first","9":"instock","10":"taxable","11":"shipping-taxable","12":"product-type-external","13":"add-to-wishlist-before_image","14":"entry","15":"content-bg","16":"loop-entry"},"taxonomy_info":{"product_cat":[{"value":268,"label":"Campanas"}]},"featured_image_src_large":["https:\/\/tienda.pujolclima.com\/wp-content\/uploads\/2024\/12\/siroco608nx.jpg",768,768,false],"author_info":[],"comment_info":0,"_links":{"self":[{"href":"https:\/\/tienda.pujolclima.com\/ca\/wp-json\/wp\/v2\/product\/6016","targetHints":{"allow":["GET"]}}],"collection":[{"href":"https:\/\/tienda.pujolclima.com\/ca\/wp-json\/wp\/v2\/product"}],"about":[{"href":"https:\/\/tienda.pujolclima.com\/ca\/wp-json\/wp\/v2\/types\/product"}],"replies":[{"embeddable":true,"href":"https:\/\/tienda.pujolclima.com\/ca\/wp-json\/wp\/v2\/comments?post=6016"}],"wp:featuredmedia":[{"embeddable":true,"href":"https:\/\/tienda.pujolclima.com\/ca\/wp-json\/wp\/v2\/media\/6017"}],"wp:attachment":[{"href":"https:\/\/tienda.pujolclima.com\/ca\/wp-json\/wp\/v2\/media?parent=6016"}],"wp:term":[{"taxonomy":"product_brand","embeddable":true,"href":"https:\/\/tienda.pujolclima.com\/ca\/wp-json\/wp\/v2\/product_brand?post=6016"},{"taxonomy":"product_cat","embeddable":true,"href":"https:\/\/tienda.pujolclima.com\/ca\/wp-json\/wp\/v2\/product_cat?post=6016"},{"taxonomy":"product_tag","embeddable":true,"href":"https:\/\/tienda.pujolclima.com\/ca\/wp-json\/wp\/v2\/product_tag?post=6016"}],"curies":[{"name":"wp","href":"https:\/\/api.w.org\/{rel}","templated":true}]}}