{"id":6008,"date":"2024-12-04T13:17:21","date_gmt":"2024-12-04T12:17:21","guid":{"rendered":"https:\/\/tienda.pujolclima.com\/?post_type=product&#038;p=6008"},"modified":"2026-03-24T18:49:15","modified_gmt":"2026-03-24T17:49:15","slug":"microondas-johnson-25l-900w-grill-1000w-digital-auto-cook-negro","status":"publish","type":"product","link":"https:\/\/tienda.pujolclima.com\/ca\/producte\/microondas-johnson-25l-900w-grill-1000w-digital-auto-cook-negro\/","title":{"rendered":"MICROONES JOHNSON 25L 900W GRILL 1000W DIGITAL AUTO COOK NEGRE"},"content":{"rendered":"<p>Microones Lliure Instal\u00b7laci\u00f3<br \/>\nColor Negre<br \/>\nCapacitat 25 litres<br \/>\nPot\u00e8ncia Microones: 900W<br \/>\nPot\u00e8ncia Grill: 1.000W<br \/>\nControl electr\u00f2nic<br \/>\nDisplay Digital LED<br \/>\nIl\u00b7luminaci\u00f3 interior<br \/>\nGrill simultani<br \/>\nGrill de quars<br \/>\n5 nivells de pot\u00e8ncia<\/p>\n<p>2 nivells de combinaci\u00f3 Microones+Grill<br \/>\nTemporitzador electr\u00f2nic<br \/>\nFunci\u00f3 descongelaci\u00f3 per temps i pes<br \/>\nFunci\u00f3 cocci\u00f3 r\u00e0pida<br \/>\nFunci\u00f3 cocci\u00f3 en diverses fases<br \/>\nFunci\u00f3 de consulta<br \/>\nAutomen\u00fa amb 8 receptes disponibles<br \/>\nBloqueig infantil<br \/>\nDimensions del plat: 288 mm<br \/>\nDimensions (AlxAnxFon cm): 28\u00d746,9\u00d737,7<\/p>","protected":false},"excerpt":{"rendered":"<p>Microondas Libre Instalaci\u00f3n Color Negro Capacidad 25 litros Potencia Microondas: 900W Potencia Grill: 1.000W Control electr\u00f3nico Display Digital LED Iluminaci\u00f3n interior Grill simult\u00e1neo Grill de cuarzo 5 niveles de potencia 2 niveles de combinaci\u00f3n Microondas+Grill Temporizador electr\u00f3nico Funci\u00f3n descongelaci\u00f3n por tiempo y peso Funci\u00f3n cocci\u00f3n r\u00e1pida Funci\u00f3n cocci\u00f3n en varias fases Funci\u00f3n de consulta Automen\u00fa&#8230;<\/p>","protected":false},"featured_media":6009,"comment_status":"open","ping_status":"closed","template":"","meta":{"_kad_blocks_custom_css":"","_kad_blocks_head_custom_js":"","_kad_blocks_body_custom_js":"","_kad_blocks_footer_custom_js":"","_kad_post_transparent":"default","_kad_post_title":"","_kad_post_layout":"default","_kad_post_sidebar_id":"","_kad_post_content_style":"default","_kad_post_vertical_padding":"default","_kad_post_feature":"","_kad_post_feature_position":"","_kad_post_header":false,"_kad_post_footer":false,"_joinchat":[]},"product_brand":[],"product_cat":[271],"product_tag":[],"class_list":{"0":"post-6008","1":"product","2":"type-product","3":"status-publish","4":"has-post-thumbnail","6":"product_cat-microondas","8":"first","9":"instock","10":"taxable","11":"shipping-taxable","12":"product-type-external","13":"add-to-wishlist-before_image","14":"entry","15":"content-bg","16":"loop-entry"},"taxonomy_info":{"product_cat":[{"value":271,"label":"Microondas"}]},"featured_image_src_large":["https:\/\/tienda.pujolclima.com\/wp-content\/uploads\/2024\/12\/jomi25dgn.jpg",768,768,false],"author_info":[],"comment_info":0,"_links":{"self":[{"href":"https:\/\/tienda.pujolclima.com\/ca\/wp-json\/wp\/v2\/product\/6008","targetHints":{"allow":["GET"]}}],"collection":[{"href":"https:\/\/tienda.pujolclima.com\/ca\/wp-json\/wp\/v2\/product"}],"about":[{"href":"https:\/\/tienda.pujolclima.com\/ca\/wp-json\/wp\/v2\/types\/product"}],"replies":[{"embeddable":true,"href":"https:\/\/tienda.pujolclima.com\/ca\/wp-json\/wp\/v2\/comments?post=6008"}],"wp:featuredmedia":[{"embeddable":true,"href":"https:\/\/tienda.pujolclima.com\/ca\/wp-json\/wp\/v2\/media\/6009"}],"wp:attachment":[{"href":"https:\/\/tienda.pujolclima.com\/ca\/wp-json\/wp\/v2\/media?parent=6008"}],"wp:term":[{"taxonomy":"product_brand","embeddable":true,"href":"https:\/\/tienda.pujolclima.com\/ca\/wp-json\/wp\/v2\/product_brand?post=6008"},{"taxonomy":"product_cat","embeddable":true,"href":"https:\/\/tienda.pujolclima.com\/ca\/wp-json\/wp\/v2\/product_cat?post=6008"},{"taxonomy":"product_tag","embeddable":true,"href":"https:\/\/tienda.pujolclima.com\/ca\/wp-json\/wp\/v2\/product_tag?post=6008"}],"curies":[{"name":"wp","href":"https:\/\/api.w.org\/{rel}","templated":true}]}}